{"id":4771,"date":"2024-05-24T11:14:01","date_gmt":"2024-05-24T09:14:01","guid":{"rendered":"http:\/\/personalcity.net\/home\/produkt\/original-mega-faltreflektor-7in1-dynasun-wos2070-150x200cm-xxl-reflektor-tasche\/"},"modified":"2025-04-28T15:46:18","modified_gmt":"2025-04-28T13:46:18","slug":"original-mega-faltreflektor-7in1-dynasun-wos2070-150x200cm-xxl-reflektor-tasche","status":"publish","type":"product","link":"https:\/\/personalcity.net\/home\/produkt\/original-mega-faltreflektor-7in1-dynasun-wos2070-150x200cm-xxl-reflektor-tasche\/","title":{"rendered":"Original Mega Faltreflektor 7in1 DynaSun WOS2070 150x200cm XXL Reflektor +Tasche"},"content":{"rendered":"<p>Original Faltreflektor 7in1 DynaSun WOS2070 150x200cm OVAL MEGA PACK VERSION Zusammenfaltbarer Reflektor Leicht und Handlich In 7 Farben: Golden, Perlewei\u00df, Silbern, Golden\/Silber, Blau, Gr\u00fcn und Soft in einer Nylon-Tragtasche Beschreibung DynaSun WOS2070, 7 in 1 Reflektor-Set, beinhaltet 7 h\u00e4ufig benutzte Reflektoren in heutiger Photographie-Welt. Die reflektierenden Oberfl\u00e4chen sind in einer Tragtasche zu erhalten. Ob Sie die transparente Oberfl\u00e4che, um dem Bild ein sanftes Touch zu geben, oder ob Sie den silbernen Reflektor nutzen, um das Licht einfach zu reflektieren, oder ob Sie den goldenen einsetzen, um dem Licht einen warmen Ton zu geben, alles liegt in Ihren H\u00e4nden. Diese Tasche l\u00e4sst sich zusammen falten, damit sie handlich wird. Lieferumfang * Reflektor DynaSun WOS2070 150x200cm OVAL Goldene Oberfl\u00e4che Perlewei\u00dfe Oberfl\u00e4che Silberne Oberfl\u00e4che Lichtdurchl\u00e4ssige\/Soft Oberfl\u00e4che Gold\/Silber Oberfl\u00e4che Blau Oberfl\u00e4che Gr\u00fcn Oberfl\u00e4che * Tragtasche<\/p>\n","protected":false},"excerpt":{"rendered":"<p>Original Faltreflektor 7in1 DynaSun WOS2070 150x200cm OVAL MEGA PACK VERSION Zusammenfaltbarer Reflektor Leicht und Handlich In 7 Farben: Golden, Perlewei\u00df, Silbern, Golden\/Silber, Blau, Gr\u00fcn und Soft in einer Nylon-Tragtasche Beschreibung DynaSun WOS2070, 7 in 1 Reflektor-Set, beinhaltet 7 h\u00e4ufig benutzte Reflektoren in heutiger Photographie-Welt. Die reflektierenden Oberfl\u00e4chen sind in einer Tragtasche zu erhalten. Ob Sie&hellip; <br \/> <a class=\"read-more\" href=\"https:\/\/personalcity.net\/home\/produkt\/original-mega-faltreflektor-7in1-dynasun-wos2070-150x200cm-xxl-reflektor-tasche\/\">Weiterlesen<\/a><\/p>\n","protected":false},"featured_media":4772,"comment_status":"open","ping_status":"closed","template":"","meta":[],"product_cat":[218],"product_tag":[],"class_list":{"0":"post-4771","1":"product","2":"type-product","3":"status-publish","4":"has-post-thumbnail","6":"product_cat-elektronik","8":"first","9":"outofstock","10":"shipping-taxable","11":"purchasable","12":"product-type-simple"},"_links":{"self":[{"href":"https:\/\/personalcity.net\/home\/wp-json\/wp\/v2\/product\/4771","targetHints":{"allow":["GET"]}}],"collection":[{"href":"https:\/\/personalcity.net\/home\/wp-json\/wp\/v2\/product"}],"about":[{"href":"https:\/\/personalcity.net\/home\/wp-json\/wp\/v2\/types\/product"}],"replies":[{"embeddable":true,"href":"https:\/\/personalcity.net\/home\/wp-json\/wp\/v2\/comments?post=4771"}],"wp:featuredmedia":[{"embeddable":true,"href":"https:\/\/personalcity.net\/home\/wp-json\/wp\/v2\/media\/4772"}],"wp:attachment":[{"href":"https:\/\/personalcity.net\/home\/wp-json\/wp\/v2\/media?parent=4771"}],"wp:term":[{"taxonomy":"product_cat","embeddable":true,"href":"https:\/\/personalcity.net\/home\/wp-json\/wp\/v2\/product_cat?post=4771"},{"taxonomy":"product_tag","embeddable":true,"href":"https:\/\/personalcity.net\/home\/wp-json\/wp\/v2\/product_tag?post=4771"}],"curies":[{"name":"wp","href":"https:\/\/api.w.org\/{rel}","templated":true}]}}