{"id":4775,"date":"2024-05-24T11:14:02","date_gmt":"2024-05-24T09:14:02","guid":{"rendered":"http:\/\/personalcity.net\/home\/produkt\/dynasun-triang-60x60x60cm-faltreflektor-2in1-silber-und-gold-mit-handgriff-zusammenfaltbarer-reflektor-leicht-und-handlich\/"},"modified":"2025-04-28T15:46:17","modified_gmt":"2025-04-28T13:46:17","slug":"dynasun-triang-60x60x60cm-faltreflektor-2in1-silber-und-gold-mit-handgriff-zusammenfaltbarer-reflektor-leicht-und-handlich","status":"publish","type":"product","link":"https:\/\/personalcity.net\/home\/produkt\/dynasun-triang-60x60x60cm-faltreflektor-2in1-silber-und-gold-mit-handgriff-zusammenfaltbarer-reflektor-leicht-und-handlich\/","title":{"rendered":"DynaSun TRIANG 60x60x60cm Faltreflektor 2in1 Silber und Gold mit Handgriff Zusammenfaltbarer Reflektor Leicht und Handlich"},"content":{"rendered":"<p>Original Faltreflektor 2in1 DynaSun TRIANG 60x60x60cm Silber und Gold mit Handgriff Zusammenfaltbarer Reflektor Leicht und Handlich Beschreibung DynaSun TRIANG 2in1 ist ideal zur Regulierung der Motivausleuchtung bei Innenaufnahmen und im Freien.Bbeinhaltet 2 h\u00e4ufig benutzte Reflektoren in heutiger Photographie-Welt. Die goldene Reflektor sorgt f\u00fcr warme Farben und f\u00fcr eine bessere Bildqualit\u00e4t bei Blitzlichtaufnahmen. Die silbene Reflektor gibt hartes Licht f\u00fcr kontrastreiche Bilder. Dieser Faltreflektor ist praktisch wenn mal kein Helfer zur Stelle ist und kann bequem mit dem Handgriff auch vom Fotografen gehalten werden. DynaSun TRIANG 2in1 lass sich mit nur einer Hand halten, so dass die andere Hand f\u00fcr die Kamera frei ist. Die Bespannung ist auf einen stabilen Federrahmen aufgezogen. Der Reflektor l\u00e4sst sich wenigen Handgriffen auch wieder zusammenfalten. Silber: Der silberne Reflektor produziert einen scharfen Kontrast. Er wird \u00f6fter in der Photographie wie Stillleben, Warenpr\u00e4sentation, Portrait eingesetzt. Die feine Oberfl\u00e4che kann hoch stilisiert werden und die Farben werden durch starke Widerspiegelung besser dargestellt. Er wird auch oft in B\/W Photographie eingesetzt. Gold: Der silberne\/goldene Reflektor produziert einen scharfen Kontrast mit sonnigen Effekt. Er wird \u00f6fter in der Photographie wie Stillleben, Warenpr\u00e4sentation, Portrait eingesetzt. Lieferumfang * Reflektor DynaSun 2in1 TRIANG 60x60x60cm Silber\/Gold * Tragtasche<\/p>\n","protected":false},"excerpt":{"rendered":"<p>Original Faltreflektor 2in1 DynaSun TRIANG 60x60x60cm Silber und Gold mit Handgriff Zusammenfaltbarer Reflektor Leicht und Handlich Beschreibung DynaSun TRIANG 2in1 ist ideal zur Regulierung der Motivausleuchtung bei Innenaufnahmen und im Freien.Bbeinhaltet 2 h\u00e4ufig benutzte Reflektoren in heutiger Photographie-Welt. Die goldene Reflektor sorgt f\u00fcr warme Farben und f\u00fcr eine bessere Bildqualit\u00e4t bei Blitzlichtaufnahmen. Die silbene Reflektor&hellip; <br \/> <a class=\"read-more\" href=\"https:\/\/personalcity.net\/home\/produkt\/dynasun-triang-60x60x60cm-faltreflektor-2in1-silber-und-gold-mit-handgriff-zusammenfaltbarer-reflektor-leicht-und-handlich\/\">Weiterlesen<\/a><\/p>\n","protected":false},"featured_media":4776,"comment_status":"open","ping_status":"closed","template":"","meta":[],"product_cat":[218],"product_tag":[],"class_list":{"0":"post-4775","1":"product","2":"type-product","3":"status-publish","4":"has-post-thumbnail","6":"product_cat-elektronik","8":"first","9":"outofstock","10":"shipping-taxable","11":"purchasable","12":"product-type-simple"},"_links":{"self":[{"href":"https:\/\/personalcity.net\/home\/wp-json\/wp\/v2\/product\/4775","targetHints":{"allow":["GET"]}}],"collection":[{"href":"https:\/\/personalcity.net\/home\/wp-json\/wp\/v2\/product"}],"about":[{"href":"https:\/\/personalcity.net\/home\/wp-json\/wp\/v2\/types\/product"}],"replies":[{"embeddable":true,"href":"https:\/\/personalcity.net\/home\/wp-json\/wp\/v2\/comments?post=4775"}],"wp:featuredmedia":[{"embeddable":true,"href":"https:\/\/personalcity.net\/home\/wp-json\/wp\/v2\/media\/4776"}],"wp:attachment":[{"href":"https:\/\/personalcity.net\/home\/wp-json\/wp\/v2\/media?parent=4775"}],"wp:term":[{"taxonomy":"product_cat","embeddable":true,"href":"https:\/\/personalcity.net\/home\/wp-json\/wp\/v2\/product_cat?post=4775"},{"taxonomy":"product_tag","embeddable":true,"href":"https:\/\/personalcity.net\/home\/wp-json\/wp\/v2\/product_tag?post=4775"}],"curies":[{"name":"wp","href":"https:\/\/api.w.org\/{rel}","templated":true}]}}