{"id":4779,"date":"2024-05-24T11:14:04","date_gmt":"2024-05-24T09:14:04","guid":{"rendered":"http:\/\/personalcity.net\/home\/produkt\/original-dynasun-feflektor-grund-faltbar-wos2005-102x153-romantic\/"},"modified":"2025-04-28T15:46:17","modified_gmt":"2025-04-28T13:46:17","slug":"original-dynasun-feflektor-grund-faltbar-wos2005-102x153-romantic","status":"publish","type":"product","link":"https:\/\/personalcity.net\/home\/produkt\/original-dynasun-feflektor-grund-faltbar-wos2005-102x153-romantic\/","title":{"rendered":"ORIGINAL DYNASUN FEFLEKTOR\/GRUND FALTBAR WOS2005 102\u00d7153 ROMANTIC"},"content":{"rendered":"<p>Zusammenfaltbarer Hintergrund Faltreflektor Reflektor faltbar DynaSun RE2005 XXL Romantic + Tasche Hauptfarbe: Blau und Wei\u00df Beschreibung DynaSun WOS2005 k\u00f6nnen Sie leicht zusammenfalten. Sie k\u00f6nnen ihn als Hintergrund einsetzen, in zwei Hauptfarben: Blau und Wei\u00df. Mit DynaSun WOS2005 k\u00f6nnen Sie alles perfekt fotografieren. Lieferumfang * Hintergrund DynaSun WOS2005 102x153cm OVAL in Blau und Wei\u00df * Tragtasche<\/p>\n","protected":false},"excerpt":{"rendered":"<p>Zusammenfaltbarer Hintergrund Faltreflektor Reflektor faltbar DynaSun RE2005 XXL Romantic + Tasche Hauptfarbe: Blau und Wei\u00df Beschreibung DynaSun WOS2005 k\u00f6nnen Sie leicht zusammenfalten. Sie k\u00f6nnen ihn als Hintergrund einsetzen, in zwei Hauptfarben: Blau und Wei\u00df. Mit DynaSun WOS2005 k\u00f6nnen Sie alles perfekt fotografieren. Lieferumfang * Hintergrund DynaSun WOS2005 102x153cm OVAL in Blau und Wei\u00df * Tragtasche<\/p>\n","protected":false},"featured_media":4780,"comment_status":"open","ping_status":"closed","template":"","meta":[],"product_cat":[218],"product_tag":[],"class_list":{"0":"post-4779","1":"product","2":"type-product","3":"status-publish","4":"has-post-thumbnail","6":"product_cat-elektronik","8":"first","9":"outofstock","10":"shipping-taxable","11":"purchasable","12":"product-type-simple"},"_links":{"self":[{"href":"https:\/\/personalcity.net\/home\/wp-json\/wp\/v2\/product\/4779","targetHints":{"allow":["GET"]}}],"collection":[{"href":"https:\/\/personalcity.net\/home\/wp-json\/wp\/v2\/product"}],"about":[{"href":"https:\/\/personalcity.net\/home\/wp-json\/wp\/v2\/types\/product"}],"replies":[{"embeddable":true,"href":"https:\/\/personalcity.net\/home\/wp-json\/wp\/v2\/comments?post=4779"}],"wp:featuredmedia":[{"embeddable":true,"href":"https:\/\/personalcity.net\/home\/wp-json\/wp\/v2\/media\/4780"}],"wp:attachment":[{"href":"https:\/\/personalcity.net\/home\/wp-json\/wp\/v2\/media?parent=4779"}],"wp:term":[{"taxonomy":"product_cat","embeddable":true,"href":"https:\/\/personalcity.net\/home\/wp-json\/wp\/v2\/product_cat?post=4779"},{"taxonomy":"product_tag","embeddable":true,"href":"https:\/\/personalcity.net\/home\/wp-json\/wp\/v2\/product_tag?post=4779"}],"curies":[{"name":"wp","href":"https:\/\/api.w.org\/{rel}","templated":true}]}}