{"id":4785,"date":"2024-05-24T11:14:07","date_gmt":"2024-05-24T09:14:07","guid":{"rendered":"http:\/\/personalcity.net\/home\/produkt\/hintergrund-faltreflektor-2in1-reflektor-faltbar-dynasun-re2010bw-150x200cm-xxl-schwarz-weiss-tasche\/"},"modified":"2025-04-28T15:46:17","modified_gmt":"2025-04-28T13:46:17","slug":"hintergrund-faltreflektor-2in1-reflektor-faltbar-dynasun-re2010bw-150x200cm-xxl-schwarz-weiss-tasche","status":"publish","type":"product","link":"https:\/\/personalcity.net\/home\/produkt\/hintergrund-faltreflektor-2in1-reflektor-faltbar-dynasun-re2010bw-150x200cm-xxl-schwarz-weiss-tasche\/","title":{"rendered":"Hintergrund Faltreflektor 2in1 Reflektor faltbar DynaSun RE2010BW 150x200cm XXL Schwarz-Wei\u00df +Tasche"},"content":{"rendered":"<p>Hintergrund Faltreflektor Falthintergrund 2in1 Reflektor faltbar DynaSun RE2010BW 150x200cm XXL Schwarz-Wei\u00df +Tasche Beschreibung Unser DynaSun RE2010 schwarz\/wei\u00df 150x200cm faltbarer Hintergrund wird viel im Studio oder bei der Dreharbeit angewendet, wo ein Hintergrund digital addiert wird. Mir diesen transportablen Falthintergrund arbeiten Sie flexibel im Studio wie auch im Freien. Die Vorder- und Ruckseite ist in Schwarz und Wei\u00df ausgef\u00fchrt. DynaSun RE2010 schwarz\/wei\u00df ist eine perfekte L\u00f6sung f\u00fcr einen einfach anwendbaren und v\u00f6llig beweglichen Hintergrund. Die Hintergr\u00fcnde sind extrem beweglich (Wahl der Farbe h\u00e4ngt von den dominierenden Farben des Themas). Er ist einfach zu verwenden und einfach zusammenzufalten. Der Falthintergrund kann auf ein Drittel seiner Gr\u00f6\u00dfe zusammengelegt und in der mitgelieferten Transporttasche sicher verstaut und transportiert werden. DynaSun RE2010 ist die beste L\u00f6sung f\u00fcr die Photographen, die nach schnellem und einfachem Aufbau suchen. Technische Daten * Schnell zu faltender Hintergrund, ideal f\u00fcr unterwegs * 2-seitig: wei\u00df zum aufhellen, schwarz zum abschatten * Metallrahmen im Hintergrund eingebaut * Auf ein Drittel zusammenfaltbar, einfach zu transportieren * Ideal f\u00fcr Foto-Shooting \u00fcberall * Farbe: Schwarz &#038; Wei\u00df * Besfestigungsschlaufen * Ma\u00dfe: 150x200cm Lieferumfang * Faltbarer Hintergrund RE2010 Schwarz\/Wei\u00df * Tragtasche<\/p>\n","protected":false},"excerpt":{"rendered":"<p>Hintergrund Faltreflektor Falthintergrund 2in1 Reflektor faltbar DynaSun RE2010BW 150x200cm XXL Schwarz-Wei\u00df +Tasche Beschreibung Unser DynaSun RE2010 schwarz\/wei\u00df 150x200cm faltbarer Hintergrund wird viel im Studio oder bei der Dreharbeit angewendet, wo ein Hintergrund digital addiert wird. Mir diesen transportablen Falthintergrund arbeiten Sie flexibel im Studio wie auch im Freien. Die Vorder- und Ruckseite ist in Schwarz&hellip; <br \/> <a class=\"read-more\" href=\"https:\/\/personalcity.net\/home\/produkt\/hintergrund-faltreflektor-2in1-reflektor-faltbar-dynasun-re2010bw-150x200cm-xxl-schwarz-weiss-tasche\/\">Weiterlesen<\/a><\/p>\n","protected":false},"featured_media":4786,"comment_status":"open","ping_status":"closed","template":"","meta":[],"product_cat":[218],"product_tag":[],"class_list":{"0":"post-4785","1":"product","2":"type-product","3":"status-publish","4":"has-post-thumbnail","6":"product_cat-elektronik","8":"first","9":"outofstock","10":"shipping-taxable","11":"purchasable","12":"product-type-simple"},"_links":{"self":[{"href":"https:\/\/personalcity.net\/home\/wp-json\/wp\/v2\/product\/4785","targetHints":{"allow":["GET"]}}],"collection":[{"href":"https:\/\/personalcity.net\/home\/wp-json\/wp\/v2\/product"}],"about":[{"href":"https:\/\/personalcity.net\/home\/wp-json\/wp\/v2\/types\/product"}],"replies":[{"embeddable":true,"href":"https:\/\/personalcity.net\/home\/wp-json\/wp\/v2\/comments?post=4785"}],"wp:featuredmedia":[{"embeddable":true,"href":"https:\/\/personalcity.net\/home\/wp-json\/wp\/v2\/media\/4786"}],"wp:attachment":[{"href":"https:\/\/personalcity.net\/home\/wp-json\/wp\/v2\/media?parent=4785"}],"wp:term":[{"taxonomy":"product_cat","embeddable":true,"href":"https:\/\/personalcity.net\/home\/wp-json\/wp\/v2\/product_cat?post=4785"},{"taxonomy":"product_tag","embeddable":true,"href":"https:\/\/personalcity.net\/home\/wp-json\/wp\/v2\/product_tag?post=4785"}],"curies":[{"name":"wp","href":"https:\/\/api.w.org\/{rel}","templated":true}]}}