{"id":4787,"date":"2024-05-24T11:14:07","date_gmt":"2024-05-24T09:14:07","guid":{"rendered":"http:\/\/personalcity.net\/home\/produkt\/kit-hintergrund-faltreflektor-2in1-reflektor-dynasun-2x-re2010-150x200cm-xxl-schwarz-weiss-blau-gruen\/"},"modified":"2025-04-28T15:46:17","modified_gmt":"2025-04-28T13:46:17","slug":"kit-hintergrund-faltreflektor-2in1-reflektor-dynasun-2x-re2010-150x200cm-xxl-schwarz-weiss-blau-gruen","status":"publish","type":"product","link":"https:\/\/personalcity.net\/home\/produkt\/kit-hintergrund-faltreflektor-2in1-reflektor-dynasun-2x-re2010-150x200cm-xxl-schwarz-weiss-blau-gruen\/","title":{"rendered":"Kit Hintergrund Faltreflektor 2in1 Reflektor DynaSun 2x RE2010 150x200cm XXL Schwarz-Wei\u00df +Blau-Gr\u00fcn"},"content":{"rendered":"<p>Kit 2x Hintergrund Faltreflektor Falthintergrund 2in1 Reflektor faltbar DynaSun RE2010BW Schwarz-Wei\u00df + RE2010BG Blau\/Gr\u00fcn150x200cm XXL + Tasche Beschreibung Unser DynaSun RE2010 150x200cm faltbarer Hintergrund wird viel im Studio oder bei der Dreharbeit angewendet, wo ein Hintergrund digital addiert wird. Mir diesen transportablen Falthintergrund arbeiten Sie flexibel im Studio wie auch im Freien. Die Vorder- und Ruckseite ist in Schwarz und Wei\u00df ausgef\u00fchrt. DynaSun RE2010 ist eine perfekte L\u00f6sung f\u00fcr einen einfach anwendbaren und v\u00f6llig beweglichen Hintergrund. Die Hintergr\u00fcnde sind extrem beweglich (Wahl der Farbe h\u00e4ngt von den dominierenden Farben des Themas). Er ist einfach zu verwenden und einfach zusammenzufalten. Der Falthintergrund kann auf ein Drittel seiner Gr\u00f6\u00dfe zusammengelegt und in der mitgelieferten Transporttasche sicher verstaut und transportiert werden. DynaSun RE2010 ist die beste L\u00f6sung f\u00fcr die Photographen, die nach schnellem und einfachem Aufbau suchen. Technische Daten * Schnell zu faltender Hintergrund, ideal f\u00fcr unterwegs * 2-seitig: wei\u00df zum aufhellen, schwarz zum abschatten * Metallrahmen im Hintergrund eingebaut * Auf ein Drittel zusammenfaltbar, einfach zu transportieren * Ideal f\u00fcr Foto-Shooting \u00fcberall * Farbe: Schwarz &#038; Wei\u00df und Blau &#038; Gr\u00fcn * Besfestigungsschlaufen * Ma\u00dfe: 150x200cm Lieferumfang * Faltbarer Hintergrund RE2010 Schwarz\/Wei\u00df * Faltbarer Hintergrund RE2010 Blau\/Gr\u00fcn * 2x Tragtasche<\/p>\n","protected":false},"excerpt":{"rendered":"<p>Kit 2x Hintergrund Faltreflektor Falthintergrund 2in1 Reflektor faltbar DynaSun RE2010BW Schwarz-Wei\u00df + RE2010BG Blau\/Gr\u00fcn150x200cm XXL + Tasche Beschreibung Unser DynaSun RE2010 150x200cm faltbarer Hintergrund wird viel im Studio oder bei der Dreharbeit angewendet, wo ein Hintergrund digital addiert wird. Mir diesen transportablen Falthintergrund arbeiten Sie flexibel im Studio wie auch im Freien. Die Vorder- und&hellip; <br \/> <a class=\"read-more\" href=\"https:\/\/personalcity.net\/home\/produkt\/kit-hintergrund-faltreflektor-2in1-reflektor-dynasun-2x-re2010-150x200cm-xxl-schwarz-weiss-blau-gruen\/\">Weiterlesen<\/a><\/p>\n","protected":false},"featured_media":4788,"comment_status":"open","ping_status":"closed","template":"","meta":[],"product_cat":[218],"product_tag":[],"class_list":{"0":"post-4787","1":"product","2":"type-product","3":"status-publish","4":"has-post-thumbnail","6":"product_cat-elektronik","8":"first","9":"outofstock","10":"shipping-taxable","11":"purchasable","12":"product-type-simple"},"_links":{"self":[{"href":"https:\/\/personalcity.net\/home\/wp-json\/wp\/v2\/product\/4787","targetHints":{"allow":["GET"]}}],"collection":[{"href":"https:\/\/personalcity.net\/home\/wp-json\/wp\/v2\/product"}],"about":[{"href":"https:\/\/personalcity.net\/home\/wp-json\/wp\/v2\/types\/product"}],"replies":[{"embeddable":true,"href":"https:\/\/personalcity.net\/home\/wp-json\/wp\/v2\/comments?post=4787"}],"wp:featuredmedia":[{"embeddable":true,"href":"https:\/\/personalcity.net\/home\/wp-json\/wp\/v2\/media\/4788"}],"wp:attachment":[{"href":"https:\/\/personalcity.net\/home\/wp-json\/wp\/v2\/media?parent=4787"}],"wp:term":[{"taxonomy":"product_cat","embeddable":true,"href":"https:\/\/personalcity.net\/home\/wp-json\/wp\/v2\/product_cat?post=4787"},{"taxonomy":"product_tag","embeddable":true,"href":"https:\/\/personalcity.net\/home\/wp-json\/wp\/v2\/product_tag?post=4787"}],"curies":[{"name":"wp","href":"https:\/\/api.w.org\/{rel}","templated":true}]}}