{"id":4795,"date":"2024-05-24T11:14:10","date_gmt":"2024-05-24T09:14:10","guid":{"rendered":"http:\/\/personalcity.net\/home\/produkt\/softbox-faltbar-dynasun-pro-sb1006-40x40-mit-bajonet-fuer-studioblitz-leuchten-daylight\/"},"modified":"2025-04-28T15:46:17","modified_gmt":"2025-04-28T13:46:17","slug":"softbox-faltbar-dynasun-pro-sb1006-40x40-mit-bajonet-fuer-studioblitz-leuchten-daylight","status":"publish","type":"product","link":"https:\/\/personalcity.net\/home\/produkt\/softbox-faltbar-dynasun-pro-sb1006-40x40-mit-bajonet-fuer-studioblitz-leuchten-daylight\/","title":{"rendered":"Softbox faltbar DynaSun PRO SB1006 40\u00d740 mit Bajonet f\u00fcr Studioblitz \/ Leuchten \/ Daylight"},"content":{"rendered":"<p>Softbox faltbar DynaSun PRO SB1006 40&#215;40 mit Bajonet Bowens S-Type Speedring f\u00fcr Studioblitz \/ Leuchten \/ Daylight Beschreibung Das DynaSun SB1006 professionell Softbox ist konzipierte f\u00fcr Studio Shooting. Er ist mit hochqualitativem Material hergestellt, das am besten reflektiert und diffusiert. Das kleine Zelt ist aus langlebigem Material Pro-grade omni-bounce produziert und seine Au\u00dfenseite ist eine schwarze Schutzschicht aus Stoff. Das softbox wird mit einem verbreitungsf\u00e4higen wei\u00dfen Gewebe mit Flausch geschlossen Unser DynaSun SB1006 ist f\u00fcr Benutzerfreundlichkeit bekannt. Es ist f\u00fcr die Reisen und Studio Shooting beides geeignet. Es ist einfach zu bedienen Mit SB1006 wird auch eine Tragtasche mit versendet Lieferumfang * Softbox DynaSun SB1006 40x40cm * Wei\u00dfer Diffusor * Adaptor Ring (Type Bowens -S) * Tragtasche<\/p>\n","protected":false},"excerpt":{"rendered":"<p>Softbox faltbar DynaSun PRO SB1006 40&#215;40 mit Bajonet Bowens S-Type Speedring f\u00fcr Studioblitz \/ Leuchten \/ Daylight Beschreibung Das DynaSun SB1006 professionell Softbox ist konzipierte f\u00fcr Studio Shooting. Er ist mit hochqualitativem Material hergestellt, das am besten reflektiert und diffusiert. Das kleine Zelt ist aus langlebigem Material Pro-grade omni-bounce produziert und seine Au\u00dfenseite ist eine&hellip; <br \/> <a class=\"read-more\" href=\"https:\/\/personalcity.net\/home\/produkt\/softbox-faltbar-dynasun-pro-sb1006-40x40-mit-bajonet-fuer-studioblitz-leuchten-daylight\/\">Weiterlesen<\/a><\/p>\n","protected":false},"featured_media":4796,"comment_status":"open","ping_status":"closed","template":"","meta":[],"product_cat":[218],"product_tag":[],"class_list":{"0":"post-4795","1":"product","2":"type-product","3":"status-publish","4":"has-post-thumbnail","6":"product_cat-elektronik","8":"first","9":"outofstock","10":"shipping-taxable","11":"purchasable","12":"product-type-simple"},"_links":{"self":[{"href":"https:\/\/personalcity.net\/home\/wp-json\/wp\/v2\/product\/4795","targetHints":{"allow":["GET"]}}],"collection":[{"href":"https:\/\/personalcity.net\/home\/wp-json\/wp\/v2\/product"}],"about":[{"href":"https:\/\/personalcity.net\/home\/wp-json\/wp\/v2\/types\/product"}],"replies":[{"embeddable":true,"href":"https:\/\/personalcity.net\/home\/wp-json\/wp\/v2\/comments?post=4795"}],"wp:featuredmedia":[{"embeddable":true,"href":"https:\/\/personalcity.net\/home\/wp-json\/wp\/v2\/media\/4796"}],"wp:attachment":[{"href":"https:\/\/personalcity.net\/home\/wp-json\/wp\/v2\/media?parent=4795"}],"wp:term":[{"taxonomy":"product_cat","embeddable":true,"href":"https:\/\/personalcity.net\/home\/wp-json\/wp\/v2\/product_cat?post=4795"},{"taxonomy":"product_tag","embeddable":true,"href":"https:\/\/personalcity.net\/home\/wp-json\/wp\/v2\/product_tag?post=4795"}],"curies":[{"name":"wp","href":"https:\/\/api.w.org\/{rel}","templated":true}]}}