{"id":4799,"date":"2024-05-24T11:14:10","date_gmt":"2024-05-24T09:14:10","guid":{"rendered":"http:\/\/personalcity.net\/home\/produkt\/studioset-studioleuchte-faltbar-softbox-dynasun-sb1007-40x60-e27-easy-folder\/"},"modified":"2025-04-28T15:46:17","modified_gmt":"2025-04-28T13:46:17","slug":"studioset-studioleuchte-faltbar-softbox-dynasun-sb1007-40x60-e27-easy-folder","status":"publish","type":"product","link":"https:\/\/personalcity.net\/home\/produkt\/studioset-studioleuchte-faltbar-softbox-dynasun-sb1007-40x60-e27-easy-folder\/","title":{"rendered":"Studioset Studioleuchte faltbar Softbox DynaSun SB1007 40\u00d760 E27 EASY FOLDER"},"content":{"rendered":"<p>Schnell montierbarer klappbarer Soft Box DynaSun SB1007 16&#8243;x24&#8243; (40x60cm) Super einfach, super schnell, super leicht zum Auf- und Abbau, weniger als 60 Sekunden Beschreibung DynaSun Softbox SB1007 l\u00e4\u00dft sich weniger als 60 Sekunden aufbauen. Dr\u00fccken Sie den Softbox auf wie einen Regenschirm. Machen Sie Diffuser mit Rei\u00dfverschlussschliessung an den Rahmen. Dann ist es schon bereit f\u00fcr Ihr Shooting. Unser Softbox ist nach dem \u201eKabel-Rahmen-Konstruktion\u201c gebaut. Rei\u00dfverschluss-Verschlu\u00df macht es noch einfacher. Der Softbox hat einen integrierten Anschlu\u00df f\u00fcr Flashs. Eine Tragtasche ist auch dabei. DynaSun Softbox SB1007 ist speziell hergestellt f\u00fcr E27 Studio Flash und ist eingerichtet nach den g\u00e4ngigen Studiolights. Unser Softbox reduziert die Lichtquelle und gibt dem Bild einen milden Ton. Technische Daten * Dimension: 16&#8243;x24&#8243; (40x60cm) * Schraube f\u00fcr Studio Flash: E27 * Quick set-up folding softbox * Power: 230V * Schalterung integriert Lieferumfang * Softbox DynaSun 40x60cm * Cover diffuser * Tragtasche<\/p>\n","protected":false},"excerpt":{"rendered":"<p>Schnell montierbarer klappbarer Soft Box DynaSun SB1007 16&#8243;x24&#8243; (40x60cm) Super einfach, super schnell, super leicht zum Auf- und Abbau, weniger als 60 Sekunden Beschreibung DynaSun Softbox SB1007 l\u00e4\u00dft sich weniger als 60 Sekunden aufbauen. Dr\u00fccken Sie den Softbox auf wie einen Regenschirm. Machen Sie Diffuser mit Rei\u00dfverschlussschliessung an den Rahmen. Dann ist es schon bereit&hellip; <br \/> <a class=\"read-more\" href=\"https:\/\/personalcity.net\/home\/produkt\/studioset-studioleuchte-faltbar-softbox-dynasun-sb1007-40x60-e27-easy-folder\/\">Weiterlesen<\/a><\/p>\n","protected":false},"featured_media":4800,"comment_status":"open","ping_status":"closed","template":"","meta":[],"product_cat":[218],"product_tag":[],"class_list":{"0":"post-4799","1":"product","2":"type-product","3":"status-publish","4":"has-post-thumbnail","6":"product_cat-elektronik","8":"first","9":"outofstock","10":"shipping-taxable","11":"purchasable","12":"product-type-simple"},"_links":{"self":[{"href":"https:\/\/personalcity.net\/home\/wp-json\/wp\/v2\/product\/4799","targetHints":{"allow":["GET"]}}],"collection":[{"href":"https:\/\/personalcity.net\/home\/wp-json\/wp\/v2\/product"}],"about":[{"href":"https:\/\/personalcity.net\/home\/wp-json\/wp\/v2\/types\/product"}],"replies":[{"embeddable":true,"href":"https:\/\/personalcity.net\/home\/wp-json\/wp\/v2\/comments?post=4799"}],"wp:featuredmedia":[{"embeddable":true,"href":"https:\/\/personalcity.net\/home\/wp-json\/wp\/v2\/media\/4800"}],"wp:attachment":[{"href":"https:\/\/personalcity.net\/home\/wp-json\/wp\/v2\/media?parent=4799"}],"wp:term":[{"taxonomy":"product_cat","embeddable":true,"href":"https:\/\/personalcity.net\/home\/wp-json\/wp\/v2\/product_cat?post=4799"},{"taxonomy":"product_tag","embeddable":true,"href":"https:\/\/personalcity.net\/home\/wp-json\/wp\/v2\/product_tag?post=4799"}],"curies":[{"name":"wp","href":"https:\/\/api.w.org\/{rel}","templated":true}]}}