{"id":4812,"date":"2024-05-24T11:14:16","date_gmt":"2024-05-24T09:14:16","guid":{"rendered":"http:\/\/personalcity.net\/home\/produkt\/dynasun-br-bow-professional-support-bracket-tragbare-flash-blitzgeraet-mit-standard-blitzschuh-schlitten-und-anschluss-typ-s-bowens-fuer-softbox-und-zubehoer\/"},"modified":"2025-04-28T15:45:58","modified_gmt":"2025-04-28T13:45:58","slug":"dynasun-br-bow-professional-support-bracket-tragbare-flash-blitzgeraet-mit-standard-blitzschuh-schlitten-und-anschluss-typ-s-bowens-fuer-softbox-und-zubehoer","status":"publish","type":"product","link":"https:\/\/personalcity.net\/home\/produkt\/dynasun-br-bow-professional-support-bracket-tragbare-flash-blitzgeraet-mit-standard-blitzschuh-schlitten-und-anschluss-typ-s-bowens-fuer-softbox-und-zubehoer\/","title":{"rendered":"DynaSun BR-BOW Professional Support Bracket Tragbare Flash-Blitzger\u00e4t mit Standard-Blitzschuh Schlitten, und Anschluss Typ -S Bowens f\u00fcr Softbox und Zubeh\u00f6r"},"content":{"rendered":"<p>DynaSun BR-BOW Support Bracket Tragbare Professional Flash-Blitzger\u00e4t mit Standard-Blitzschuh Schlitten, und Anschluss Typ -S Bowens f\u00fcr Softbox und Zubeh\u00f6r Ideal f\u00fcr Fotostudio, Foto und Video Beschreibung Unser neuestes Produkt DynaSun BR-BOW Bracket ist ein unverzichtbares Zubeh\u00f6r f\u00fcr jedes Fotostudio. Mit diesem Support Bracket k\u00f6nnen sie Flash-Blitzger\u00e4te mit Zubeh\u00f6rteilen erg\u00e4nzen, die in der Regel mit einem Studioblitz verwendet werden, wie Softbox, snoot, Beauty Dish, Reflektoren, Flossen, Farbfilter, etc. Der tragbare DynaSun BR-BOW Support Bracket ist geeignet f\u00fcr alle Arten von Blitzlichtern (batteriebetriebenen, tragbaren) mit Standardschuh Anschluss. Sie werden mit unserem Topseller hochwertige Bilder festhalten. Ihrer Kreativit\u00e4t werden keine Grenzen gesetzt. Nicht zuletzt ist zu erw\u00e4hnen, dass unser Kit sehr einfach zu bedienen ist. Montieren Sie unseren Bracket auf ein g\u00e4ngiges Stativ. Stecken Sie ein Blitzger\u00e4t darauf. Dann k\u00f6nnen Sie jede Art von Zubeh\u00f6r mit Bowens S-Typ Anschluss befestigen. Einfacher geht es nicht. Technische Daten * Anschluss Typ Bowens S * Schneller Montage * Support Flash-Universal, unterst\u00fctzt meisten Blitzger\u00e4te Lieferumfang * Support Bracket DynaSun BR-BOW<\/p>\n","protected":false},"excerpt":{"rendered":"<p>DynaSun BR-BOW Support Bracket Tragbare Professional Flash-Blitzger\u00e4t mit Standard-Blitzschuh Schlitten, und Anschluss Typ -S Bowens f\u00fcr Softbox und Zubeh\u00f6r Ideal f\u00fcr Fotostudio, Foto und Video Beschreibung Unser neuestes Produkt DynaSun BR-BOW Bracket ist ein unverzichtbares Zubeh\u00f6r f\u00fcr jedes Fotostudio. Mit diesem Support Bracket k\u00f6nnen sie Flash-Blitzger\u00e4te mit Zubeh\u00f6rteilen erg\u00e4nzen, die in der Regel mit einem&hellip; <br \/> <a class=\"read-more\" href=\"https:\/\/personalcity.net\/home\/produkt\/dynasun-br-bow-professional-support-bracket-tragbare-flash-blitzgeraet-mit-standard-blitzschuh-schlitten-und-anschluss-typ-s-bowens-fuer-softbox-und-zubehoer\/\">Weiterlesen<\/a><\/p>\n","protected":false},"featured_media":4813,"comment_status":"open","ping_status":"closed","template":"","meta":[],"product_cat":[218],"product_tag":[],"class_list":{"0":"post-4812","1":"product","2":"type-product","3":"status-publish","4":"has-post-thumbnail","6":"product_cat-elektronik","8":"first","9":"outofstock","10":"shipping-taxable","11":"purchasable","12":"product-type-simple"},"_links":{"self":[{"href":"https:\/\/personalcity.net\/home\/wp-json\/wp\/v2\/product\/4812","targetHints":{"allow":["GET"]}}],"collection":[{"href":"https:\/\/personalcity.net\/home\/wp-json\/wp\/v2\/product"}],"about":[{"href":"https:\/\/personalcity.net\/home\/wp-json\/wp\/v2\/types\/product"}],"replies":[{"embeddable":true,"href":"https:\/\/personalcity.net\/home\/wp-json\/wp\/v2\/comments?post=4812"}],"wp:featuredmedia":[{"embeddable":true,"href":"https:\/\/personalcity.net\/home\/wp-json\/wp\/v2\/media\/4813"}],"wp:attachment":[{"href":"https:\/\/personalcity.net\/home\/wp-json\/wp\/v2\/media?parent=4812"}],"wp:term":[{"taxonomy":"product_cat","embeddable":true,"href":"https:\/\/personalcity.net\/home\/wp-json\/wp\/v2\/product_cat?post=4812"},{"taxonomy":"product_tag","embeddable":true,"href":"https:\/\/personalcity.net\/home\/wp-json\/wp\/v2\/product_tag?post=4812"}],"curies":[{"name":"wp","href":"https:\/\/api.w.org\/{rel}","templated":true}]}}