{"id":4822,"date":"2024-05-24T11:14:21","date_gmt":"2024-05-24T09:14:21","guid":{"rendered":"http:\/\/personalcity.net\/home\/produkt\/easy-folder-blitz-magic-softbox-dynasun-sb1009-80x80-lichtwanne-diffusor-fuer-blitzgeraet-systemblitz\/"},"modified":"2025-04-28T15:45:58","modified_gmt":"2025-04-28T13:45:58","slug":"easy-folder-blitz-magic-softbox-dynasun-sb1009-80x80-lichtwanne-diffusor-fuer-blitzgeraet-systemblitz","status":"publish","type":"product","link":"https:\/\/personalcity.net\/home\/produkt\/easy-folder-blitz-magic-softbox-dynasun-sb1009-80x80-lichtwanne-diffusor-fuer-blitzgeraet-systemblitz\/","title":{"rendered":"Easy Folder Blitz Magic Softbox DynaSun SB1009 80\u00d780 +Lichtwanne Diffusor f\u00fcr Blitzger\u00e4t Systemblitz"},"content":{"rendered":"<p>Easy Folder Blitz Magic Softbox DynaSun SB1009 80&#215;80 +Lichtwanne Diffusor f\u00fcr Blitzger\u00e4t Systemblitz Beschreibung Diese Softbox ist ein absolutes Profi-Tool und darf in einer professionellen Ausr\u00fcstung f\u00fcr Innenaufnahmen nicht fehlen. Sie bewirkt eine sanftere, gleichm\u00e4\u00dfigere Ausleuchtung und reduziert st\u00f6rende Schlagschatten. Das sorgt f\u00fcr eine deutlich bessere Bildqualit\u00e4t bei Blitzlichtaufnahmen in Innenr\u00e4umen. Mit dieser Softbox machen Sie aus Ihrem Kamerablitz eine kleine Studioblitzanlage! Die Softbox ist faltbar und kann im mitgelieferten Tragebeutel einfach transportiert werden. Wie eine gro\u00dfe Studioblitz-Softbox besitzt die Softbox eine silber reflektierende Innenbeschichtung und einen Frontdiffusor. Die Softbox verf\u00fcgt \u00fcber einen eigenen Blitzhalter, auf dem der Blitz befestigt und durch die hintere \u00d6ffnung der Softbox gerichtet wird. Der Blitzhalter ist h\u00f6henverstellbar. Grunds\u00e4tzlich passen Kamerablitzger\u00e4te unterschiedlicher Hersteller bis zu einer H\u00f6he von max 15 cm. Der Abstand des Kamerablitzes von der hinteren \u00d6ffnung der Softbox kann variiert werden. Der Systemhalter besitzt ein Kugelgelenk, was eine schnelle und flexible Richtungs\u00e4nderung von Softbox und Systemblitz erlaubt. Der Systemhalter kann auf 3\/8&#8243; und 5\/8&#8243; Spigot befestigt werden. Die Befestigung f\u00fcr Systemblitze wird \u00fcber Standard-Mittelkontaktschuh erm\u00f6glicht. Zum Lieferumfang geh\u00f6rt auch eine Transporttasche aus rei\u00dffestem Kunststoffgewebe.<\/p>\n","protected":false},"excerpt":{"rendered":"<p>Easy Folder Blitz Magic Softbox DynaSun SB1009 80&#215;80 +Lichtwanne Diffusor f\u00fcr Blitzger\u00e4t Systemblitz Beschreibung Diese Softbox ist ein absolutes Profi-Tool und darf in einer professionellen Ausr\u00fcstung f\u00fcr Innenaufnahmen nicht fehlen. Sie bewirkt eine sanftere, gleichm\u00e4\u00dfigere Ausleuchtung und reduziert st\u00f6rende Schlagschatten. Das sorgt f\u00fcr eine deutlich bessere Bildqualit\u00e4t bei Blitzlichtaufnahmen in Innenr\u00e4umen. Mit dieser Softbox machen&hellip; <br \/> <a class=\"read-more\" href=\"https:\/\/personalcity.net\/home\/produkt\/easy-folder-blitz-magic-softbox-dynasun-sb1009-80x80-lichtwanne-diffusor-fuer-blitzgeraet-systemblitz\/\">Weiterlesen<\/a><\/p>\n","protected":false},"featured_media":4819,"comment_status":"open","ping_status":"closed","template":"","meta":[],"product_cat":[218],"product_tag":[],"class_list":{"0":"post-4822","1":"product","2":"type-product","3":"status-publish","4":"has-post-thumbnail","6":"product_cat-elektronik","8":"first","9":"outofstock","10":"shipping-taxable","11":"purchasable","12":"product-type-simple"},"_links":{"self":[{"href":"https:\/\/personalcity.net\/home\/wp-json\/wp\/v2\/product\/4822","targetHints":{"allow":["GET"]}}],"collection":[{"href":"https:\/\/personalcity.net\/home\/wp-json\/wp\/v2\/product"}],"about":[{"href":"https:\/\/personalcity.net\/home\/wp-json\/wp\/v2\/types\/product"}],"replies":[{"embeddable":true,"href":"https:\/\/personalcity.net\/home\/wp-json\/wp\/v2\/comments?post=4822"}],"wp:featuredmedia":[{"embeddable":true,"href":"https:\/\/personalcity.net\/home\/wp-json\/wp\/v2\/media\/4819"}],"wp:attachment":[{"href":"https:\/\/personalcity.net\/home\/wp-json\/wp\/v2\/media?parent=4822"}],"wp:term":[{"taxonomy":"product_cat","embeddable":true,"href":"https:\/\/personalcity.net\/home\/wp-json\/wp\/v2\/product_cat?post=4822"},{"taxonomy":"product_tag","embeddable":true,"href":"https:\/\/personalcity.net\/home\/wp-json\/wp\/v2\/product_tag?post=4822"}],"curies":[{"name":"wp","href":"https:\/\/api.w.org\/{rel}","templated":true}]}}