{"id":4824,"date":"2024-05-24T11:14:22","date_gmt":"2024-05-24T09:14:22","guid":{"rendered":"http:\/\/personalcity.net\/home\/produkt\/falt-diffusor-blitz-softbox-dynasun-re2011-30cm-faltreflektor-fuer-kamerablitz\/"},"modified":"2025-04-28T15:45:58","modified_gmt":"2025-04-28T13:45:58","slug":"falt-diffusor-blitz-softbox-dynasun-re2011-30cm-faltreflektor-fuer-kamerablitz","status":"publish","type":"product","link":"https:\/\/personalcity.net\/home\/produkt\/falt-diffusor-blitz-softbox-dynasun-re2011-30cm-faltreflektor-fuer-kamerablitz\/","title":{"rendered":"Falt Diffusor Blitz Softbox DynaSun RE2011 30cm Faltreflektor f\u00fcr Kamerablitz"},"content":{"rendered":"<p>BLITZ DIFFUSOR FALTBARER SOFT UNIVERSAL DYNASUN RE2011 30cm Beschreibung Durch den Blitz Diffusor wird das Blitzlicht gestreut, um ein weiches Licht zu erzeugen und um st\u00f6rende Reflexe zu reduzieren. Auch Schatten werden dadurch weicher. Mit diesem Diffusor erzeugt ihr Blitzger\u00e4t gleichm\u00e4\u00dfiges und weiches Licht &#8211; Harte Schatten werden weicher und heller. Der Diffusor sorgt f\u00fcr eine ideale Ausleuchtung und beseitigt die st\u00f6renden Blitz Reflektionen. Technische Daten * Reduziert \u00dcberblitzungen und st\u00f6rende Blitz Reflektionen * Direktes oder indirektes Blitzen * Loch f\u00fcr Objektiv: ca. 7cm flexibel * Gr\u00f6\u00dfe: 30cm x 22cm Oval * Tasche Lieferumfang * Diffusor DynaSun RE2011 * Tragtasche<\/p>\n","protected":false},"excerpt":{"rendered":"<p>BLITZ DIFFUSOR FALTBARER SOFT UNIVERSAL DYNASUN RE2011 30cm Beschreibung Durch den Blitz Diffusor wird das Blitzlicht gestreut, um ein weiches Licht zu erzeugen und um st\u00f6rende Reflexe zu reduzieren. Auch Schatten werden dadurch weicher. Mit diesem Diffusor erzeugt ihr Blitzger\u00e4t gleichm\u00e4\u00dfiges und weiches Licht &#8211; Harte Schatten werden weicher und heller. Der Diffusor sorgt f\u00fcr&hellip; <br \/> <a class=\"read-more\" href=\"https:\/\/personalcity.net\/home\/produkt\/falt-diffusor-blitz-softbox-dynasun-re2011-30cm-faltreflektor-fuer-kamerablitz\/\">Weiterlesen<\/a><\/p>\n","protected":false},"featured_media":4825,"comment_status":"open","ping_status":"closed","template":"","meta":[],"product_cat":[218],"product_tag":[],"class_list":{"0":"post-4824","1":"product","2":"type-product","3":"status-publish","4":"has-post-thumbnail","6":"product_cat-elektronik","8":"first","9":"outofstock","10":"shipping-taxable","11":"purchasable","12":"product-type-simple"},"_links":{"self":[{"href":"https:\/\/personalcity.net\/home\/wp-json\/wp\/v2\/product\/4824","targetHints":{"allow":["GET"]}}],"collection":[{"href":"https:\/\/personalcity.net\/home\/wp-json\/wp\/v2\/product"}],"about":[{"href":"https:\/\/personalcity.net\/home\/wp-json\/wp\/v2\/types\/product"}],"replies":[{"embeddable":true,"href":"https:\/\/personalcity.net\/home\/wp-json\/wp\/v2\/comments?post=4824"}],"wp:featuredmedia":[{"embeddable":true,"href":"https:\/\/personalcity.net\/home\/wp-json\/wp\/v2\/media\/4825"}],"wp:attachment":[{"href":"https:\/\/personalcity.net\/home\/wp-json\/wp\/v2\/media?parent=4824"}],"wp:term":[{"taxonomy":"product_cat","embeddable":true,"href":"https:\/\/personalcity.net\/home\/wp-json\/wp\/v2\/product_cat?post=4824"},{"taxonomy":"product_tag","embeddable":true,"href":"https:\/\/personalcity.net\/home\/wp-json\/wp\/v2\/product_tag?post=4824"}],"curies":[{"name":"wp","href":"https:\/\/api.w.org\/{rel}","templated":true}]}}