{"id":4828,"date":"2024-05-24T11:14:24","date_gmt":"2024-05-24T09:14:24","guid":{"rendered":"http:\/\/personalcity.net\/home\/produkt\/reflektorpanel-dynasun-re2018-reflektor-panel-silber-gold-70x110cm-stativ-w957\/"},"modified":"2025-04-28T15:45:58","modified_gmt":"2025-04-28T13:45:58","slug":"reflektorpanel-dynasun-re2018-reflektor-panel-silber-gold-70x110cm-stativ-w957","status":"publish","type":"product","link":"https:\/\/personalcity.net\/home\/produkt\/reflektorpanel-dynasun-re2018-reflektor-panel-silber-gold-70x110cm-stativ-w957\/","title":{"rendered":"Reflektorpanel DynaSun RE2018 Reflektor Panel Silber\/Gold 70x110cm +Stativ W957"},"content":{"rendered":"<p>SILBER GOLD PHOTO STUDIO REFLEKTOR DYNASUN RE2018 KIT 70x110cm MIT STATIV W957 Komplett mit Stativ, Support, Konnektor und Reflektor Silver\/Gold Beschreibung DynaSun RE2018+W957 ist ein komplettes Set. In diesem Set ist alles inbegriffen, was Sie brauchen, Reflektor, Aufbauteile, Stativ. All inclusive! Dieses Set wird im Photo Studio am meisten benutzt und gesch\u00e4tzt. Es ist einfach aufzubauen. Das Beste ist, f\u00fcrs Stativ und Refkletor gibt es noch je eine Tragtasche oben drauf, nat\u00fcrlich kostenlos. Technische Daten Lampenstativ * Max. H\u00f6he: 250cm * Min. H\u00f6he: 95cm * Gewicht: 1850g * Material: Aluminium * Farbe: schwarz * Segmente: 3 * Rohrdurchmesser: 34,5 mm, 31 mm, 25 mm * Anschlu\u00df (5\/8&#8243; Spigot, 1\/4&#8243; Gewinde) * Belastbarkeit bis 6 kg * Schnellspannhebel * Versatile und Kompakt * Sto\u00dfd\u00e4mpfer in jeder Sektion * Robust, stabil und leicht Reflektor Panel * Oberfl\u00e4che: Gold und Silber * Ma\u00dfe des Reflektor: 70x110cm * \u00dcberall einsetzbar und kompakt Lieferumfang * Reflektor Panel Silber\/Gold 70x110cm * Mounting bracket * Mounting rods * Lampenstativ DynaSun W957 * Rei\u00dfverschlu\u00dfstofftasche<\/p>\n","protected":false},"excerpt":{"rendered":"<p>SILBER GOLD PHOTO STUDIO REFLEKTOR DYNASUN RE2018 KIT 70x110cm MIT STATIV W957 Komplett mit Stativ, Support, Konnektor und Reflektor Silver\/Gold Beschreibung DynaSun RE2018+W957 ist ein komplettes Set. In diesem Set ist alles inbegriffen, was Sie brauchen, Reflektor, Aufbauteile, Stativ. All inclusive! Dieses Set wird im Photo Studio am meisten benutzt und gesch\u00e4tzt. Es ist einfach&hellip; <br \/> <a class=\"read-more\" href=\"https:\/\/personalcity.net\/home\/produkt\/reflektorpanel-dynasun-re2018-reflektor-panel-silber-gold-70x110cm-stativ-w957\/\">Weiterlesen<\/a><\/p>\n","protected":false},"featured_media":4829,"comment_status":"open","ping_status":"closed","template":"","meta":[],"product_cat":[218],"product_tag":[],"class_list":{"0":"post-4828","1":"product","2":"type-product","3":"status-publish","4":"has-post-thumbnail","6":"product_cat-elektronik","8":"first","9":"outofstock","10":"shipping-taxable","11":"purchasable","12":"product-type-simple"},"_links":{"self":[{"href":"https:\/\/personalcity.net\/home\/wp-json\/wp\/v2\/product\/4828","targetHints":{"allow":["GET"]}}],"collection":[{"href":"https:\/\/personalcity.net\/home\/wp-json\/wp\/v2\/product"}],"about":[{"href":"https:\/\/personalcity.net\/home\/wp-json\/wp\/v2\/types\/product"}],"replies":[{"embeddable":true,"href":"https:\/\/personalcity.net\/home\/wp-json\/wp\/v2\/comments?post=4828"}],"wp:featuredmedia":[{"embeddable":true,"href":"https:\/\/personalcity.net\/home\/wp-json\/wp\/v2\/media\/4829"}],"wp:attachment":[{"href":"https:\/\/personalcity.net\/home\/wp-json\/wp\/v2\/media?parent=4828"}],"wp:term":[{"taxonomy":"product_cat","embeddable":true,"href":"https:\/\/personalcity.net\/home\/wp-json\/wp\/v2\/product_cat?post=4828"},{"taxonomy":"product_tag","embeddable":true,"href":"https:\/\/personalcity.net\/home\/wp-json\/wp\/v2\/product_tag?post=4828"}],"curies":[{"name":"wp","href":"https:\/\/api.w.org\/{rel}","templated":true}]}}