{"id":4840,"date":"2024-05-24T11:14:26","date_gmt":"2024-05-24T09:14:26","guid":{"rendered":"http:\/\/personalcity.net\/home\/produkt\/softbox-lichtbank-dynasun-bow6060-60x60cm-profi-licht-studio-softbox-high-temperature-mit-bowens-adapter-systemblitz-strobist\/"},"modified":"2025-04-28T15:45:58","modified_gmt":"2025-04-28T13:45:58","slug":"softbox-lichtbank-dynasun-bow6060-60x60cm-profi-licht-studio-softbox-high-temperature-mit-bowens-adapter-systemblitz-strobist","status":"publish","type":"product","link":"https:\/\/personalcity.net\/home\/produkt\/softbox-lichtbank-dynasun-bow6060-60x60cm-profi-licht-studio-softbox-high-temperature-mit-bowens-adapter-systemblitz-strobist\/","title":{"rendered":"Softbox Lichtbank DynaSun BOW6060 60x60cm Profi Licht Studio Softbox HIGH TEMPERATURE mit Bowens Adapter Systemblitz Strobist"},"content":{"rendered":"<p>Softbox Lichtbank Kit DynaSun BOW6060 60x60cm Profi Licht Softbox HIGH TEMPERATURE mit Bowens Adapter Systemblitz Strobist f\u00fcr Studio Photo &#038; Video Komplett Softbox mit 2 Diffusoren und Metallspeedring Typ Bowens 3 7\/8&#8243; (9,84cm) auch f\u00fcr Dauerlichtleuchten Halogen Quartz Lampen bis 1000W Beschreibung Diese Softbox BOW serie schafft scharfes Profile, w\u00e4hrend gleichzeitig eine gro\u00dfe Fl\u00e4che mit sanftem Lichteffekt beleuchtet werden k\u00f6nnen. Die Softbox ist perfekt f\u00fcr professionelle Fashion- und Portr\u00e4tfotographie. Unsere DynaSun Softboxen haben die ideale Gr\u00f6\u00dfe f\u00fcr Familienportr\u00e4ts, Stillleben und anderen kommerziellen Anwendungen. Mit Diffusoren und wei\u00dfer Frontfl\u00e4che kann dieses Set einen weichen Lichteffekt um das Objekt hervorrufen. Ohne Blende und Frontfl\u00e4che wird ein Kontrasteffekt erzeugt. Unsere DynaSun Softboxen k\u00f6nnen eingesetzt werden mit Blitzger\u00e4ten oder Dauerlichtbeleuchtungen, zur Herstellung eines leuchtenden oder gemilderten Lichteffektes. Dadurch werden die Bilder mit brillanten Lichtverh\u00e4ltnissen versehen. Unsere abnehmbaren Diffusoren schaffen Ihnen die M\u00f6glichkeit, die Beleuchtung bestens zu variieren. Mit den innen- und au\u00dfen Diffusoren k\u00f6nnen Sie die Lichtverh\u00e4ltnisse optimieren. Unser Kit beinhaltet einen Metallspeedring Typ -S Bowens 3 7\/8&#8243;, der fast auf viele Studiobeleuchtungen passt. Unser System macht Sie unabh\u00e4ngig von einem bestimmten Produkt und gibt Ihnen Sicherheit und Flexibilit\u00e4t bei der Lichtsteuerung. Sie k\u00f6nnen diese Softbox mit Blitzgar\u00e4te DynaSun, Bowens, Hensel, Multiblitz, Interfit, Walimex, ecc. mit Anschluss Typ -S Bowens 3 7\/8 (9,84cm) Abnehmbare Frontfl\u00e4che und Blende erm\u00f6glicht Ihnen leichte Handhabung bei kreativer Gestaltung der Lichtverh\u00e4ltnisse. Die abnehmbare Frontfl\u00e4che kann den Kontrast regulieren und die interne Blende kann Hotspot vermeiden.<\/p>\n","protected":false},"excerpt":{"rendered":"<p>Softbox Lichtbank Kit DynaSun BOW6060 60x60cm Profi Licht Softbox HIGH TEMPERATURE mit Bowens Adapter Systemblitz Strobist f\u00fcr Studio Photo &#038; Video Komplett Softbox mit 2 Diffusoren und Metallspeedring Typ Bowens 3 7\/8&#8243; (9,84cm) auch f\u00fcr Dauerlichtleuchten Halogen Quartz Lampen bis 1000W Beschreibung Diese Softbox BOW serie schafft scharfes Profile, w\u00e4hrend gleichzeitig eine gro\u00dfe Fl\u00e4che mit&hellip; <br \/> <a class=\"read-more\" href=\"https:\/\/personalcity.net\/home\/produkt\/softbox-lichtbank-dynasun-bow6060-60x60cm-profi-licht-studio-softbox-high-temperature-mit-bowens-adapter-systemblitz-strobist\/\">Weiterlesen<\/a><\/p>\n","protected":false},"featured_media":4841,"comment_status":"open","ping_status":"closed","template":"","meta":[],"product_cat":[218],"product_tag":[],"class_list":{"0":"post-4840","1":"product","2":"type-product","3":"status-publish","4":"has-post-thumbnail","6":"product_cat-elektronik","8":"first","9":"outofstock","10":"shipping-taxable","11":"purchasable","12":"product-type-simple"},"_links":{"self":[{"href":"https:\/\/personalcity.net\/home\/wp-json\/wp\/v2\/product\/4840","targetHints":{"allow":["GET"]}}],"collection":[{"href":"https:\/\/personalcity.net\/home\/wp-json\/wp\/v2\/product"}],"about":[{"href":"https:\/\/personalcity.net\/home\/wp-json\/wp\/v2\/types\/product"}],"replies":[{"embeddable":true,"href":"https:\/\/personalcity.net\/home\/wp-json\/wp\/v2\/comments?post=4840"}],"wp:featuredmedia":[{"embeddable":true,"href":"https:\/\/personalcity.net\/home\/wp-json\/wp\/v2\/media\/4841"}],"wp:attachment":[{"href":"https:\/\/personalcity.net\/home\/wp-json\/wp\/v2\/media?parent=4840"}],"wp:term":[{"taxonomy":"product_cat","embeddable":true,"href":"https:\/\/personalcity.net\/home\/wp-json\/wp\/v2\/product_cat?post=4840"},{"taxonomy":"product_tag","embeddable":true,"href":"https:\/\/personalcity.net\/home\/wp-json\/wp\/v2\/product_tag?post=4840"}],"curies":[{"name":"wp","href":"https:\/\/api.w.org\/{rel}","templated":true}]}}