{"id":4842,"date":"2024-05-24T11:14:28","date_gmt":"2024-05-24T09:14:28","guid":{"rendered":"http:\/\/personalcity.net\/home\/produkt\/2x-softbox-dynasun-pro-wos1021-60x90-mit-bajonet-u-grid-fuer-blitz-studioblitz-leuchten-daylight\/"},"modified":"2025-04-28T15:45:37","modified_gmt":"2025-04-28T13:45:37","slug":"2x-softbox-dynasun-pro-wos1021-60x90-mit-bajonet-u-grid-fuer-blitz-studioblitz-leuchten-daylight","status":"publish","type":"product","link":"https:\/\/personalcity.net\/home\/produkt\/2x-softbox-dynasun-pro-wos1021-60x90-mit-bajonet-u-grid-fuer-blitz-studioblitz-leuchten-daylight\/","title":{"rendered":"2x Softbox DynaSun PRO WOS1021 60\u00d790 mit Bajonet u Grid f\u00fcr Blitz \/ Studioblitz \/ Leuchten \/ Daylight"},"content":{"rendered":"<p>KIT PHOTO LIGHT SOFTBOX LIGHTBANK KIT DYNASUN 2x WOS1021 60x90cm Super Qualit\u00e4t und Tolles Design Metallspeedring Typ Bowens 3 7\/8&#8243; (9,84cm) mit abnehmbarem Bienennestgitter Beschreibung DynaSun WOS1021 Softbox erm\u00f6glicht scharfes Profil, w\u00e4hrend gleichzeitig eine gro\u00dfe Fl\u00e4che mit sanftem Lichteffekt beleuchtet werden kann. Es ist perfekt f\u00fcr professionelle Fashion- und Portr\u00e4tphotographie. Unser Screen kann hot Spot reduzieren, was eigentlich nur bei teuren Varianten auf dem Markt zu finden ist. Unsere Baffle und die wei\u00dfe Surface k\u00f6nnen leicht an light box montiert oder abgenommen werden. Genau ist das Bienennestgitter auch. Baffle, Screen und Gitter sind alle leicht abnehmbar. Unser DynaSun WOS1021 ist die ideale Gr\u00f6\u00dfe f\u00fcr Familienportr\u00e4t, Stillleben und andere kommerzielle Anwendungen. Mit der Blende und wei\u00dfer Frontfl\u00e4che kann dieses Set einen soft Lichteffekt um das Subjet hervorrufen. Ohne Blende und Frontfl\u00e4che wird ein Kontrasteffekt problemlos erzeugt. Abnehmbares Gitter erm\u00f6glicht Ihnen die optimale Kontrolle \u00fcber Lichtoutput und Lichtrichtungen. Die interne Baffle vermeidet hot Spots, w\u00e4hrend die externe Baffle das Licht gleichm\u00e4\u00dfig verteilt. (Beides sind abnehmbar, um perfekten Lichtkontrast hervorzurufen.)<\/p>\n","protected":false},"excerpt":{"rendered":"<p>KIT PHOTO LIGHT SOFTBOX LIGHTBANK KIT DYNASUN 2x WOS1021 60x90cm Super Qualit\u00e4t und Tolles Design Metallspeedring Typ Bowens 3 7\/8&#8243; (9,84cm) mit abnehmbarem Bienennestgitter Beschreibung DynaSun WOS1021 Softbox erm\u00f6glicht scharfes Profil, w\u00e4hrend gleichzeitig eine gro\u00dfe Fl\u00e4che mit sanftem Lichteffekt beleuchtet werden kann. Es ist perfekt f\u00fcr professionelle Fashion- und Portr\u00e4tphotographie. Unser Screen kann hot Spot&hellip; <br \/> <a class=\"read-more\" href=\"https:\/\/personalcity.net\/home\/produkt\/2x-softbox-dynasun-pro-wos1021-60x90-mit-bajonet-u-grid-fuer-blitz-studioblitz-leuchten-daylight\/\">Weiterlesen<\/a><\/p>\n","protected":false},"featured_media":4843,"comment_status":"open","ping_status":"closed","template":"","meta":[],"product_cat":[218],"product_tag":[],"class_list":{"0":"post-4842","1":"product","2":"type-product","3":"status-publish","4":"has-post-thumbnail","6":"product_cat-elektronik","8":"first","9":"outofstock","10":"shipping-taxable","11":"purchasable","12":"product-type-simple"},"_links":{"self":[{"href":"https:\/\/personalcity.net\/home\/wp-json\/wp\/v2\/product\/4842","targetHints":{"allow":["GET"]}}],"collection":[{"href":"https:\/\/personalcity.net\/home\/wp-json\/wp\/v2\/product"}],"about":[{"href":"https:\/\/personalcity.net\/home\/wp-json\/wp\/v2\/types\/product"}],"replies":[{"embeddable":true,"href":"https:\/\/personalcity.net\/home\/wp-json\/wp\/v2\/comments?post=4842"}],"wp:featuredmedia":[{"embeddable":true,"href":"https:\/\/personalcity.net\/home\/wp-json\/wp\/v2\/media\/4843"}],"wp:attachment":[{"href":"https:\/\/personalcity.net\/home\/wp-json\/wp\/v2\/media?parent=4842"}],"wp:term":[{"taxonomy":"product_cat","embeddable":true,"href":"https:\/\/personalcity.net\/home\/wp-json\/wp\/v2\/product_cat?post=4842"},{"taxonomy":"product_tag","embeddable":true,"href":"https:\/\/personalcity.net\/home\/wp-json\/wp\/v2\/product_tag?post=4842"}],"curies":[{"name":"wp","href":"https:\/\/api.w.org\/{rel}","templated":true}]}}