{"id":4854,"date":"2024-05-24T11:14:30","date_gmt":"2024-05-24T09:14:30","guid":{"rendered":"http:\/\/personalcity.net\/home\/produkt\/studio-schirm-softbox-dynasun-pro-multifunction-ur05-weiss-white-109cm-diffusor-and-silber-schwarz\/"},"modified":"2025-04-28T15:45:37","modified_gmt":"2025-04-28T13:45:37","slug":"studio-schirm-softbox-dynasun-pro-multifunction-ur05-weiss-white-109cm-diffusor-and-silber-schwarz","status":"publish","type":"product","link":"https:\/\/personalcity.net\/home\/produkt\/studio-schirm-softbox-dynasun-pro-multifunction-ur05-weiss-white-109cm-diffusor-and-silber-schwarz\/","title":{"rendered":"Studio Schirm Softbox DynaSun PRO Multifunction UR05 Weiss White 109cm Diffusor and Silber\/Schwarz"},"content":{"rendered":"<p>Studio Schirm Softbox DynaSun PRO Multifunction UR05 Weiss White 109cm Diffusor and Silber\/Schwarz REFLEKTOR SCHIRM MIT TRENNBAREN 2 SCHICHTEN Beschreibung Unser Studio Schirm DynaSun UR05 hat innen silberne Farbe und au\u00dfen schwarze Farbe. Diese Kombination erbracht den h\u00f6chsten Effekt von reflektiertem Softlicht. Das achteckige Design erzeugt die maximale Reflektion mit gemildertem Lichtverh\u00e4ltnis. Im DynaSun UR05 kit ist auch ein Softschirm mit lichtdurchl\u00e4ssiger Oberfl\u00e4che. Wenn Sie die oberste Schicht abziehen, k\u00f6nnen Sie diese Oberfl\u00e4che auch als Diffusor. Diese Oberfl\u00e4che verbreitet die Lichtquelle auf der Milderung der \u00dcberfl\u00fcsse der Konzentration des Lichtes. Technische Daten &#8211; Surface innen: Silver \/ Silver &#8211; Surface au\u00dfen: Black &#8211; Speaker extra white &#8211; Diameter: 109cm Lieferumfang * Studioschirm Multifunction DynaSun UR05 43&#8243; 109cm<\/p>\n","protected":false},"excerpt":{"rendered":"<p>Studio Schirm Softbox DynaSun PRO Multifunction UR05 Weiss White 109cm Diffusor and Silber\/Schwarz REFLEKTOR SCHIRM MIT TRENNBAREN 2 SCHICHTEN Beschreibung Unser Studio Schirm DynaSun UR05 hat innen silberne Farbe und au\u00dfen schwarze Farbe. Diese Kombination erbracht den h\u00f6chsten Effekt von reflektiertem Softlicht. Das achteckige Design erzeugt die maximale Reflektion mit gemildertem Lichtverh\u00e4ltnis. Im DynaSun UR05&hellip; <br \/> <a class=\"read-more\" href=\"https:\/\/personalcity.net\/home\/produkt\/studio-schirm-softbox-dynasun-pro-multifunction-ur05-weiss-white-109cm-diffusor-and-silber-schwarz\/\">Weiterlesen<\/a><\/p>\n","protected":false},"featured_media":4855,"comment_status":"open","ping_status":"closed","template":"","meta":[],"product_cat":[218],"product_tag":[],"class_list":{"0":"post-4854","1":"product","2":"type-product","3":"status-publish","4":"has-post-thumbnail","6":"product_cat-elektronik","8":"first","9":"outofstock","10":"shipping-taxable","11":"purchasable","12":"product-type-simple"},"_links":{"self":[{"href":"https:\/\/personalcity.net\/home\/wp-json\/wp\/v2\/product\/4854","targetHints":{"allow":["GET"]}}],"collection":[{"href":"https:\/\/personalcity.net\/home\/wp-json\/wp\/v2\/product"}],"about":[{"href":"https:\/\/personalcity.net\/home\/wp-json\/wp\/v2\/types\/product"}],"replies":[{"embeddable":true,"href":"https:\/\/personalcity.net\/home\/wp-json\/wp\/v2\/comments?post=4854"}],"wp:featuredmedia":[{"embeddable":true,"href":"https:\/\/personalcity.net\/home\/wp-json\/wp\/v2\/media\/4855"}],"wp:attachment":[{"href":"https:\/\/personalcity.net\/home\/wp-json\/wp\/v2\/media?parent=4854"}],"wp:term":[{"taxonomy":"product_cat","embeddable":true,"href":"https:\/\/personalcity.net\/home\/wp-json\/wp\/v2\/product_cat?post=4854"},{"taxonomy":"product_tag","embeddable":true,"href":"https:\/\/personalcity.net\/home\/wp-json\/wp\/v2\/product_tag?post=4854"}],"curies":[{"name":"wp","href":"https:\/\/api.w.org\/{rel}","templated":true}]}}