{"id":4862,"date":"2024-05-24T11:14:31","date_gmt":"2024-05-24T09:14:31","guid":{"rendered":"http:\/\/personalcity.net\/home\/produkt\/2x-softbox-dynasun-pro-wos1001-60x90-mit-universal-ring-fuer-blitz-studioblitz-leuchten-daylight\/"},"modified":"2025-04-28T15:45:37","modified_gmt":"2025-04-28T13:45:37","slug":"2x-softbox-dynasun-pro-wos1001-60x90-mit-universal-ring-fuer-blitz-studioblitz-leuchten-daylight","status":"publish","type":"product","link":"https:\/\/personalcity.net\/home\/produkt\/2x-softbox-dynasun-pro-wos1001-60x90-mit-universal-ring-fuer-blitz-studioblitz-leuchten-daylight\/","title":{"rendered":"2x Softbox DynaSun PRO WOS1001 60\u00d790 mit Universal Ring f\u00fcr Blitz \/ Studioblitz \/ Leuchten \/ Daylight"},"content":{"rendered":"<p>KIT PHOTO LICHT SOFTBOX LICHTBANK KIT DYNASUN 2x WOS1001 60x90cm Profi Softbox mit Universal Adapter Komplett Softbox mit Dualblende, Dome Accessory Kit und Universal Adapter Beschreibung Unser DynaSun WOS1001 Softbox erm\u00f6glicht scharfes Profil, w\u00e4hrend gleichzeitig eine gro\u00dfe Fl\u00e4che mit sanftem Lichteffekt beleuchtet werden kann. Es ist perfekt f\u00fcr professionelle Fashion- und Portr\u00e4tphotographie. Unser DynaSun WOS1001 ist die ideale Gr\u00f6\u00dfe f\u00fcr Familienportr\u00e4t, Stillleben und andere kommerzielle Anwendungen. Mit der Blende und wei\u00dfer Frontfl\u00e4che kann dieses Set einen soft Lichteffekt um das Subjet hervorrufen. Ohne Blende und Frontfl\u00e4che wird ein Kontrasteffekt problemlos erzeugt. Unser DynaSun WOS1001 kann eingesetzt werden mit Flashlicht oder kontinuierlichem Daylight zur Produktion eines leuchtenden und gemilderten Lichteffektes. Dadurch werden die Bilder mit brillant Lichtverh\u00e4ltnis versehen. Damit sind Sie flexibel zwischen high-contrast and ultra-soft lighting, und zwar sekundenschnell. Unser abnehmbares System schafft Ihnen die M\u00f6glichkeit, die Beleuchtung besser zu kontrollieren. Mit dem Innen &#8211; und Au\u00dfenblende k\u00f6nnen Sie das Lichtverh\u00e4ltnis optimieren. Unser Angebot beinhaltet einen universal einsetzbaren Ring, mit dem Sie unser Set fast auf jeder Studiobeleuchtung montieren k\u00f6nnen. Damit k\u00f6nnen Sie mit vielen Beleuchtungen arbeiten, ob die quadratisch oder rechteckig sind. Unser System macht Sie unabh\u00e4ngig von einem bestimmten Produkt und gibt Ihnen solche Selbstsicherheit und Flexibilit\u00e4t bei der Lichtsteuerung. Lieferumfang * 2x Lichtbank Soft Box 60&#215;90 * 4x Diffusor Weiss * 8x Mounting rods * 2x Universal Metall Ringadapter<\/p>\n","protected":false},"excerpt":{"rendered":"<p>KIT PHOTO LICHT SOFTBOX LICHTBANK KIT DYNASUN 2x WOS1001 60x90cm Profi Softbox mit Universal Adapter Komplett Softbox mit Dualblende, Dome Accessory Kit und Universal Adapter Beschreibung Unser DynaSun WOS1001 Softbox erm\u00f6glicht scharfes Profil, w\u00e4hrend gleichzeitig eine gro\u00dfe Fl\u00e4che mit sanftem Lichteffekt beleuchtet werden kann. Es ist perfekt f\u00fcr professionelle Fashion- und Portr\u00e4tphotographie. Unser DynaSun WOS1001&hellip; <br \/> <a class=\"read-more\" href=\"https:\/\/personalcity.net\/home\/produkt\/2x-softbox-dynasun-pro-wos1001-60x90-mit-universal-ring-fuer-blitz-studioblitz-leuchten-daylight\/\">Weiterlesen<\/a><\/p>\n","protected":false},"featured_media":4863,"comment_status":"open","ping_status":"closed","template":"","meta":[],"product_cat":[218],"product_tag":[],"class_list":{"0":"post-4862","1":"product","2":"type-product","3":"status-publish","4":"has-post-thumbnail","6":"product_cat-elektronik","8":"first","9":"outofstock","10":"shipping-taxable","11":"purchasable","12":"product-type-simple"},"_links":{"self":[{"href":"https:\/\/personalcity.net\/home\/wp-json\/wp\/v2\/product\/4862","targetHints":{"allow":["GET"]}}],"collection":[{"href":"https:\/\/personalcity.net\/home\/wp-json\/wp\/v2\/product"}],"about":[{"href":"https:\/\/personalcity.net\/home\/wp-json\/wp\/v2\/types\/product"}],"replies":[{"embeddable":true,"href":"https:\/\/personalcity.net\/home\/wp-json\/wp\/v2\/comments?post=4862"}],"wp:featuredmedia":[{"embeddable":true,"href":"https:\/\/personalcity.net\/home\/wp-json\/wp\/v2\/media\/4863"}],"wp:attachment":[{"href":"https:\/\/personalcity.net\/home\/wp-json\/wp\/v2\/media?parent=4862"}],"wp:term":[{"taxonomy":"product_cat","embeddable":true,"href":"https:\/\/personalcity.net\/home\/wp-json\/wp\/v2\/product_cat?post=4862"},{"taxonomy":"product_tag","embeddable":true,"href":"https:\/\/personalcity.net\/home\/wp-json\/wp\/v2\/product_tag?post=4862"}],"curies":[{"name":"wp","href":"https:\/\/api.w.org\/{rel}","templated":true}]}}