{"id":4881,"date":"2024-05-24T11:14:41","date_gmt":"2024-05-24T09:14:41","guid":{"rendered":"http:\/\/personalcity.net\/home\/produkt\/studio-schirm-softbox-dynasun-pro-ur02-gold-schwarz-84cm-studioschirm-reflektorschirm-studioleuchte\/"},"modified":"2025-04-28T15:45:20","modified_gmt":"2025-04-28T13:45:20","slug":"studio-schirm-softbox-dynasun-pro-ur02-gold-schwarz-84cm-studioschirm-reflektorschirm-studioleuchte","status":"publish","type":"product","link":"https:\/\/personalcity.net\/home\/produkt\/studio-schirm-softbox-dynasun-pro-ur02-gold-schwarz-84cm-studioschirm-reflektorschirm-studioleuchte\/","title":{"rendered":"Studio Schirm Softbox DynaSun PRO UR02 Gold-Schwarz 84cm Studioschirm Reflektorschirm Studioleuchte"},"content":{"rendered":"<p>Studio Schirm Softbox DynaSun PRO UR02 Gold-Schwarz 84cm Studioschirm Reflektorschirm Studioleuchte Beschreibung Studioschirme sind die wichtigsten Lichtformer im Studio. Die gold Schirm macht die Lichtfarbe w\u00e4rmer und eignet sich vor allem f\u00fcr die Portraitfotografie. Das Licht wird durch die Goldfarbene Beschichtung etwas gelber, dadurch werden die Hautt\u00f6ne besser dargestellt. Die Au\u00dfenseite ist Schwarz. Ideal als Erg\u00e4nzung zu unseren Studioset-Angeboten. Passt in jeden Standard- Reflexschirm-Halter. Die DynaSun Studioschirme sind professionell verarbeitet und trotzdem preiswert. Technische Daten * Farbe: Gold\/Schwarz * F\u00fcr w\u00e4rmer Lichtfarbe * eignet sich f\u00fcr die Portraitfotografie * Die Au\u00dfenseite ist Schwarz * Passt in jeden Standard- Reflexschirm-Halter * Durchmesser: 84cm Lieferumfang * Studioschirm DynaSun UR02GB Gold\/Schwarz 84cm<\/p>\n","protected":false},"excerpt":{"rendered":"<p>Studio Schirm Softbox DynaSun PRO UR02 Gold-Schwarz 84cm Studioschirm Reflektorschirm Studioleuchte Beschreibung Studioschirme sind die wichtigsten Lichtformer im Studio. Die gold Schirm macht die Lichtfarbe w\u00e4rmer und eignet sich vor allem f\u00fcr die Portraitfotografie. Das Licht wird durch die Goldfarbene Beschichtung etwas gelber, dadurch werden die Hautt\u00f6ne besser dargestellt. Die Au\u00dfenseite ist Schwarz. Ideal als&hellip; <br \/> <a class=\"read-more\" href=\"https:\/\/personalcity.net\/home\/produkt\/studio-schirm-softbox-dynasun-pro-ur02-gold-schwarz-84cm-studioschirm-reflektorschirm-studioleuchte\/\">Weiterlesen<\/a><\/p>\n","protected":false},"featured_media":4882,"comment_status":"open","ping_status":"closed","template":"","meta":[],"product_cat":[218],"product_tag":[],"class_list":{"0":"post-4881","1":"product","2":"type-product","3":"status-publish","4":"has-post-thumbnail","6":"product_cat-elektronik","8":"first","9":"outofstock","10":"shipping-taxable","11":"purchasable","12":"product-type-simple"},"_links":{"self":[{"href":"https:\/\/personalcity.net\/home\/wp-json\/wp\/v2\/product\/4881","targetHints":{"allow":["GET"]}}],"collection":[{"href":"https:\/\/personalcity.net\/home\/wp-json\/wp\/v2\/product"}],"about":[{"href":"https:\/\/personalcity.net\/home\/wp-json\/wp\/v2\/types\/product"}],"replies":[{"embeddable":true,"href":"https:\/\/personalcity.net\/home\/wp-json\/wp\/v2\/comments?post=4881"}],"wp:featuredmedia":[{"embeddable":true,"href":"https:\/\/personalcity.net\/home\/wp-json\/wp\/v2\/media\/4882"}],"wp:attachment":[{"href":"https:\/\/personalcity.net\/home\/wp-json\/wp\/v2\/media?parent=4881"}],"wp:term":[{"taxonomy":"product_cat","embeddable":true,"href":"https:\/\/personalcity.net\/home\/wp-json\/wp\/v2\/product_cat?post=4881"},{"taxonomy":"product_tag","embeddable":true,"href":"https:\/\/personalcity.net\/home\/wp-json\/wp\/v2\/product_tag?post=4881"}],"curies":[{"name":"wp","href":"https:\/\/api.w.org\/{rel}","templated":true}]}}