{"id":4895,"date":"2024-05-24T11:14:45","date_gmt":"2024-05-24T09:14:45","guid":{"rendered":"http:\/\/personalcity.net\/home\/produkt\/2x-schirm-softbox-dynasun-pro-ur02-1-weiss-diffusor-1-studioschirm-reflektorschirm-silber-84cm\/"},"modified":"2025-04-28T15:45:20","modified_gmt":"2025-04-28T13:45:20","slug":"2x-schirm-softbox-dynasun-pro-ur02-1-weiss-diffusor-1-studioschirm-reflektorschirm-silber-84cm","status":"publish","type":"product","link":"https:\/\/personalcity.net\/home\/produkt\/2x-schirm-softbox-dynasun-pro-ur02-1-weiss-diffusor-1-studioschirm-reflektorschirm-silber-84cm\/","title":{"rendered":"2x Schirm Softbox DynaSun PRO UR02 =1 Weiss Diffusor ,1 Studioschirm Reflektorschirm Silber 84cm"},"content":{"rendered":"<p>2x Schirm Softbox DynaSun PRO UR02 Weiss Diffusor + Studioschirm Reflektorschirm Silber 84cm Beschreibung Studioschirm Weiss Studioschirme sind die wichtigsten Lichtformer im Studio. Die wei\u00dfen Schirme eignen sich als Reflexschirm sowie f\u00fcr Durchlicht und geben ein gleichm\u00e4\u00dfig weiches Licht. Dieser Reflexschirm eignet sich als Durchlichtschirm mit sehr weicher Lichtcharakteristik f\u00fcr alle Anwendungsgebiete. Der softe Studioschirm \/ Durchlichtschirm gibt weiches, gleichm\u00e4\u00dfiges Licht und verringert harte Schatten. Ideal als Erg\u00e4nzung zu unseren Studioset-Angeboten. Passt in jeden Standard- Reflexschirm-Halter. Studioschirm Silber Dieser Reflexschirm eignet sich ideal f\u00fcr Portaits oder Sachaufnahmen bei denen ein Licht ben\u00f6tigt wird, das etwas h\u00e4rter ist. Der silberne Studio-Reflexschirm bewirkt eine starke Reflektion, f\u00fcr harte Kontraste. Ideal als Erg\u00e4nzung zu unseren Studioset-Angeboten. Passt in jeden Standard- Reflexschirm-Halter. Die DynaSun Studioschirme sind professionell verarbeitet und trotzdem preiswert. Technische Daten Studioschirm Weiss * Farbe: Weiss * Passt in jeden Standard- Reflexschirm-Halter * f\u00fcr weiches, gleichm\u00e4\u00dfiges Licht * Verringert harte Schatten * Durchmesser: 84cm Studioschirm Silber * Farbe: Silber * Passt in jeden Standard- Reflexschirm-Halter * F\u00fcr eine starke Reflektion und harte Kontraste * Eignet sich ideal f\u00fcr Portaits * Diameter: 84cm Lieferumfang * Studioschirm DynaSun UR02W Weiss 84cm * Studioschirm DynaSun UR02S Silber 84cm<\/p>\n","protected":false},"excerpt":{"rendered":"<p>2x Schirm Softbox DynaSun PRO UR02 Weiss Diffusor + Studioschirm Reflektorschirm Silber 84cm Beschreibung Studioschirm Weiss Studioschirme sind die wichtigsten Lichtformer im Studio. Die wei\u00dfen Schirme eignen sich als Reflexschirm sowie f\u00fcr Durchlicht und geben ein gleichm\u00e4\u00dfig weiches Licht. Dieser Reflexschirm eignet sich als Durchlichtschirm mit sehr weicher Lichtcharakteristik f\u00fcr alle Anwendungsgebiete. Der softe Studioschirm&hellip; <br \/> <a class=\"read-more\" href=\"https:\/\/personalcity.net\/home\/produkt\/2x-schirm-softbox-dynasun-pro-ur02-1-weiss-diffusor-1-studioschirm-reflektorschirm-silber-84cm\/\">Weiterlesen<\/a><\/p>\n","protected":false},"featured_media":4896,"comment_status":"open","ping_status":"closed","template":"","meta":[],"product_cat":[218],"product_tag":[],"class_list":{"0":"post-4895","1":"product","2":"type-product","3":"status-publish","4":"has-post-thumbnail","6":"product_cat-elektronik","8":"first","9":"outofstock","10":"shipping-taxable","11":"purchasable","12":"product-type-simple"},"_links":{"self":[{"href":"https:\/\/personalcity.net\/home\/wp-json\/wp\/v2\/product\/4895","targetHints":{"allow":["GET"]}}],"collection":[{"href":"https:\/\/personalcity.net\/home\/wp-json\/wp\/v2\/product"}],"about":[{"href":"https:\/\/personalcity.net\/home\/wp-json\/wp\/v2\/types\/product"}],"replies":[{"embeddable":true,"href":"https:\/\/personalcity.net\/home\/wp-json\/wp\/v2\/comments?post=4895"}],"wp:featuredmedia":[{"embeddable":true,"href":"https:\/\/personalcity.net\/home\/wp-json\/wp\/v2\/media\/4896"}],"wp:attachment":[{"href":"https:\/\/personalcity.net\/home\/wp-json\/wp\/v2\/media?parent=4895"}],"wp:term":[{"taxonomy":"product_cat","embeddable":true,"href":"https:\/\/personalcity.net\/home\/wp-json\/wp\/v2\/product_cat?post=4895"},{"taxonomy":"product_tag","embeddable":true,"href":"https:\/\/personalcity.net\/home\/wp-json\/wp\/v2\/product_tag?post=4895"}],"curies":[{"name":"wp","href":"https:\/\/api.w.org\/{rel}","templated":true}]}}