{"id":4897,"date":"2024-05-24T11:14:46","date_gmt":"2024-05-24T09:14:46","guid":{"rendered":"http:\/\/personalcity.net\/home\/produkt\/studio-schirm-softbox-dynasun-pro-ur02-silber-109cm-studioschirm-reflektorschirm-fuer-studioleuchte\/"},"modified":"2025-04-28T15:45:20","modified_gmt":"2025-04-28T13:45:20","slug":"studio-schirm-softbox-dynasun-pro-ur02-silber-109cm-studioschirm-reflektorschirm-fuer-studioleuchte","status":"publish","type":"product","link":"https:\/\/personalcity.net\/home\/produkt\/studio-schirm-softbox-dynasun-pro-ur02-silber-109cm-studioschirm-reflektorschirm-fuer-studioleuchte\/","title":{"rendered":"Studio Schirm Softbox DynaSun PRO UR02 Silber 109cm Studioschirm Reflektorschirm f\u00fcr Studioleuchte"},"content":{"rendered":"<p>Studio Schirm Softbox DynaSun PRO UR02 Silber 109cm Studioschirm Reflektorschirm f\u00fcr Studioleuchte Beschreibung Dieser Reflexschirm eignet sich ideal f\u00fcr Portaits oder Sachaufnahmen bei denen ein Licht ben\u00f6tigt wird, das etwas h\u00e4rter ist. Der silberne Studio-Reflexschirm bewirkt eine starke Reflektion, f\u00fcr harte Kontraste. Ideal als Erg\u00e4nzung zu unseren Studioset-Angeboten. Passt in jeden Standard- Reflexschirm-Halter. Die DynaSun Studioschirme sind professionell verarbeitet und trotzdem preiswert. Technische Daten * Farbe: Silber * Passt in jeden Standard- Reflexschirm-Halter * F\u00fcr eine starke Reflektion und harte Kontraste * Eignet sich ideal f\u00fcr Portaits * Diameter: 109cm Lieferumfang * Studioschirm DynaSun UR02S Silber 109cm<\/p>\n","protected":false},"excerpt":{"rendered":"<p>Studio Schirm Softbox DynaSun PRO UR02 Silber 109cm Studioschirm Reflektorschirm f\u00fcr Studioleuchte Beschreibung Dieser Reflexschirm eignet sich ideal f\u00fcr Portaits oder Sachaufnahmen bei denen ein Licht ben\u00f6tigt wird, das etwas h\u00e4rter ist. Der silberne Studio-Reflexschirm bewirkt eine starke Reflektion, f\u00fcr harte Kontraste. Ideal als Erg\u00e4nzung zu unseren Studioset-Angeboten. Passt in jeden Standard- Reflexschirm-Halter. Die DynaSun&hellip; <br \/> <a class=\"read-more\" href=\"https:\/\/personalcity.net\/home\/produkt\/studio-schirm-softbox-dynasun-pro-ur02-silber-109cm-studioschirm-reflektorschirm-fuer-studioleuchte\/\">Weiterlesen<\/a><\/p>\n","protected":false},"featured_media":4898,"comment_status":"open","ping_status":"closed","template":"","meta":[],"product_cat":[218],"product_tag":[],"class_list":{"0":"post-4897","1":"product","2":"type-product","3":"status-publish","4":"has-post-thumbnail","6":"product_cat-elektronik","8":"first","9":"outofstock","10":"shipping-taxable","11":"purchasable","12":"product-type-simple"},"_links":{"self":[{"href":"https:\/\/personalcity.net\/home\/wp-json\/wp\/v2\/product\/4897","targetHints":{"allow":["GET"]}}],"collection":[{"href":"https:\/\/personalcity.net\/home\/wp-json\/wp\/v2\/product"}],"about":[{"href":"https:\/\/personalcity.net\/home\/wp-json\/wp\/v2\/types\/product"}],"replies":[{"embeddable":true,"href":"https:\/\/personalcity.net\/home\/wp-json\/wp\/v2\/comments?post=4897"}],"wp:featuredmedia":[{"embeddable":true,"href":"https:\/\/personalcity.net\/home\/wp-json\/wp\/v2\/media\/4898"}],"wp:attachment":[{"href":"https:\/\/personalcity.net\/home\/wp-json\/wp\/v2\/media?parent=4897"}],"wp:term":[{"taxonomy":"product_cat","embeddable":true,"href":"https:\/\/personalcity.net\/home\/wp-json\/wp\/v2\/product_cat?post=4897"},{"taxonomy":"product_tag","embeddable":true,"href":"https:\/\/personalcity.net\/home\/wp-json\/wp\/v2\/product_tag?post=4897"}],"curies":[{"name":"wp","href":"https:\/\/api.w.org\/{rel}","templated":true}]}}