{"id":4908,"date":"2024-05-24T11:14:52","date_gmt":"2024-05-24T09:14:52","guid":{"rendered":"http:\/\/personalcity.net\/home\/produkt\/2x-studio-schirm-softbox-dynasun-pro-ur02-weiss-white-84cm-studioschirm-diffusor-fuer-studioleuchte\/"},"modified":"2025-04-28T15:45:20","modified_gmt":"2025-04-28T13:45:20","slug":"2x-studio-schirm-softbox-dynasun-pro-ur02-weiss-white-84cm-studioschirm-diffusor-fuer-studioleuchte","status":"publish","type":"product","link":"https:\/\/personalcity.net\/home\/produkt\/2x-studio-schirm-softbox-dynasun-pro-ur02-weiss-white-84cm-studioschirm-diffusor-fuer-studioleuchte\/","title":{"rendered":"2x Studio Schirm Softbox DynaSun PRO UR02 Weiss White 84cm Studioschirm Diffusor f\u00fcr Studioleuchte"},"content":{"rendered":"<p>2x Studio Schirm Softbox DynaSun PRO UR02 Weiss White 84cm Studioschirm Diffusor f\u00fcr Studioleuchte Beschreibung Studioschirme sind die wichtigsten Lichtformer im Studio. Die wei\u00dfen Schirme eignen sich als Reflexschirm sowie f\u00fcr Durchlicht und geben ein gleichm\u00e4\u00dfig weiches Licht. Dieser Reflexschirm eignet sich als Durchlichtschirm mit sehr weicher Lichtcharakteristik f\u00fcr alle Anwendungsgebiete. Der softe Studioschirm \/ Durchlichtschirm gibt weiches, gleichm\u00e4\u00dfiges Licht und verringert harte Schatten. Ideal als Erg\u00e4nzung zu unseren Studioset-Angeboten. Passt in jeden Standard- Reflexschirm-Halter. Die DynaSun Studioschirme sind professionell verarbeitet und trotzdem preiswert. Technische Daten * Farbe: Weiss * Passt in jeden Standard- Reflexschirm-Halter * f\u00fcr weiches, gleichm\u00e4\u00dfiges Licht * Verringert harte Schatten * Durchmesser: 84cm Lieferumfang * 2x Studioschirm DynaSun UR02W Weiss 84cm<\/p>\n","protected":false},"excerpt":{"rendered":"<p>2x Studio Schirm Softbox DynaSun PRO UR02 Weiss White 84cm Studioschirm Diffusor f\u00fcr Studioleuchte Beschreibung Studioschirme sind die wichtigsten Lichtformer im Studio. Die wei\u00dfen Schirme eignen sich als Reflexschirm sowie f\u00fcr Durchlicht und geben ein gleichm\u00e4\u00dfig weiches Licht. Dieser Reflexschirm eignet sich als Durchlichtschirm mit sehr weicher Lichtcharakteristik f\u00fcr alle Anwendungsgebiete. Der softe Studioschirm \/&hellip; <br \/> <a class=\"read-more\" href=\"https:\/\/personalcity.net\/home\/produkt\/2x-studio-schirm-softbox-dynasun-pro-ur02-weiss-white-84cm-studioschirm-diffusor-fuer-studioleuchte\/\">Weiterlesen<\/a><\/p>\n","protected":false},"featured_media":4909,"comment_status":"open","ping_status":"closed","template":"","meta":[],"product_cat":[218],"product_tag":[],"class_list":{"0":"post-4908","1":"product","2":"type-product","3":"status-publish","4":"has-post-thumbnail","6":"product_cat-elektronik","8":"first","9":"outofstock","10":"shipping-taxable","11":"purchasable","12":"product-type-simple"},"_links":{"self":[{"href":"https:\/\/personalcity.net\/home\/wp-json\/wp\/v2\/product\/4908","targetHints":{"allow":["GET"]}}],"collection":[{"href":"https:\/\/personalcity.net\/home\/wp-json\/wp\/v2\/product"}],"about":[{"href":"https:\/\/personalcity.net\/home\/wp-json\/wp\/v2\/types\/product"}],"replies":[{"embeddable":true,"href":"https:\/\/personalcity.net\/home\/wp-json\/wp\/v2\/comments?post=4908"}],"wp:featuredmedia":[{"embeddable":true,"href":"https:\/\/personalcity.net\/home\/wp-json\/wp\/v2\/media\/4909"}],"wp:attachment":[{"href":"https:\/\/personalcity.net\/home\/wp-json\/wp\/v2\/media?parent=4908"}],"wp:term":[{"taxonomy":"product_cat","embeddable":true,"href":"https:\/\/personalcity.net\/home\/wp-json\/wp\/v2\/product_cat?post=4908"},{"taxonomy":"product_tag","embeddable":true,"href":"https:\/\/personalcity.net\/home\/wp-json\/wp\/v2\/product_tag?post=4908"}],"curies":[{"name":"wp","href":"https:\/\/api.w.org\/{rel}","templated":true}]}}