{"id":4916,"date":"2024-05-24T11:14:53","date_gmt":"2024-05-24T09:14:53","guid":{"rendered":"http:\/\/personalcity.net\/home\/produkt\/2-schirm-softbox-dynasun-pro-ur02-1-weiss-diffusor-1-studioschirm-reflektorschirm-gold-schwarz-109\/"},"modified":"2025-04-28T15:45:20","modified_gmt":"2025-04-28T13:45:20","slug":"2-schirm-softbox-dynasun-pro-ur02-1-weiss-diffusor-1-studioschirm-reflektorschirm-gold-schwarz-109","status":"publish","type":"product","link":"https:\/\/personalcity.net\/home\/produkt\/2-schirm-softbox-dynasun-pro-ur02-1-weiss-diffusor-1-studioschirm-reflektorschirm-gold-schwarz-109\/","title":{"rendered":"2 Schirm Softbox DynaSun PRO UR02 =1 Weiss Diffusor ,1 Studioschirm Reflektorschirm Gold-Schwarz 109"},"content":{"rendered":"<p>2x Schirm Softbox DynaSun PRO UR02 Weiss Diffusor + Studioschirm Reflektorschirm Gold-Schwarz 109cm Beschreibung Studioschirm Weiss Studioschirme sind die wichtigsten Lichtformer im Studio. Die wei\u00dfen Schirme eignen sich als Reflexschirm sowie f\u00fcr Durchlicht und geben ein gleichm\u00e4\u00dfig weiches Licht. Dieser Reflexschirm eignet sich als Durchlichtschirm mit sehr weicher Lichtcharakteristik f\u00fcr alle Anwendungsgebiete. Der softe Studioschirm \/ Durchlichtschirm gibt weiches, gleichm\u00e4\u00dfiges Licht und verringert harte Schatten. Ideal als Erg\u00e4nzung zu unseren Studioset-Angeboten. Passt in jeden Standard- Reflexschirm-Halter. Studioschirm Gold\/Schwarz Studioschirme sind die wichtigsten Lichtformer im Studio. Die gold Schirm macht die Lichtfarbe w\u00e4rmer und eignet sich vor allem f\u00fcr die Portraitfotografie. Das Licht wird durch die Goldfarbene Beschichtung etwas gelber, dadurch werden die Hautt\u00f6ne besser dargestellt. Die Au\u00dfenseite ist Schwarz. Ideal als Erg\u00e4nzung zu unseren Studioset-Angeboten. Passt in jeden Standard- Reflexschirm-Halter. Die DynaSun Studioschirme sind professionell verarbeitet und trotzdem preiswert. Technische Daten Studioschirm Weiss * Farbe: Weiss * Passt in jeden Standard- Reflexschirm-Halter * f\u00fcr weiches, gleichm\u00e4\u00dfiges Licht * Verringert harte Schatten * Durchmesser: 109cm Studioschirm Gold\/Schwarz * Farbe: Gold\/Schwarz * F\u00fcr w\u00e4rmer Lichtfarbe * eignet sich f\u00fcr die Portraitfotografie * Die Au\u00dfenseite ist Schwarz * Passt in jeden Standard- Reflexschirm-Halter * Durchmesser: 109cm Lieferumfang * Studioschirm DynaSun UR02W Weiss 109cm * Studioschirm DynaSun UR02GB Gold\/Schwarz 109cm<\/p>\n","protected":false},"excerpt":{"rendered":"<p>2x Schirm Softbox DynaSun PRO UR02 Weiss Diffusor + Studioschirm Reflektorschirm Gold-Schwarz 109cm Beschreibung Studioschirm Weiss Studioschirme sind die wichtigsten Lichtformer im Studio. Die wei\u00dfen Schirme eignen sich als Reflexschirm sowie f\u00fcr Durchlicht und geben ein gleichm\u00e4\u00dfig weiches Licht. Dieser Reflexschirm eignet sich als Durchlichtschirm mit sehr weicher Lichtcharakteristik f\u00fcr alle Anwendungsgebiete. Der softe Studioschirm&hellip; <br \/> <a class=\"read-more\" href=\"https:\/\/personalcity.net\/home\/produkt\/2-schirm-softbox-dynasun-pro-ur02-1-weiss-diffusor-1-studioschirm-reflektorschirm-gold-schwarz-109\/\">Weiterlesen<\/a><\/p>\n","protected":false},"featured_media":4917,"comment_status":"open","ping_status":"closed","template":"","meta":[],"product_cat":[218],"product_tag":[],"class_list":{"0":"post-4916","1":"product","2":"type-product","3":"status-publish","4":"has-post-thumbnail","6":"product_cat-elektronik","8":"first","9":"outofstock","10":"shipping-taxable","11":"purchasable","12":"product-type-simple"},"_links":{"self":[{"href":"https:\/\/personalcity.net\/home\/wp-json\/wp\/v2\/product\/4916","targetHints":{"allow":["GET"]}}],"collection":[{"href":"https:\/\/personalcity.net\/home\/wp-json\/wp\/v2\/product"}],"about":[{"href":"https:\/\/personalcity.net\/home\/wp-json\/wp\/v2\/types\/product"}],"replies":[{"embeddable":true,"href":"https:\/\/personalcity.net\/home\/wp-json\/wp\/v2\/comments?post=4916"}],"wp:featuredmedia":[{"embeddable":true,"href":"https:\/\/personalcity.net\/home\/wp-json\/wp\/v2\/media\/4917"}],"wp:attachment":[{"href":"https:\/\/personalcity.net\/home\/wp-json\/wp\/v2\/media?parent=4916"}],"wp:term":[{"taxonomy":"product_cat","embeddable":true,"href":"https:\/\/personalcity.net\/home\/wp-json\/wp\/v2\/product_cat?post=4916"},{"taxonomy":"product_tag","embeddable":true,"href":"https:\/\/personalcity.net\/home\/wp-json\/wp\/v2\/product_tag?post=4916"}],"curies":[{"name":"wp","href":"https:\/\/api.w.org\/{rel}","templated":true}]}}