{"id":4918,"date":"2024-05-24T11:14:53","date_gmt":"2024-05-24T09:14:53","guid":{"rendered":"http:\/\/personalcity.net\/home\/produkt\/dynasun-pro-ur02-xxl-150cm-studio-schirm-softbox-weiss-white-studioschirm-diffusor-fuer-studioleuchte\/"},"modified":"2025-04-28T15:45:20","modified_gmt":"2025-04-28T13:45:20","slug":"dynasun-pro-ur02-xxl-150cm-studio-schirm-softbox-weiss-white-studioschirm-diffusor-fuer-studioleuchte","status":"publish","type":"product","link":"https:\/\/personalcity.net\/home\/produkt\/dynasun-pro-ur02-xxl-150cm-studio-schirm-softbox-weiss-white-studioschirm-diffusor-fuer-studioleuchte\/","title":{"rendered":"DynaSun PRO UR02 XXL 150cm Studio Schirm Softbox Weiss White Studioschirm Diffusor f\u00fcr Studioleuchte"},"content":{"rendered":"<p>Studio Schirm Softbox DynaSun PRO UR02 XXL 150cm Weiss White Studioschirm Diffusor f\u00fcr Studioleuchte Beschreibung Studioschirme sind die wichtigsten Lichtformer im Studio. Die wei\u00dfen Schirme eignen sich als Reflexschirm sowie f\u00fcr Durchlicht und geben ein gleichm\u00e4\u00dfig weiches Licht. Dieser Studioschirm eignet sich als Durchlichtschirm mit sehr weicher Lichtcharakteristik f\u00fcr alle Anwendungsgebiete. Mit diesem DynaSun UR02W Profi Studioschirm in Weiss l\u00e4sst sich das Licht Ihres Blitzes optimal reflektieren\/steuern. Ob bei Produkt, Katalog oder Hobbyfotografie &#8211; mit dem Diffusorschirm DynaSun UR02W Profi Studioschirm werden Ihre Bilder noch lebensechter durch den gleichm\u00e4\u00dfigem Lichteinfall und den bessere Reflexionen. Mit diesem Weiss Diffusor Studioschirm, von 150cm Durchmesser, haben Sie die M\u00f6glichkeit ein Model fast in G\u00e4nze gleichm\u00e4\u00dfig auszuleuchten. Ideal als Erg\u00e4nzung zu unseren Studioset-Angeboten. Passt in jeden Standard- Reflexschirm-Halter. Die DynaSun Studioschirme sind professionell verarbeitet und trotzdem preiswert. Technische Daten * Farbe: Weiss * Durchmesser: 150cm * Stange: 8mm * Passt in jeden Standard- Reflexschirm-Halter * F\u00fcr weiches, gleichm\u00e4\u00dfiges Licht * Verringert harte Schatten * Optimal f\u00fcr Produktfotografie * Schnell aufgespannt und einsatzbereit * Ideal f\u00fcr unterwegs * Gro\u00dffl\u00e4chige und gleichm\u00e4\u00dfige Ausleuchtung * Perfekt f\u00fcr Studio und OnLocation Outdoor, Fashion &#038; Beauty Aufnahmen Lieferumfang * Studioschirm DynaSun UR02W Weiss 150cm<\/p>\n","protected":false},"excerpt":{"rendered":"<p>Studio Schirm Softbox DynaSun PRO UR02 XXL 150cm Weiss White Studioschirm Diffusor f\u00fcr Studioleuchte Beschreibung Studioschirme sind die wichtigsten Lichtformer im Studio. Die wei\u00dfen Schirme eignen sich als Reflexschirm sowie f\u00fcr Durchlicht und geben ein gleichm\u00e4\u00dfig weiches Licht. Dieser Studioschirm eignet sich als Durchlichtschirm mit sehr weicher Lichtcharakteristik f\u00fcr alle Anwendungsgebiete. Mit diesem DynaSun UR02W&hellip; <br \/> <a class=\"read-more\" href=\"https:\/\/personalcity.net\/home\/produkt\/dynasun-pro-ur02-xxl-150cm-studio-schirm-softbox-weiss-white-studioschirm-diffusor-fuer-studioleuchte\/\">Weiterlesen<\/a><\/p>\n","protected":false},"featured_media":4919,"comment_status":"open","ping_status":"closed","template":"","meta":[],"product_cat":[218],"product_tag":[],"class_list":{"0":"post-4918","1":"product","2":"type-product","3":"status-publish","4":"has-post-thumbnail","6":"product_cat-elektronik","8":"first","9":"outofstock","10":"shipping-taxable","11":"purchasable","12":"product-type-simple"},"_links":{"self":[{"href":"https:\/\/personalcity.net\/home\/wp-json\/wp\/v2\/product\/4918","targetHints":{"allow":["GET"]}}],"collection":[{"href":"https:\/\/personalcity.net\/home\/wp-json\/wp\/v2\/product"}],"about":[{"href":"https:\/\/personalcity.net\/home\/wp-json\/wp\/v2\/types\/product"}],"replies":[{"embeddable":true,"href":"https:\/\/personalcity.net\/home\/wp-json\/wp\/v2\/comments?post=4918"}],"wp:featuredmedia":[{"embeddable":true,"href":"https:\/\/personalcity.net\/home\/wp-json\/wp\/v2\/media\/4919"}],"wp:attachment":[{"href":"https:\/\/personalcity.net\/home\/wp-json\/wp\/v2\/media?parent=4918"}],"wp:term":[{"taxonomy":"product_cat","embeddable":true,"href":"https:\/\/personalcity.net\/home\/wp-json\/wp\/v2\/product_cat?post=4918"},{"taxonomy":"product_tag","embeddable":true,"href":"https:\/\/personalcity.net\/home\/wp-json\/wp\/v2\/product_tag?post=4918"}],"curies":[{"name":"wp","href":"https:\/\/api.w.org\/{rel}","templated":true}]}}