{"id":4923,"date":"2024-05-24T11:14:57","date_gmt":"2024-05-24T09:14:57","guid":{"rendered":"http:\/\/personalcity.net\/home\/produkt\/universal-blitzschiene-blitzhalter-winkelschiene-dynasun-lh03-kameraschiene-fuer-kamera-mit-blitz\/"},"modified":"2025-04-28T15:44:54","modified_gmt":"2025-04-28T13:44:54","slug":"universal-blitzschiene-blitzhalter-winkelschiene-dynasun-lh03-kameraschiene-fuer-kamera-mit-blitz","status":"publish","type":"product","link":"https:\/\/personalcity.net\/home\/produkt\/universal-blitzschiene-blitzhalter-winkelschiene-dynasun-lh03-kameraschiene-fuer-kamera-mit-blitz\/","title":{"rendered":"Universal Blitzschiene Blitzhalter Winkelschiene DynaSun LH03 Kameraschiene f\u00fcr Kamera mit Blitz"},"content":{"rendered":"<p>Universal Blitzschiene Blitzhalter Winkelschiene DynaSun LH03 Kameraschiene f\u00fcr Kamera mit Blitz Kompatible mit allen Digital Kameras mit Standard Gewinde Beschreibung Unser kompakt Blitzhalter DynaSun LH03 kann auf allen TLR, SLR, der Digital Kameras mit Standard Gewinde montiert werden. Durch die Klapp-Blitzschiene wird der Abstand vom Blitzger\u00e4t zum Objektiv vergr\u00f6\u00dfert wodurch st\u00f6rende Effekte wie rote Augen werden dadurch reduziert. Sie k\u00f6nnen die Winkelschiene entweder in der Hand halten oder auf ein Kamerastativ schrauben. Innenaufnahmen erhalten durch die Schiene eine bessere Ausleuchtung was die Bildqualit\u00e4t wesentlich verbessert. So erzielen Sie mit wenig Aufwand eine bessere Ausleuchtung Ihres Foto-Sets als mit einem direkt aufgesetzten Blitz. Den Blitz links, rechts, oberhalb oder unterhalb der Kamera &#8211; alles ist m\u00f6glich. Es ist leicht mitzunehmen und passt in jede Tasche rein. Es ist ein Muss f\u00fcr jeden Fotograf. Technische Daten * Mit Blitzschuh und Stativschraube f\u00fcr Kamera * F\u00fcr alle g\u00e4ngigen Kamera- und Stativmodelle * Hochwertige Metallausf\u00fchrung * Schwarz Metall Blitzschiene mit weichem Handgriff * Leicht mitzunehmen * Erweicht scharfe Schatten<\/p>\n","protected":false},"excerpt":{"rendered":"<p>Universal Blitzschiene Blitzhalter Winkelschiene DynaSun LH03 Kameraschiene f\u00fcr Kamera mit Blitz Kompatible mit allen Digital Kameras mit Standard Gewinde Beschreibung Unser kompakt Blitzhalter DynaSun LH03 kann auf allen TLR, SLR, der Digital Kameras mit Standard Gewinde montiert werden. Durch die Klapp-Blitzschiene wird der Abstand vom Blitzger\u00e4t zum Objektiv vergr\u00f6\u00dfert wodurch st\u00f6rende Effekte wie rote Augen&hellip; <br \/> <a class=\"read-more\" href=\"https:\/\/personalcity.net\/home\/produkt\/universal-blitzschiene-blitzhalter-winkelschiene-dynasun-lh03-kameraschiene-fuer-kamera-mit-blitz\/\">Weiterlesen<\/a><\/p>\n","protected":false},"featured_media":4924,"comment_status":"open","ping_status":"closed","template":"","meta":[],"product_cat":[218],"product_tag":[],"class_list":{"0":"post-4923","1":"product","2":"type-product","3":"status-publish","4":"has-post-thumbnail","6":"product_cat-elektronik","8":"first","9":"outofstock","10":"shipping-taxable","11":"purchasable","12":"product-type-simple"},"_links":{"self":[{"href":"https:\/\/personalcity.net\/home\/wp-json\/wp\/v2\/product\/4923","targetHints":{"allow":["GET"]}}],"collection":[{"href":"https:\/\/personalcity.net\/home\/wp-json\/wp\/v2\/product"}],"about":[{"href":"https:\/\/personalcity.net\/home\/wp-json\/wp\/v2\/types\/product"}],"replies":[{"embeddable":true,"href":"https:\/\/personalcity.net\/home\/wp-json\/wp\/v2\/comments?post=4923"}],"wp:featuredmedia":[{"embeddable":true,"href":"https:\/\/personalcity.net\/home\/wp-json\/wp\/v2\/media\/4924"}],"wp:attachment":[{"href":"https:\/\/personalcity.net\/home\/wp-json\/wp\/v2\/media?parent=4923"}],"wp:term":[{"taxonomy":"product_cat","embeddable":true,"href":"https:\/\/personalcity.net\/home\/wp-json\/wp\/v2\/product_cat?post=4923"},{"taxonomy":"product_tag","embeddable":true,"href":"https:\/\/personalcity.net\/home\/wp-json\/wp\/v2\/product_tag?post=4923"}],"curies":[{"name":"wp","href":"https:\/\/api.w.org\/{rel}","templated":true}]}}