{"id":4927,"date":"2024-05-24T11:14:58","date_gmt":"2024-05-24T09:14:58","guid":{"rendered":"http:\/\/personalcity.net\/home\/produkt\/halsstativ-schulterstativ-stabilizer-neck-stativ-dynasun-cb02-fuer-video-u-kamera\/"},"modified":"2025-04-28T15:44:54","modified_gmt":"2025-04-28T13:44:54","slug":"halsstativ-schulterstativ-stabilizer-neck-stativ-dynasun-cb02-fuer-video-u-kamera","status":"publish","type":"product","link":"https:\/\/personalcity.net\/home\/produkt\/halsstativ-schulterstativ-stabilizer-neck-stativ-dynasun-cb02-fuer-video-u-kamera\/","title":{"rendered":"Halsstativ Schulterstativ Stabilizer Neck Stativ DynaSun CB02 f\u00fcr Video u Kamera"},"content":{"rendered":"<p>Halsstativ Schulterstativ Stabilizer Neck Stativ Beschreibung Unser unverkennbares Produkt DynaSun CB02 ist ein leichter Support f\u00fcr Videodrehung. Damit haben Sie das Problem mit wackligen Bildern endlich los. Diese Technik ist von der professionellen Filmindustrie in den letzten Jahren getestet. Jetzt ist dieses Produkt f\u00fcr privat User reif. Obendrauf ist der Hammerpreis. Gro\u00dfartiges Tool f\u00fcr Ihre Dreharbeit! Auch wenn Sie beim Filmen gehen, bleibt die Bildqualit\u00e4t konstant. Es ist leicht handzuhaben und geeignet f\u00fcr Kameras mit 1\/4&#8243; Gewinde. Unser Produkt ist perfekt f\u00fcr in-the-field Situation. DynaSun CB02 erleichtert Ihre Arbeit und verbessert die Bildqualit\u00e4t. Lieferumfang * DynaSun CB02 * Halstragband * Tragtasche<\/p>\n","protected":false},"excerpt":{"rendered":"<p>Halsstativ Schulterstativ Stabilizer Neck Stativ Beschreibung Unser unverkennbares Produkt DynaSun CB02 ist ein leichter Support f\u00fcr Videodrehung. Damit haben Sie das Problem mit wackligen Bildern endlich los. Diese Technik ist von der professionellen Filmindustrie in den letzten Jahren getestet. Jetzt ist dieses Produkt f\u00fcr privat User reif. Obendrauf ist der Hammerpreis. Gro\u00dfartiges Tool f\u00fcr Ihre&hellip; <br \/> <a class=\"read-more\" href=\"https:\/\/personalcity.net\/home\/produkt\/halsstativ-schulterstativ-stabilizer-neck-stativ-dynasun-cb02-fuer-video-u-kamera\/\">Weiterlesen<\/a><\/p>\n","protected":false},"featured_media":4928,"comment_status":"open","ping_status":"closed","template":"","meta":[],"product_cat":[218],"product_tag":[],"class_list":{"0":"post-4927","1":"product","2":"type-product","3":"status-publish","4":"has-post-thumbnail","6":"product_cat-elektronik","8":"first","9":"outofstock","10":"shipping-taxable","11":"purchasable","12":"product-type-simple"},"_links":{"self":[{"href":"https:\/\/personalcity.net\/home\/wp-json\/wp\/v2\/product\/4927","targetHints":{"allow":["GET"]}}],"collection":[{"href":"https:\/\/personalcity.net\/home\/wp-json\/wp\/v2\/product"}],"about":[{"href":"https:\/\/personalcity.net\/home\/wp-json\/wp\/v2\/types\/product"}],"replies":[{"embeddable":true,"href":"https:\/\/personalcity.net\/home\/wp-json\/wp\/v2\/comments?post=4927"}],"wp:featuredmedia":[{"embeddable":true,"href":"https:\/\/personalcity.net\/home\/wp-json\/wp\/v2\/media\/4928"}],"wp:attachment":[{"href":"https:\/\/personalcity.net\/home\/wp-json\/wp\/v2\/media?parent=4927"}],"wp:term":[{"taxonomy":"product_cat","embeddable":true,"href":"https:\/\/personalcity.net\/home\/wp-json\/wp\/v2\/product_cat?post=4927"},{"taxonomy":"product_tag","embeddable":true,"href":"https:\/\/personalcity.net\/home\/wp-json\/wp\/v2\/product_tag?post=4927"}],"curies":[{"name":"wp","href":"https:\/\/api.w.org\/{rel}","templated":true}]}}