{"id":4929,"date":"2024-05-24T11:14:58","date_gmt":"2024-05-24T09:14:58","guid":{"rendered":"http:\/\/personalcity.net\/home\/produkt\/foto-video-wand-lampenstativ-dynasun-jm10-hoch-belastbar-fuer-blitze-lampen-flash\/"},"modified":"2025-04-28T15:44:54","modified_gmt":"2025-04-28T13:44:54","slug":"foto-video-wand-lampenstativ-dynasun-jm10-hoch-belastbar-fuer-blitze-lampen-flash","status":"publish","type":"product","link":"https:\/\/personalcity.net\/home\/produkt\/foto-video-wand-lampenstativ-dynasun-jm10-hoch-belastbar-fuer-blitze-lampen-flash\/","title":{"rendered":"Foto Video Wand Lampenstativ DynaSun JM10 hoch belastbar f\u00fcr Blitze Lampen Flash"},"content":{"rendered":"<p>FOTO VIDEO WAND-LAMPENSTATIV DYNASUN JM10 Pro Studio mit SPIGOT f\u00fcr BLITZE\/LAMPEN Beschreibung Mit dem Wand-Lampenstativ DynaSun JM10 k\u00f6nnen Sie alle Lampen (Blitz\/Flash\/Beleuchtungen) an die Wand oder die Decke montieren. Ideal f\u00fcr kleine R\u00e4ume und Studios. Sie k\u00f6nnen damit viel Platz sparen. Im Zusammenhang mit dem Spigot sind andere Anwendungen in Ihrem Studio m\u00f6glich. Dieses Wand-Lampenstativ ist f\u00fcr Foto-und Video-Studio konzipiert, es kann aber auch in vielen verschiedenen Anwendungen eingesetzt werden.<\/p>\n","protected":false},"excerpt":{"rendered":"<p>FOTO VIDEO WAND-LAMPENSTATIV DYNASUN JM10 Pro Studio mit SPIGOT f\u00fcr BLITZE\/LAMPEN Beschreibung Mit dem Wand-Lampenstativ DynaSun JM10 k\u00f6nnen Sie alle Lampen (Blitz\/Flash\/Beleuchtungen) an die Wand oder die Decke montieren. Ideal f\u00fcr kleine R\u00e4ume und Studios. Sie k\u00f6nnen damit viel Platz sparen. Im Zusammenhang mit dem Spigot sind andere Anwendungen in Ihrem Studio m\u00f6glich. Dieses Wand-Lampenstativ&hellip; <br \/> <a class=\"read-more\" href=\"https:\/\/personalcity.net\/home\/produkt\/foto-video-wand-lampenstativ-dynasun-jm10-hoch-belastbar-fuer-blitze-lampen-flash\/\">Weiterlesen<\/a><\/p>\n","protected":false},"featured_media":4930,"comment_status":"open","ping_status":"closed","template":"","meta":[],"product_cat":[218],"product_tag":[],"class_list":{"0":"post-4929","1":"product","2":"type-product","3":"status-publish","4":"has-post-thumbnail","6":"product_cat-elektronik","8":"first","9":"outofstock","10":"shipping-taxable","11":"purchasable","12":"product-type-simple"},"_links":{"self":[{"href":"https:\/\/personalcity.net\/home\/wp-json\/wp\/v2\/product\/4929","targetHints":{"allow":["GET"]}}],"collection":[{"href":"https:\/\/personalcity.net\/home\/wp-json\/wp\/v2\/product"}],"about":[{"href":"https:\/\/personalcity.net\/home\/wp-json\/wp\/v2\/types\/product"}],"replies":[{"embeddable":true,"href":"https:\/\/personalcity.net\/home\/wp-json\/wp\/v2\/comments?post=4929"}],"wp:featuredmedia":[{"embeddable":true,"href":"https:\/\/personalcity.net\/home\/wp-json\/wp\/v2\/media\/4930"}],"wp:attachment":[{"href":"https:\/\/personalcity.net\/home\/wp-json\/wp\/v2\/media?parent=4929"}],"wp:term":[{"taxonomy":"product_cat","embeddable":true,"href":"https:\/\/personalcity.net\/home\/wp-json\/wp\/v2\/product_cat?post=4929"},{"taxonomy":"product_tag","embeddable":true,"href":"https:\/\/personalcity.net\/home\/wp-json\/wp\/v2\/product_tag?post=4929"}],"curies":[{"name":"wp","href":"https:\/\/api.w.org\/{rel}","templated":true}]}}