{"id":4931,"date":"2024-05-24T11:14:59","date_gmt":"2024-05-24T09:14:59","guid":{"rendered":"http:\/\/personalcity.net\/home\/produkt\/dynasun-m806-wand-lampenstativ-126cm-wandstativ-wandausleger-wandarm-deckenstativ-mit-befestigungsplatte\/"},"modified":"2025-04-28T15:44:54","modified_gmt":"2025-04-28T13:44:54","slug":"dynasun-m806-wand-lampenstativ-126cm-wandstativ-wandausleger-wandarm-deckenstativ-mit-befestigungsplatte","status":"publish","type":"product","link":"https:\/\/personalcity.net\/home\/produkt\/dynasun-m806-wand-lampenstativ-126cm-wandstativ-wandausleger-wandarm-deckenstativ-mit-befestigungsplatte\/","title":{"rendered":"DynaSun M806 Wand Lampenstativ 126cm Wandstativ Wandausleger Wandarm Deckenstativ mit Befestigungsplatte"},"content":{"rendered":"<p>DynaSun M806 Wand Lampenstativ 126cm Wandstativ Wandausleger Wandarm Deckenstativ mit Befestigungsplatte Beschreibung Mit dem Wand-Lampenstativ DynaSun M806 126cm k\u00f6nnen Sie alle Lampen (Blitz\/Flash\/Beleuchtungen) an die Wand oder die Decke montieren. Unser Wandsystem ist ausziehbar und drehbar und l\u00e4sst sich einfach an die Decke oder an die Wand befestigen. Mit dem Stativ-Arm k\u00f6nnen Sie den Blitzkopf leicht positionieren, wohin Sie es auch richten. Damit ist es ideal f\u00fcr kleine R\u00e4ume und Studios. Sie sparen damit viel Platz. \u00c4u\u00dferst stabil und stark, zeigt es sich bei der Verwendung mit Studioleuchten und Blitzger\u00e4ten. Unser Wandsystem ist stabil und flexibel in einem. Somit ist eine optimale Beleuchtung in Ihrem Studio denn sie haben nun viel Licht in ihrem Fotostudio. Der verl\u00e4ngerbare und drehbare Stativ-Arm wird Ihnen viel Freude bereiten. Im Zusammenwirken mit dem Spigot sind andere Verwendungen in Ihrem Studio m\u00f6glich. Dieses Wand-Lampenstativ ist f\u00fcr Foto-und Video-Studios konzipiert, es kann aber auch in vielen verschiedenen Anwendungen eingesetzt werden.<\/p>\n","protected":false},"excerpt":{"rendered":"<p>DynaSun M806 Wand Lampenstativ 126cm Wandstativ Wandausleger Wandarm Deckenstativ mit Befestigungsplatte Beschreibung Mit dem Wand-Lampenstativ DynaSun M806 126cm k\u00f6nnen Sie alle Lampen (Blitz\/Flash\/Beleuchtungen) an die Wand oder die Decke montieren. Unser Wandsystem ist ausziehbar und drehbar und l\u00e4sst sich einfach an die Decke oder an die Wand befestigen. Mit dem Stativ-Arm k\u00f6nnen Sie den Blitzkopf&hellip; <br \/> <a class=\"read-more\" href=\"https:\/\/personalcity.net\/home\/produkt\/dynasun-m806-wand-lampenstativ-126cm-wandstativ-wandausleger-wandarm-deckenstativ-mit-befestigungsplatte\/\">Weiterlesen<\/a><\/p>\n","protected":false},"featured_media":4932,"comment_status":"open","ping_status":"closed","template":"","meta":[],"product_cat":[218],"product_tag":[],"class_list":{"0":"post-4931","1":"product","2":"type-product","3":"status-publish","4":"has-post-thumbnail","6":"product_cat-elektronik","8":"first","9":"outofstock","10":"shipping-taxable","11":"purchasable","12":"product-type-simple"},"_links":{"self":[{"href":"https:\/\/personalcity.net\/home\/wp-json\/wp\/v2\/product\/4931","targetHints":{"allow":["GET"]}}],"collection":[{"href":"https:\/\/personalcity.net\/home\/wp-json\/wp\/v2\/product"}],"about":[{"href":"https:\/\/personalcity.net\/home\/wp-json\/wp\/v2\/types\/product"}],"replies":[{"embeddable":true,"href":"https:\/\/personalcity.net\/home\/wp-json\/wp\/v2\/comments?post=4931"}],"wp:featuredmedia":[{"embeddable":true,"href":"https:\/\/personalcity.net\/home\/wp-json\/wp\/v2\/media\/4932"}],"wp:attachment":[{"href":"https:\/\/personalcity.net\/home\/wp-json\/wp\/v2\/media?parent=4931"}],"wp:term":[{"taxonomy":"product_cat","embeddable":true,"href":"https:\/\/personalcity.net\/home\/wp-json\/wp\/v2\/product_cat?post=4931"},{"taxonomy":"product_tag","embeddable":true,"href":"https:\/\/personalcity.net\/home\/wp-json\/wp\/v2\/product_tag?post=4931"}],"curies":[{"name":"wp","href":"https:\/\/api.w.org\/{rel}","templated":true}]}}