{"id":4933,"date":"2024-05-24T11:15:01","date_gmt":"2024-05-24T09:15:01","guid":{"rendered":"http:\/\/personalcity.net\/home\/produkt\/schulterstativ-dynasun-pro-ft2855-schulterstuetze-x-foto-video-kamera-stabilitaet-f-langzeit-shooting\/"},"modified":"2025-04-28T15:44:54","modified_gmt":"2025-04-28T13:44:54","slug":"schulterstativ-dynasun-pro-ft2855-schulterstuetze-x-foto-video-kamera-stabilitaet-f-langzeit-shooting","status":"publish","type":"product","link":"https:\/\/personalcity.net\/home\/produkt\/schulterstativ-dynasun-pro-ft2855-schulterstuetze-x-foto-video-kamera-stabilitaet-f-langzeit-shooting\/","title":{"rendered":"Schulterstativ DynaSun PRO FT2855 Schulterst\u00fctze x Foto Video Kamera Stabilit\u00e4t f. Langzeit-Shooting"},"content":{"rendered":"<p>Schulter Support Schulternstativ DynaSun Somita FT2855 f\u00fcr Kamcorder &#038; Photo Kamera Sie k\u00f6nnen damit handfrei arbeiten, filmen und Fotos machen. Beschreibung Unser Schulterstativ DynaSun Somita FT2855 erleichtert durch seine ergonomische perfekte L\u00f6sung m\u00fchselig, lange Dreharbeit oder Shootingsessions. Mit der einfachen Handhabung des Schulterstabilisationssystem haben Sie endlich die M\u00f6glichkeit, Handfrei zu filmen. Es ist fantastisch: Ihre Arme werden nicht mehr eingeschlafen. Ihre Kameraf\u00fchrung ist ruhig, auch in einer schnelleren Bewegung gibt es kein Verwackeln. Dieses Schulterstativ hat flexibel einstellbare Halterungen, und zwar f\u00fcr jede K\u00f6rpergr\u00f6\u00dfe. Dazu ist es noch leicht und kompakt. Au\u00dferdem hat es noch eine Polsterung f\u00fcr den Brustbereich. Die Kameraposition l\u00e4sst sich nach Wunsch verschieben und wird durch R\u00e4ndelschrauben arretiert. Alles ist modular aufgebaut und die Positionen der Zubeh\u00f6rteile sind verschiebbar. Mit dem Verl\u00e4ngerungsadapter z. B. erreichen Sie einen gr\u00f6\u00dferen Schwenkbereich. Mit dem H\u00f6henadapter k\u00f6nnen Sie die Kamera direkt in Augenh\u00f6he postieren. Au\u00dferdem ist hier eine Schnellwechselplatte integriert, die es erm\u00f6glicht sehr schnell die Kamera zu wechseln. Wichtig ist auch der Haltegurt, der das Schulterstativ gegen verrutschen oder abrutschen sichert. Das Schulterstativ ist in einer komfortablen Tragetasche verstaut. Mit dem Schulterstativ k\u00f6nnen Sie Handfrei arbeiten d.h. filmen und Fotos machen. D.h. die H\u00e4nde und Arme bleiben frei. Dieses System ist ideal sowohl f\u00fcr Ihre Camcorder als auch f\u00fcr Ihre Digital Camera. Sie produzieren ein stabiles ruhiges Bild wie die Profis. Fazit: Das Schulterstabilisationssystem ist speziell f\u00fcr l\u00e4ngere Film und Fotoarbeiten konzipiert.<\/p>\n","protected":false},"excerpt":{"rendered":"<p>Schulter Support Schulternstativ DynaSun Somita FT2855 f\u00fcr Kamcorder &#038; Photo Kamera Sie k\u00f6nnen damit handfrei arbeiten, filmen und Fotos machen. Beschreibung Unser Schulterstativ DynaSun Somita FT2855 erleichtert durch seine ergonomische perfekte L\u00f6sung m\u00fchselig, lange Dreharbeit oder Shootingsessions. Mit der einfachen Handhabung des Schulterstabilisationssystem haben Sie endlich die M\u00f6glichkeit, Handfrei zu filmen. Es ist fantastisch: Ihre&hellip; <br \/> <a class=\"read-more\" href=\"https:\/\/personalcity.net\/home\/produkt\/schulterstativ-dynasun-pro-ft2855-schulterstuetze-x-foto-video-kamera-stabilitaet-f-langzeit-shooting\/\">Weiterlesen<\/a><\/p>\n","protected":false},"featured_media":4934,"comment_status":"open","ping_status":"closed","template":"","meta":[],"product_cat":[218],"product_tag":[],"class_list":{"0":"post-4933","1":"product","2":"type-product","3":"status-publish","4":"has-post-thumbnail","6":"product_cat-elektronik","8":"first","9":"outofstock","10":"shipping-taxable","11":"purchasable","12":"product-type-simple"},"_links":{"self":[{"href":"https:\/\/personalcity.net\/home\/wp-json\/wp\/v2\/product\/4933","targetHints":{"allow":["GET"]}}],"collection":[{"href":"https:\/\/personalcity.net\/home\/wp-json\/wp\/v2\/product"}],"about":[{"href":"https:\/\/personalcity.net\/home\/wp-json\/wp\/v2\/types\/product"}],"replies":[{"embeddable":true,"href":"https:\/\/personalcity.net\/home\/wp-json\/wp\/v2\/comments?post=4933"}],"wp:featuredmedia":[{"embeddable":true,"href":"https:\/\/personalcity.net\/home\/wp-json\/wp\/v2\/media\/4934"}],"wp:attachment":[{"href":"https:\/\/personalcity.net\/home\/wp-json\/wp\/v2\/media?parent=4933"}],"wp:term":[{"taxonomy":"product_cat","embeddable":true,"href":"https:\/\/personalcity.net\/home\/wp-json\/wp\/v2\/product_cat?post=4933"},{"taxonomy":"product_tag","embeddable":true,"href":"https:\/\/personalcity.net\/home\/wp-json\/wp\/v2\/product_tag?post=4933"}],"curies":[{"name":"wp","href":"https:\/\/api.w.org\/{rel}","templated":true}]}}