{"id":4937,"date":"2024-05-24T11:15:02","date_gmt":"2024-05-24T09:15:02","guid":{"rendered":"http:\/\/personalcity.net\/home\/produkt\/schulter-stativ-videostativ-profi-dynasun-ftv50-kamera-halterung-verstellbar\/"},"modified":"2025-04-28T15:44:54","modified_gmt":"2025-04-28T13:44:54","slug":"schulter-stativ-videostativ-profi-dynasun-ftv50-kamera-halterung-verstellbar","status":"publish","type":"product","link":"https:\/\/personalcity.net\/home\/produkt\/schulter-stativ-videostativ-profi-dynasun-ftv50-kamera-halterung-verstellbar\/","title":{"rendered":"Schulter Stativ Videostativ Profi DynaSun FTV50 Kamera Halterung verstellbar"},"content":{"rendered":"<p>F\u00fcr diese professionelle IR-Studiofernausl\u00f6sung System sie werden kein Kabel mehr zwischen Kamera und Blitzanlage ben\u00f6tigen. Die Schnurlose Impuls\u00fcbertragung erlaubt ungebundenes Arbeiten voll in frei in Raum. Den Empf\u00e4nger (2xAA Mignon n\u00f6tig) schlie\u00dft man \u00fcber das Standard-Synchronkabel an die Studioblitzanlage an. Beschreibung Machen Sie sich nie mehr Gedanken \u00fcber die unerf\u00fcllten W\u00fcnsche. Sie k\u00f6nnen mit unserem Schulterstativ direkt loslegen. Unser Produkt passt sich an, an Ihre speziellen Anspr\u00fcche. Die Innengewinde sind daf\u00fcr da, dass Sie die zus\u00e4tzlichen Zubeh\u00f6re auch daran befestigen k\u00f6nnen, wie Flash, Studio-leuchten oder Mikrofon. Unser Schulterstativ hat eine Standardgewinde von 1\/4 Zoll. Die Kameraauflage ist mit Gummi beschichtet. Es schont und besch\u00fctzt Ihr Ger\u00e4t. Die Schraube f\u00fcr Ihre Kamera k\u00f6nnen Sie in dem Kameraschlitten flexibel bewegen und individuell eingestellt werden. Die perfekte Verarbeitung zeichnet unser Schulterstativ aus. Es kann auch schwere Kameras tragen, bis zu 4 Kg. Die Handgriffe sind mit Schaumstoff gepolstert, damit Sie in der K\u00e4lte auch komfortabel Dreharbeit t\u00e4tigen k\u00f6nnen. Die Technik ist brillant. Sie k\u00f6nnen das Schulterstativ auch schnell auseinander bauen, damit es in eine kleine Tasche passt. Einen sicheren Halt bietet unser Schulterstativ. Mit ihm k\u00f6nnen Sie wackelfrei filmen und Foto schie\u00dfen. Das Aufbauen ist kinderleicht, dennoch sicher. Mit dieser Ausstattung k\u00f6nnen Sie mit einer Hand frei arbeiten und die Kamera bedienen. Beim Schwenken werden Sie keine Wackeleien empfinden, weil es optimal mit Ihrem Schulter dreht, ruhig und sicher. Ein perfekter Film kann dadurch gedreht werden. Top in Flexibilit\u00e4t und Bequemlichkeit Unser Produkt l\u00e4sst sich einfach bedienen und an jede K\u00f6rpergr\u00f6\u00dfe anpassen. Die 2 Elemente : das Shoulder Rig und der Kameraschlitten, erlauben bei der Aufnahme eine flexible Anpassung. Sie k\u00f6nnen die Stellung individual einstellen. Die St\u00fctzen sind extra bequem gepolstert. Damit m\u00f6chten wir Sie beim Fotoshooting entlasten. Top in Qualit\u00e4t und Stabilit\u00e4t \u00dcberzeugen Sie sich von unserer Qualit\u00e4t. Sie werden feststellen, dass dieses Schulterstativ wie alle anderen DynaSun Produkte aus hochwertigen Materialien hergestellt worden ist. Somit ist die Qualit\u00e4t des Produktes abgesichert. Das hochwertige Material verleiht auch dem Produkt eine \u00e4u\u00dferste Stabilit\u00e4t. Technische Daten * Transportma\u00df (LxBxH): ca. 32x34x17cm * Max. Belastbarkeit: 4 kg * Gewicht: ca. 2,5kg * Anschlussgewinde: 1\/4 Zoll * Material: Aluminium Lieferumfang * DynaSun Schulter Videostativ FTV50 mit extra Gelenke * Tasche DynaSun FTV50BAG<\/p>\n","protected":false},"excerpt":{"rendered":"<p>F\u00fcr diese professionelle IR-Studiofernausl\u00f6sung System sie werden kein Kabel mehr zwischen Kamera und Blitzanlage ben\u00f6tigen. Die Schnurlose Impuls\u00fcbertragung erlaubt ungebundenes Arbeiten voll in frei in Raum. Den Empf\u00e4nger (2xAA Mignon n\u00f6tig) schlie\u00dft man \u00fcber das Standard-Synchronkabel an die Studioblitzanlage an. Beschreibung Machen Sie sich nie mehr Gedanken \u00fcber die unerf\u00fcllten W\u00fcnsche. Sie k\u00f6nnen mit unserem&hellip; <br \/> <a class=\"read-more\" href=\"https:\/\/personalcity.net\/home\/produkt\/schulter-stativ-videostativ-profi-dynasun-ftv50-kamera-halterung-verstellbar\/\">Weiterlesen<\/a><\/p>\n","protected":false},"featured_media":4938,"comment_status":"open","ping_status":"closed","template":"","meta":[],"product_cat":[218],"product_tag":[],"class_list":{"0":"post-4937","1":"product","2":"type-product","3":"status-publish","4":"has-post-thumbnail","6":"product_cat-elektronik","8":"first","9":"outofstock","10":"shipping-taxable","11":"purchasable","12":"product-type-simple"},"_links":{"self":[{"href":"https:\/\/personalcity.net\/home\/wp-json\/wp\/v2\/product\/4937","targetHints":{"allow":["GET"]}}],"collection":[{"href":"https:\/\/personalcity.net\/home\/wp-json\/wp\/v2\/product"}],"about":[{"href":"https:\/\/personalcity.net\/home\/wp-json\/wp\/v2\/types\/product"}],"replies":[{"embeddable":true,"href":"https:\/\/personalcity.net\/home\/wp-json\/wp\/v2\/comments?post=4937"}],"wp:featuredmedia":[{"embeddable":true,"href":"https:\/\/personalcity.net\/home\/wp-json\/wp\/v2\/media\/4938"}],"wp:attachment":[{"href":"https:\/\/personalcity.net\/home\/wp-json\/wp\/v2\/media?parent=4937"}],"wp:term":[{"taxonomy":"product_cat","embeddable":true,"href":"https:\/\/personalcity.net\/home\/wp-json\/wp\/v2\/product_cat?post=4937"},{"taxonomy":"product_tag","embeddable":true,"href":"https:\/\/personalcity.net\/home\/wp-json\/wp\/v2\/product_tag?post=4937"}],"curies":[{"name":"wp","href":"https:\/\/api.w.org\/{rel}","templated":true}]}}