{"id":4951,"date":"2024-05-24T11:15:08","date_gmt":"2024-05-24T09:15:08","guid":{"rendered":"http:\/\/personalcity.net\/home\/produkt\/dynasun-steadycam-stabilizer-system-pro-095ex-videostabilisierung-fuer-kameras-camcorder-dslr-kameras-slr\/"},"modified":"2025-04-28T15:44:54","modified_gmt":"2025-04-28T13:44:54","slug":"dynasun-steadycam-stabilizer-system-pro-095ex-videostabilisierung-fuer-kameras-camcorder-dslr-kameras-slr","status":"publish","type":"product","link":"https:\/\/personalcity.net\/home\/produkt\/dynasun-steadycam-stabilizer-system-pro-095ex-videostabilisierung-fuer-kameras-camcorder-dslr-kameras-slr\/","title":{"rendered":"DynaSun Steadycam Stabilizer System PRO 095EX Videostabilisierung f\u00fcr Kameras, Camcorder, DSLR-Kameras, SLR"},"content":{"rendered":"<p>DynaSun Steadycam Stabilizer System PRO 095EX Videostabilisierung f\u00fcr Kameras, Camcorder, DSLR-Kameras, SLR Beschreibung Unser DynaSun Steadycam PRO 095EX ist ein neu entwickeltes Video-Stabilisator-System. Dieses System ist ausgestattet mit einer Aluminium-Konstruktion (leicht), einem Handgriff, einem Gegengewicht sowie einer Gummioberfl\u00e4che (sch\u00fctzt effektiv vor Kratzern). Haupts\u00e4chlicher Nutzen: Vibrationen werden reduziert und die Videoqualit\u00e4t stabilisiert. Alles ist inklusiv, was Sie zu einer Videodreharbeit ben\u00f6tigen. Ein Schnellwechseladapter erm\u00f6glicht den Einsatz von Videokameras und Kameras mit 1\/4&#8243; und 3\/8&#8243; Anschl\u00fcssen. Dieses tolle System wird ihnen helfen an allen Orten, ein Heimvideo wie ein Profiregisseur zu produzieren, wackelfreie Videos zu drehen und stabile Bilder aufzunehmen. Eine professionelle Dreharbeit ist dadurch gesichert. DynaSun PRO 095EX mit der Kamera montiert, scheint wie in der Luft zu schweben, immer stabil, immer flie\u00dfend und wackelfrei.<\/p>\n","protected":false},"excerpt":{"rendered":"<p>DynaSun Steadycam Stabilizer System PRO 095EX Videostabilisierung f\u00fcr Kameras, Camcorder, DSLR-Kameras, SLR Beschreibung Unser DynaSun Steadycam PRO 095EX ist ein neu entwickeltes Video-Stabilisator-System. Dieses System ist ausgestattet mit einer Aluminium-Konstruktion (leicht), einem Handgriff, einem Gegengewicht sowie einer Gummioberfl\u00e4che (sch\u00fctzt effektiv vor Kratzern). Haupts\u00e4chlicher Nutzen: Vibrationen werden reduziert und die Videoqualit\u00e4t stabilisiert. Alles ist inklusiv, was&hellip; <br \/> <a class=\"read-more\" href=\"https:\/\/personalcity.net\/home\/produkt\/dynasun-steadycam-stabilizer-system-pro-095ex-videostabilisierung-fuer-kameras-camcorder-dslr-kameras-slr\/\">Weiterlesen<\/a><\/p>\n","protected":false},"featured_media":4952,"comment_status":"open","ping_status":"closed","template":"","meta":[],"product_cat":[218],"product_tag":[],"class_list":{"0":"post-4951","1":"product","2":"type-product","3":"status-publish","4":"has-post-thumbnail","6":"product_cat-elektronik","8":"first","9":"outofstock","10":"shipping-taxable","11":"purchasable","12":"product-type-simple"},"_links":{"self":[{"href":"https:\/\/personalcity.net\/home\/wp-json\/wp\/v2\/product\/4951","targetHints":{"allow":["GET"]}}],"collection":[{"href":"https:\/\/personalcity.net\/home\/wp-json\/wp\/v2\/product"}],"about":[{"href":"https:\/\/personalcity.net\/home\/wp-json\/wp\/v2\/types\/product"}],"replies":[{"embeddable":true,"href":"https:\/\/personalcity.net\/home\/wp-json\/wp\/v2\/comments?post=4951"}],"wp:featuredmedia":[{"embeddable":true,"href":"https:\/\/personalcity.net\/home\/wp-json\/wp\/v2\/media\/4952"}],"wp:attachment":[{"href":"https:\/\/personalcity.net\/home\/wp-json\/wp\/v2\/media?parent=4951"}],"wp:term":[{"taxonomy":"product_cat","embeddable":true,"href":"https:\/\/personalcity.net\/home\/wp-json\/wp\/v2\/product_cat?post=4951"},{"taxonomy":"product_tag","embeddable":true,"href":"https:\/\/personalcity.net\/home\/wp-json\/wp\/v2\/product_tag?post=4951"}],"curies":[{"name":"wp","href":"https:\/\/api.w.org\/{rel}","templated":true}]}}