{"id":4953,"date":"2024-05-24T11:15:10","date_gmt":"2024-05-24T09:15:10","guid":{"rendered":"http:\/\/personalcity.net\/home\/produkt\/dynasun-qf1-professionelle-steadycam-mit-stabilisierungssystem-fuer-fotos-und-videos-steadicam-mit-balancefunktion\/"},"modified":"2025-04-28T15:44:54","modified_gmt":"2025-04-28T13:44:54","slug":"dynasun-qf1-professionelle-steadycam-mit-stabilisierungssystem-fuer-fotos-und-videos-steadicam-mit-balancefunktion","status":"publish","type":"product","link":"https:\/\/personalcity.net\/home\/produkt\/dynasun-qf1-professionelle-steadycam-mit-stabilisierungssystem-fuer-fotos-und-videos-steadicam-mit-balancefunktion\/","title":{"rendered":"DynaSun QF1 professionelle Steadycam mit Stabilisierungssystem f\u00fcr Fotos und Videos; Steadicam mit Balancefunktion"},"content":{"rendered":"<p>DynaSun QF1 professionelle Steadycam mit Stabilisierungssystem f\u00fcr Fotos und Videos; Steadicam mit Balancefunktion f\u00fcr DSLR Digitalkameras und Camcorder Entworfen f\u00fcr den Gebrauch mit Camcordern &#038; DSLRs Beschreibung Die DynaSun QF1 Steadycam f\u00fcr Foto- und Videoproduktion ist ein modernes, leichtes, Stabilisierungssystem, das besonders f\u00fcr die modernen leichten Kameratypen entwickelt wurde. Die Steadycam wurde mit einem leichten Arm, einem rutschfesten Komfortgriff, einem superglatten Kardanring, einem Gegengewicht und einer gummierten Kamerahalterung entworfen und bietet dem Video-Profi fortgeschrittene Merkmale\/Vorteile zu geringen Kosten. Der Arm besteht aus einem doppelten Gelenkdesign, das angepasst werden kann, w\u00e4hrend es die Kamera h\u00e4lt. Mit diesem Design kann der Steadycam-Benutzer den Arm glatt und m\u00fchelos durch seine ganze Auslegerreichweite heben oder senken. Wenn er den rutschfesten Komfortgriff verwendet, hat der Nutzer die F\u00e4higkeit, fl\u00fcssige Bewegungen so aufzuzeichnen, wie es nur eine Steadycam kann. Die DynaSun Steadycam DynaSun QF1 erlaubt es Ihnen, professionelle fl\u00fcssige Videos aufzuzeichnen. Machen Sie nie wieder amateurhafte Filme und stellen Sie sicher, dass all Ihre Videos glatt wie Seide sind. Der Steady-Stabilisierer wird fl\u00fcssig aussehende Videos sogar dann noch aufzeichnen, wenn der Kameramann sich bewegt oder gar l\u00e4uft! Dieses brillante Ger\u00e4t wird Amateurvideos und ruckelige Videos sofort in fl\u00fcssige Profivideos verwandeln! Mit der DynaSun Steadycam DynaSun QF1 scheint Ihr Camcorder zu schweben und immer ausbalanciert zu sein, isoliert von den unerw\u00fcnschten Bewegungen Ihrer H\u00e4nde. Jetzt sind Sie in der Lage, sich mit Ihrem Kameraschwenk zu bewegen, sich zu neigen, zu steigen oder zu laufen, ohne irgendwelche Kamerainstabilit\u00e4ten oder Ersch\u00fctterungen..<\/p>\n","protected":false},"excerpt":{"rendered":"<p>DynaSun QF1 professionelle Steadycam mit Stabilisierungssystem f\u00fcr Fotos und Videos; Steadicam mit Balancefunktion f\u00fcr DSLR Digitalkameras und Camcorder Entworfen f\u00fcr den Gebrauch mit Camcordern &#038; DSLRs Beschreibung Die DynaSun QF1 Steadycam f\u00fcr Foto- und Videoproduktion ist ein modernes, leichtes, Stabilisierungssystem, das besonders f\u00fcr die modernen leichten Kameratypen entwickelt wurde. Die Steadycam wurde mit einem leichten&hellip; <br \/> <a class=\"read-more\" href=\"https:\/\/personalcity.net\/home\/produkt\/dynasun-qf1-professionelle-steadycam-mit-stabilisierungssystem-fuer-fotos-und-videos-steadicam-mit-balancefunktion\/\">Weiterlesen<\/a><\/p>\n","protected":false},"featured_media":4954,"comment_status":"open","ping_status":"closed","template":"","meta":[],"product_cat":[218],"product_tag":[],"class_list":{"0":"post-4953","1":"product","2":"type-product","3":"status-publish","4":"has-post-thumbnail","6":"product_cat-elektronik","8":"first","9":"outofstock","10":"shipping-taxable","11":"purchasable","12":"product-type-simple"},"_links":{"self":[{"href":"https:\/\/personalcity.net\/home\/wp-json\/wp\/v2\/product\/4953","targetHints":{"allow":["GET"]}}],"collection":[{"href":"https:\/\/personalcity.net\/home\/wp-json\/wp\/v2\/product"}],"about":[{"href":"https:\/\/personalcity.net\/home\/wp-json\/wp\/v2\/types\/product"}],"replies":[{"embeddable":true,"href":"https:\/\/personalcity.net\/home\/wp-json\/wp\/v2\/comments?post=4953"}],"wp:featuredmedia":[{"embeddable":true,"href":"https:\/\/personalcity.net\/home\/wp-json\/wp\/v2\/media\/4954"}],"wp:attachment":[{"href":"https:\/\/personalcity.net\/home\/wp-json\/wp\/v2\/media?parent=4953"}],"wp:term":[{"taxonomy":"product_cat","embeddable":true,"href":"https:\/\/personalcity.net\/home\/wp-json\/wp\/v2\/product_cat?post=4953"},{"taxonomy":"product_tag","embeddable":true,"href":"https:\/\/personalcity.net\/home\/wp-json\/wp\/v2\/product_tag?post=4953"}],"curies":[{"name":"wp","href":"https:\/\/api.w.org\/{rel}","templated":true}]}}