{"id":4955,"date":"2024-05-24T11:15:11","date_gmt":"2024-05-24T09:15:11","guid":{"rendered":"http:\/\/personalcity.net\/home\/produkt\/dynasun-qf2-professionelle-steadycam-mit-stabilisierungssystem-fuer-fotos-und-videos-steadicam-mit-balancefunktion\/"},"modified":"2025-04-28T15:44:54","modified_gmt":"2025-04-28T13:44:54","slug":"dynasun-qf2-professionelle-steadycam-mit-stabilisierungssystem-fuer-fotos-und-videos-steadicam-mit-balancefunktion","status":"publish","type":"product","link":"https:\/\/personalcity.net\/home\/produkt\/dynasun-qf2-professionelle-steadycam-mit-stabilisierungssystem-fuer-fotos-und-videos-steadicam-mit-balancefunktion\/","title":{"rendered":"DynaSun QF2 professionelle Steadycam mit Stabilisierungssystem f\u00fcr Fotos und Videos; Steadicam mit Balancefunktion"},"content":{"rendered":"<p>DynaSun QF2 professionelle Steadycam mit Stabilisierungssystem f\u00fcr Fotos und Videos; Steadicam stabile Kamera mit Balancefunktion f\u00fcr DSLR Digitalkameras und Camcorder Entworfen f\u00fcr den Gebrauch mit Camcordern &#038; DSLRs Beschreibung Schie\u00dfen Sie mit der Steadycam DynaSun QF, die entworfen und gebaut wurde, um mit DSLR-Digitalkameras und Camcordern zusammenzuarbeiten, nun \u00fcberall geschmeidige Videos und scharfe Standbilder. Basiert auf derselben Technologie wie die QF1. Diese Steadycam erlaubt Ihnen, unglaubliche Videos und Standbilder einzufangen, ohne die Sch\u00fcttelbewegungen, die normalerweise mit Handvideoaufnahmen in Verbindung gebracht werden, gleich sofort und beim ersten Mal. Ob Sie nun ein Anf\u00e4nger oder ein aufstrebender Videofilmer sind, die Steadycam DynaSun QF2 erlaubt Ihnen, eine reichere Erfahrung und mehr Spa\u00df zu haben. Diese Steadycam ist klein und agil genug, um in den Urlaub mitgenommen zu werden oder den Ereignissen einer Sportveranstaltung zu folgen. Befestigen Sie einfach die Kamerahalterung an Ihrem Ger\u00e4t und Sie sind einsatzbereit! So einfach zu benutzen. Die Steadycam DynaSun QF2 l\u00e4sst Sie \u201efliegen\u201d, wo auch immer die Szene Sie hintreibt \u2013 die Treppe rauf oder runter, drinnen oder drau\u00dfen, durch Menschenmengen, fast \u00fcberall, mit pr\u00e4ziser eleganter Kontrolle ohne M\u00fche. Leicht\u2026 kompakt\u2026 leistbar&#8230; Gehen Sie \u00fcberall hin!<\/p>\n","protected":false},"excerpt":{"rendered":"<p>DynaSun QF2 professionelle Steadycam mit Stabilisierungssystem f\u00fcr Fotos und Videos; Steadicam stabile Kamera mit Balancefunktion f\u00fcr DSLR Digitalkameras und Camcorder Entworfen f\u00fcr den Gebrauch mit Camcordern &#038; DSLRs Beschreibung Schie\u00dfen Sie mit der Steadycam DynaSun QF, die entworfen und gebaut wurde, um mit DSLR-Digitalkameras und Camcordern zusammenzuarbeiten, nun \u00fcberall geschmeidige Videos und scharfe Standbilder. Basiert&hellip; <br \/> <a class=\"read-more\" href=\"https:\/\/personalcity.net\/home\/produkt\/dynasun-qf2-professionelle-steadycam-mit-stabilisierungssystem-fuer-fotos-und-videos-steadicam-mit-balancefunktion\/\">Weiterlesen<\/a><\/p>\n","protected":false},"featured_media":4956,"comment_status":"open","ping_status":"closed","template":"","meta":[],"product_cat":[218],"product_tag":[],"class_list":{"0":"post-4955","1":"product","2":"type-product","3":"status-publish","4":"has-post-thumbnail","6":"product_cat-elektronik","8":"first","9":"outofstock","10":"shipping-taxable","11":"purchasable","12":"product-type-simple"},"_links":{"self":[{"href":"https:\/\/personalcity.net\/home\/wp-json\/wp\/v2\/product\/4955","targetHints":{"allow":["GET"]}}],"collection":[{"href":"https:\/\/personalcity.net\/home\/wp-json\/wp\/v2\/product"}],"about":[{"href":"https:\/\/personalcity.net\/home\/wp-json\/wp\/v2\/types\/product"}],"replies":[{"embeddable":true,"href":"https:\/\/personalcity.net\/home\/wp-json\/wp\/v2\/comments?post=4955"}],"wp:featuredmedia":[{"embeddable":true,"href":"https:\/\/personalcity.net\/home\/wp-json\/wp\/v2\/media\/4956"}],"wp:attachment":[{"href":"https:\/\/personalcity.net\/home\/wp-json\/wp\/v2\/media?parent=4955"}],"wp:term":[{"taxonomy":"product_cat","embeddable":true,"href":"https:\/\/personalcity.net\/home\/wp-json\/wp\/v2\/product_cat?post=4955"},{"taxonomy":"product_tag","embeddable":true,"href":"https:\/\/personalcity.net\/home\/wp-json\/wp\/v2\/product_tag?post=4955"}],"curies":[{"name":"wp","href":"https:\/\/api.w.org\/{rel}","templated":true}]}}