{"id":4958,"date":"2024-05-24T11:15:13","date_gmt":"2024-05-24T09:15:13","guid":{"rendered":"http:\/\/personalcity.net\/home\/produkt\/dynasun-spd-1622-16x22cm-blitzaufsaetz-softbox-diffusor-faltbar-fuer-aufsteckblitz-flash-blitzgeraet-speedlight-speedlite-fuer-foto-und-video\/"},"modified":"2025-04-28T15:44:33","modified_gmt":"2025-04-28T13:44:33","slug":"dynasun-spd-1622-16x22cm-blitzaufsaetz-softbox-diffusor-faltbar-fuer-aufsteckblitz-flash-blitzgeraet-speedlight-speedlite-fuer-foto-und-video","status":"publish","type":"product","link":"https:\/\/personalcity.net\/home\/produkt\/dynasun-spd-1622-16x22cm-blitzaufsaetz-softbox-diffusor-faltbar-fuer-aufsteckblitz-flash-blitzgeraet-speedlight-speedlite-fuer-foto-und-video\/","title":{"rendered":"DynaSun SPD-1622 16x22cm Blitzaufs\u00e4tz Softbox Diffusor faltbar f\u00fcr Aufsteckblitz Flash Blitzger\u00e4t Speedlight Speedlite f\u00fcr Foto und Video"},"content":{"rendered":"<p>DynaSun SPD-1622 16x22cm Blitzaufs\u00e4tz Softbox Diffusor faltbar f\u00fcr Aufsteckblitz Flash Blitzger\u00e4t Speedlight Speedlite Ideal f\u00fcr Fotostudio, Foto und Video Beschreibung DynaSun SPD-1622 16x22cm Blitzaufs\u00e4tze ersetzt Reflektionsfl\u00e4chen f\u00fcr indirektes Blitzen. Die Reflexionsfl\u00e4che sitzt direkt \u00fcber dem Reflektor des Blitzger\u00e4tes und reduziert den Lichtverlust. Die Reflexionsfl\u00e4che gibt weiches und angenehmes Licht Schlagschatten verschwinden und das Motiv bekommt eine modellierte plastische Beleuchtung. Es dient zur Abschw\u00e4chung harter Schlagschatten und Milderung der Kontrastverh\u00e4ltnisse. Mit dieser Softbox erreicht man eine sehr weiche Ausleuchtung, die einwenig mittig betont. Sehr klein und handlich ist die DynaSun SPD-1622 16x22cm Mini Softbox, die ideale L\u00f6sung f\u00fcr Pressearbeit oder andere Eins\u00e4tze, die schnelle Bewegungen erfordern, gedacht ist. Besonders gut f\u00fcr Portrait- und Produktaufnahmen geeignet. Es ist schnell montiert und demontiert und passt in jede Fototasche. Er wird einfach mit dem flexiblen Klettverschluss an dem Reflektorkopf Ihres Blitzger\u00e4tes befestigt. Technische Daten * Durchmesser: 16x22cm * Farbe Diffusor: wei\u00df * F\u00fcr Kompaktblitzger\u00e4te * Ideal f\u00fcr Pass- und Portraitaufnahmen, Produktfotografie * Erzeugt weicheres und nat\u00fcrlicheres Licht * Inkl. praktischer Aufbewahrungstasche Lieferumfang * DynaSun SPD-1622 16x22cm Blitzaufs\u00e4tze Softbox * Nylon Tasche mit Rei\u00dfverschlu\u00df<\/p>\n","protected":false},"excerpt":{"rendered":"<p>DynaSun SPD-1622 16x22cm Blitzaufs\u00e4tz Softbox Diffusor faltbar f\u00fcr Aufsteckblitz Flash Blitzger\u00e4t Speedlight Speedlite Ideal f\u00fcr Fotostudio, Foto und Video Beschreibung DynaSun SPD-1622 16x22cm Blitzaufs\u00e4tze ersetzt Reflektionsfl\u00e4chen f\u00fcr indirektes Blitzen. Die Reflexionsfl\u00e4che sitzt direkt \u00fcber dem Reflektor des Blitzger\u00e4tes und reduziert den Lichtverlust. Die Reflexionsfl\u00e4che gibt weiches und angenehmes Licht Schlagschatten verschwinden und das Motiv bekommt&hellip; <br \/> <a class=\"read-more\" href=\"https:\/\/personalcity.net\/home\/produkt\/dynasun-spd-1622-16x22cm-blitzaufsaetz-softbox-diffusor-faltbar-fuer-aufsteckblitz-flash-blitzgeraet-speedlight-speedlite-fuer-foto-und-video\/\">Weiterlesen<\/a><\/p>\n","protected":false},"featured_media":4921,"comment_status":"open","ping_status":"closed","template":"","meta":[],"product_cat":[218],"product_tag":[],"class_list":{"0":"post-4958","1":"product","2":"type-product","3":"status-publish","4":"has-post-thumbnail","6":"product_cat-elektronik","8":"first","9":"outofstock","10":"shipping-taxable","11":"purchasable","12":"product-type-simple"},"_links":{"self":[{"href":"https:\/\/personalcity.net\/home\/wp-json\/wp\/v2\/product\/4958","targetHints":{"allow":["GET"]}}],"collection":[{"href":"https:\/\/personalcity.net\/home\/wp-json\/wp\/v2\/product"}],"about":[{"href":"https:\/\/personalcity.net\/home\/wp-json\/wp\/v2\/types\/product"}],"replies":[{"embeddable":true,"href":"https:\/\/personalcity.net\/home\/wp-json\/wp\/v2\/comments?post=4958"}],"wp:featuredmedia":[{"embeddable":true,"href":"https:\/\/personalcity.net\/home\/wp-json\/wp\/v2\/media\/4921"}],"wp:attachment":[{"href":"https:\/\/personalcity.net\/home\/wp-json\/wp\/v2\/media?parent=4958"}],"wp:term":[{"taxonomy":"product_cat","embeddable":true,"href":"https:\/\/personalcity.net\/home\/wp-json\/wp\/v2\/product_cat?post=4958"},{"taxonomy":"product_tag","embeddable":true,"href":"https:\/\/personalcity.net\/home\/wp-json\/wp\/v2\/product_tag?post=4958"}],"curies":[{"name":"wp","href":"https:\/\/api.w.org\/{rel}","templated":true}]}}