{"id":4966,"date":"2024-05-24T11:15:17","date_gmt":"2024-05-24T09:15:17","guid":{"rendered":"http:\/\/personalcity.net\/home\/produkt\/kit-stativ-fotostativ-kamerastativ-dynasun-mx3000-175cm-3d-kopf-einbeinstativ-wt1003-171cm-tasche\/"},"modified":"2025-04-28T15:44:33","modified_gmt":"2025-04-28T13:44:33","slug":"kit-stativ-fotostativ-kamerastativ-dynasun-mx3000-175cm-3d-kopf-einbeinstativ-wt1003-171cm-tasche","status":"publish","type":"product","link":"https:\/\/personalcity.net\/home\/produkt\/kit-stativ-fotostativ-kamerastativ-dynasun-mx3000-175cm-3d-kopf-einbeinstativ-wt1003-171cm-tasche\/","title":{"rendered":"KIT Stativ Fotostativ Kamerastativ DynaSun MX3000 175cm 3D-Kopf + Einbeinstativ WT1003 171cm +Tasche"},"content":{"rendered":"<p>175cm Foto\/Video Stativ Fotostativ ALU Kamerastativ DynaSun MX3000 3D-Kopf mit Profi Alu Einbeinstativ Stativ Monopod WT1003 171cm GRO\u00dfES STATIV Inkl. Schnellwechselplatte und 2 eingebaute Wasserwaagen F\u00fcr alle g\u00e4ngigen Camcorder und Kameras durch sein 1\/4&#8243; Standartgewinde Beschreibung Stativ MX3000 F\u00fcr gro\u00dfe Menschen und gro\u00dfe Aufgaben ein extra gro\u00dfes Stativ &#8211; nur der Preis ist klein. Das universelle DynaSun MX3000 mit einer Auszugsh\u00f6he von maximal 175cm besitzt Querstreben, verschiebbare Mittels\u00e4ule und einen 3-Weg Panoramakopf mit Schnellkupplung. Unser Profi Stativ ist f\u00fcr alle g\u00e4ngigen Camcorder und Kameras durch sein 1\/4&#8243; Standartgewinde nutzbar. Dieses Stativ ist \u00fcberall einsetzbar dank seines leichten Gewichts. Die 3-D Panorama Kopf gibt die M\u00f6glichkeit, Photos zu machen f\u00fcr Panorama und Bilder in jede Richtung. Zwei Wasserwaagen auf dem Kopf und auf dem Gestell einen perfekten horizontalen Stand. Mit der Schnellwechselplatte kann man verschiedene Kameras montieren, sekunden schnell. Einbeinstativ WT1003 Das DynaSun WT1003 ist ein kompaktes und leicht zu bedienendes Einbeinstativ. Ist eine sehr g\u00fcnstige Stativl\u00f6sung f\u00fcr den anspruchsvollen Amateur\/Profi Einsatz entwickelt worden. Es ist gleicherma\u00dfen gut geeignet f\u00fcr Foto- und Videoaufnahmen und wird aus hochwertigem Aluminium hergestellt, um ein H\u00f6chstma\u00df an Stabilit\u00e4t f\u00fcr kreative und angenehme Shootings zu erm\u00f6glichen. Die praktische Handschlaufe sorgt f\u00fcr einen stabilen Halt. Lieferumfang * Alu Stativ DYNASUN MX-3000 * Schnellwechselplatte MQ-3000 * Rei\u00dfverschlu\u00dfstofftasche MC-3000 * Einbeinstativ DynaSun WT1003 * Rei\u00dfverschlu\u00dfstofftasche MC1003<\/p>\n","protected":false},"excerpt":{"rendered":"<p>175cm Foto\/Video Stativ Fotostativ ALU Kamerastativ DynaSun MX3000 3D-Kopf mit Profi Alu Einbeinstativ Stativ Monopod WT1003 171cm GRO\u00dfES STATIV Inkl. Schnellwechselplatte und 2 eingebaute Wasserwaagen F\u00fcr alle g\u00e4ngigen Camcorder und Kameras durch sein 1\/4&#8243; Standartgewinde Beschreibung Stativ MX3000 F\u00fcr gro\u00dfe Menschen und gro\u00dfe Aufgaben ein extra gro\u00dfes Stativ &#8211; nur der Preis ist klein. Das&hellip; <br \/> <a class=\"read-more\" href=\"https:\/\/personalcity.net\/home\/produkt\/kit-stativ-fotostativ-kamerastativ-dynasun-mx3000-175cm-3d-kopf-einbeinstativ-wt1003-171cm-tasche\/\">Weiterlesen<\/a><\/p>\n","protected":false},"featured_media":4967,"comment_status":"open","ping_status":"closed","template":"","meta":[],"product_cat":[218],"product_tag":[],"class_list":{"0":"post-4966","1":"product","2":"type-product","3":"status-publish","4":"has-post-thumbnail","6":"product_cat-elektronik","8":"first","9":"outofstock","10":"shipping-taxable","11":"purchasable","12":"product-type-simple"},"_links":{"self":[{"href":"https:\/\/personalcity.net\/home\/wp-json\/wp\/v2\/product\/4966","targetHints":{"allow":["GET"]}}],"collection":[{"href":"https:\/\/personalcity.net\/home\/wp-json\/wp\/v2\/product"}],"about":[{"href":"https:\/\/personalcity.net\/home\/wp-json\/wp\/v2\/types\/product"}],"replies":[{"embeddable":true,"href":"https:\/\/personalcity.net\/home\/wp-json\/wp\/v2\/comments?post=4966"}],"wp:featuredmedia":[{"embeddable":true,"href":"https:\/\/personalcity.net\/home\/wp-json\/wp\/v2\/media\/4967"}],"wp:attachment":[{"href":"https:\/\/personalcity.net\/home\/wp-json\/wp\/v2\/media?parent=4966"}],"wp:term":[{"taxonomy":"product_cat","embeddable":true,"href":"https:\/\/personalcity.net\/home\/wp-json\/wp\/v2\/product_cat?post=4966"},{"taxonomy":"product_tag","embeddable":true,"href":"https:\/\/personalcity.net\/home\/wp-json\/wp\/v2\/product_tag?post=4966"}],"curies":[{"name":"wp","href":"https:\/\/api.w.org\/{rel}","templated":true}]}}