{"id":4970,"date":"2024-05-24T11:15:18","date_gmt":"2024-05-24T09:15:18","guid":{"rendered":"http:\/\/personalcity.net\/home\/produkt\/170cm-foto-video-stativ-fotostativ-alu-kamerastativ-dynasun-wt360-3d-kopf-etui\/"},"modified":"2025-04-28T15:44:33","modified_gmt":"2025-04-28T13:44:33","slug":"170cm-foto-video-stativ-fotostativ-alu-kamerastativ-dynasun-wt360-3d-kopf-etui","status":"publish","type":"product","link":"https:\/\/personalcity.net\/home\/produkt\/170cm-foto-video-stativ-fotostativ-alu-kamerastativ-dynasun-wt360-3d-kopf-etui\/","title":{"rendered":"170cm Foto\/Video Stativ Fotostativ ALU Kamerastativ DynaSun WT360 3D-Kopf +Etui"},"content":{"rendered":"<p>PROFESSIONAL ULTRAKOMPAKTES STATIV F\u00dcR KAMERAS UND CAMCORDER ORIGINAL DYNASUN WT-360 Inkl. Schnellwechselplatte und 2 eingebaute Wasserwaagen 170 cm GRO\u00dfES STATIV F\u00fcr alle g\u00e4ngigen Camcorder und Kameras durch sein 1\/4&#8243; Standartgewinde nutzbar Beschreibung F\u00fcr gro\u00dfe Menschen und gro\u00dfe Aufgaben ein extragro\u00dfes Stativ &#8211; nur der Preis ist klein. Das universelle DynaSun WT360 mit einer Auszugsh\u00f6he von maximal 170cm besitzt Querstreben, verschiebbare Mittels\u00e4ule und einen 3-Weg Panoramakopf mit Schnellkupplung. Unser Profi Stativ ist f\u00fcr alle g\u00e4ngigen Camcorder und Kameras durch sein 1\/4&#8243; Standartgewinde nutzbar. Dieses Stativ ist \u00fcberall einsetzbar dank seines leichten Gewichts. Die 3-D Panorama Kopf gibt die M\u00f6glichkeit, Photos zu machen f\u00fcr Panorama und Bilder in jede Richtung. Zwei Wasserwaagen auf dem Kopf und auf dem Gestell einen perfekten horizontalen Stand. Mit der Schnellwechselplatte kann man verschiedene Kameras montieren, sekundenschnell. Lieferumfang * Original Alu Stativ DynaSun WT360 * Schnellwechselplatte * Rei\u00dfverschlu\u00dfstofftasche<\/p>\n","protected":false},"excerpt":{"rendered":"<p>PROFESSIONAL ULTRAKOMPAKTES STATIV F\u00dcR KAMERAS UND CAMCORDER ORIGINAL DYNASUN WT-360 Inkl. Schnellwechselplatte und 2 eingebaute Wasserwaagen 170 cm GRO\u00dfES STATIV F\u00fcr alle g\u00e4ngigen Camcorder und Kameras durch sein 1\/4&#8243; Standartgewinde nutzbar Beschreibung F\u00fcr gro\u00dfe Menschen und gro\u00dfe Aufgaben ein extragro\u00dfes Stativ &#8211; nur der Preis ist klein. Das universelle DynaSun WT360 mit einer Auszugsh\u00f6he von&hellip; <br \/> <a class=\"read-more\" href=\"https:\/\/personalcity.net\/home\/produkt\/170cm-foto-video-stativ-fotostativ-alu-kamerastativ-dynasun-wt360-3d-kopf-etui\/\">Weiterlesen<\/a><\/p>\n","protected":false},"featured_media":4971,"comment_status":"open","ping_status":"closed","template":"","meta":[],"product_cat":[218],"product_tag":[],"class_list":{"0":"post-4970","1":"product","2":"type-product","3":"status-publish","4":"has-post-thumbnail","6":"product_cat-elektronik","8":"first","9":"outofstock","10":"shipping-taxable","11":"purchasable","12":"product-type-simple"},"_links":{"self":[{"href":"https:\/\/personalcity.net\/home\/wp-json\/wp\/v2\/product\/4970","targetHints":{"allow":["GET"]}}],"collection":[{"href":"https:\/\/personalcity.net\/home\/wp-json\/wp\/v2\/product"}],"about":[{"href":"https:\/\/personalcity.net\/home\/wp-json\/wp\/v2\/types\/product"}],"replies":[{"embeddable":true,"href":"https:\/\/personalcity.net\/home\/wp-json\/wp\/v2\/comments?post=4970"}],"wp:featuredmedia":[{"embeddable":true,"href":"https:\/\/personalcity.net\/home\/wp-json\/wp\/v2\/media\/4971"}],"wp:attachment":[{"href":"https:\/\/personalcity.net\/home\/wp-json\/wp\/v2\/media?parent=4970"}],"wp:term":[{"taxonomy":"product_cat","embeddable":true,"href":"https:\/\/personalcity.net\/home\/wp-json\/wp\/v2\/product_cat?post=4970"},{"taxonomy":"product_tag","embeddable":true,"href":"https:\/\/personalcity.net\/home\/wp-json\/wp\/v2\/product_tag?post=4970"}],"curies":[{"name":"wp","href":"https:\/\/api.w.org\/{rel}","templated":true}]}}