{"id":4978,"date":"2024-05-24T11:15:19","date_gmt":"2024-05-24T09:15:19","guid":{"rendered":"http:\/\/personalcity.net\/home\/produkt\/auslegearm-auslegestange-professional-dynasun-wt628-4x4-bis-zu-4-koepfe-am-stativ\/"},"modified":"2025-04-28T15:44:33","modified_gmt":"2025-04-28T13:44:33","slug":"auslegearm-auslegestange-professional-dynasun-wt628-4x4-bis-zu-4-koepfe-am-stativ","status":"publish","type":"product","link":"https:\/\/personalcity.net\/home\/produkt\/auslegearm-auslegestange-professional-dynasun-wt628-4x4-bis-zu-4-koepfe-am-stativ\/","title":{"rendered":"Auslegearm Auslegestange Professional DynaSun WT628 4\u00d74 bis zu 4 K\u00f6pfe am Stativ"},"content":{"rendered":"<p>Auslegearm Auslegestange Professionell DynaSun WT628 4&#215;4 bis zu 4 K\u00f6pfe am Stativ mit Rei\u00dfverschlu\u00dfstofftasche Beschreibung Dieser Profi- Auslegearm mit 4 Kamerabefestigungen wurde aus sehr leichten und robusten Materialien gefertigt und kann auf jedem handels\u00fcblichen Stativ montiert werden. F\u00fcr die Montage von bis zu vier Kameras\/Zubeh\u00f6rteilen auf einem Stativ. Der Stativansatz sowie die beiden verstellbaren Anschl\u00fcsse k\u00f6nnen in Abstand und vertikaler Ausrichtung variiert werden. Links und rechts ist zus\u00e4tzlich eine feststehende Schraube vorhanden. Die beiden waagerechten Befestigungsm\u00f6glichkeiten k\u00f6nnen in der horizontalen und in der Neigung frei fixiert werden. Die beiliegende K\u00f6chertasche erlaubt einen bequemen einen sicheren Transport. Technische Daten * Gesamtl\u00e4nge: 61cm * Durchmesser: 30 mm * Gewicht ca. 1760g * Arm hat Stativseitig ein 3\/8&#8243; Gewinde * Befestigung von 2 Kameras im 90\u00b0 Winkel * 2 zus\u00e4tzliche horizontale Kamerabefestigungen * Farbe: schwarz Lieferumfang * Auslegearm DynaSun WT628 * Rei\u00dfverschlu\u00dfstofftasche<\/p>\n","protected":false},"excerpt":{"rendered":"<p>Auslegearm Auslegestange Professionell DynaSun WT628 4&#215;4 bis zu 4 K\u00f6pfe am Stativ mit Rei\u00dfverschlu\u00dfstofftasche Beschreibung Dieser Profi- Auslegearm mit 4 Kamerabefestigungen wurde aus sehr leichten und robusten Materialien gefertigt und kann auf jedem handels\u00fcblichen Stativ montiert werden. F\u00fcr die Montage von bis zu vier Kameras\/Zubeh\u00f6rteilen auf einem Stativ. Der Stativansatz sowie die beiden verstellbaren Anschl\u00fcsse&hellip; <br \/> <a class=\"read-more\" href=\"https:\/\/personalcity.net\/home\/produkt\/auslegearm-auslegestange-professional-dynasun-wt628-4x4-bis-zu-4-koepfe-am-stativ\/\">Weiterlesen<\/a><\/p>\n","protected":false},"featured_media":4979,"comment_status":"open","ping_status":"closed","template":"","meta":[],"product_cat":[218],"product_tag":[],"class_list":{"0":"post-4978","1":"product","2":"type-product","3":"status-publish","4":"has-post-thumbnail","6":"product_cat-elektronik","8":"first","9":"outofstock","10":"shipping-taxable","11":"purchasable","12":"product-type-simple"},"_links":{"self":[{"href":"https:\/\/personalcity.net\/home\/wp-json\/wp\/v2\/product\/4978","targetHints":{"allow":["GET"]}}],"collection":[{"href":"https:\/\/personalcity.net\/home\/wp-json\/wp\/v2\/product"}],"about":[{"href":"https:\/\/personalcity.net\/home\/wp-json\/wp\/v2\/types\/product"}],"replies":[{"embeddable":true,"href":"https:\/\/personalcity.net\/home\/wp-json\/wp\/v2\/comments?post=4978"}],"wp:featuredmedia":[{"embeddable":true,"href":"https:\/\/personalcity.net\/home\/wp-json\/wp\/v2\/media\/4979"}],"wp:attachment":[{"href":"https:\/\/personalcity.net\/home\/wp-json\/wp\/v2\/media?parent=4978"}],"wp:term":[{"taxonomy":"product_cat","embeddable":true,"href":"https:\/\/personalcity.net\/home\/wp-json\/wp\/v2\/product_cat?post=4978"},{"taxonomy":"product_tag","embeddable":true,"href":"https:\/\/personalcity.net\/home\/wp-json\/wp\/v2\/product_tag?post=4978"}],"curies":[{"name":"wp","href":"https:\/\/api.w.org\/{rel}","templated":true}]}}