{"id":4980,"date":"2024-05-24T11:15:21","date_gmt":"2024-05-24T09:15:21","guid":{"rendered":"http:\/\/personalcity.net\/home\/produkt\/profi-stativ-kamera-camcorder-ft530-mit-ball-head\/"},"modified":"2025-04-28T15:44:33","modified_gmt":"2025-04-28T13:44:33","slug":"profi-stativ-kamera-camcorder-ft530-mit-ball-head","status":"publish","type":"product","link":"https:\/\/personalcity.net\/home\/produkt\/profi-stativ-kamera-camcorder-ft530-mit-ball-head\/","title":{"rendered":"PROFI STATIV KAMERA CAMCORDER FT530 mit Ball Head"},"content":{"rendered":"<p>PROFESSIONAL KIT TRAVELLER STATIV DYNASUN FT530T+FT530H Kit komplett mit Ball Head &#038; Quick Release Plate Beschreibung DynaSun FT530 ist extra f\u00fcr die reiselustigen User konzipiert. Es ist gr\u00f6\u00dfer als ein Tisch, aber kleiner als ein Full Size Stativ. Unser DynaSun FT530 ist ein sehr kompaktes Stativ mit 4 Beinen und wiegt nur 1,2 kg. Stativ DynaSun FT530 hat zus\u00e4tzlich noch FT530H all-metal compact ball head mit einer Schnellwechselplatte. Es ist einfach f\u00fcr Ihre Kamera. DynaSun FT530 ist sehr klein, wenn alles zugeklappt ist. Aber wenn man es voll ausgezogen hat, erreicht es eine H\u00f6he von 56.10&#8243; (1425mm). Die Beine k\u00f6nnen Sie auch beliebig einstellen. Sie k\u00f6nnen Ihre Kamera an das untere Ende der mittleren S\u00e4ule befestigen und machen Ihre Macro Photography auch. Lieferumfang * DynaSun FT530T Tripod * DynaSun FT530H Ball Head * Schnellwechselplatte * Stativtragtasche<\/p>\n","protected":false},"excerpt":{"rendered":"<p>PROFESSIONAL KIT TRAVELLER STATIV DYNASUN FT530T+FT530H Kit komplett mit Ball Head &#038; Quick Release Plate Beschreibung DynaSun FT530 ist extra f\u00fcr die reiselustigen User konzipiert. Es ist gr\u00f6\u00dfer als ein Tisch, aber kleiner als ein Full Size Stativ. Unser DynaSun FT530 ist ein sehr kompaktes Stativ mit 4 Beinen und wiegt nur 1,2 kg. Stativ&hellip; <br \/> <a class=\"read-more\" href=\"https:\/\/personalcity.net\/home\/produkt\/profi-stativ-kamera-camcorder-ft530-mit-ball-head\/\">Weiterlesen<\/a><\/p>\n","protected":false},"featured_media":4981,"comment_status":"open","ping_status":"closed","template":"","meta":[],"product_cat":[218],"product_tag":[],"class_list":{"0":"post-4980","1":"product","2":"type-product","3":"status-publish","4":"has-post-thumbnail","6":"product_cat-elektronik","8":"first","9":"outofstock","10":"shipping-taxable","11":"purchasable","12":"product-type-simple"},"_links":{"self":[{"href":"https:\/\/personalcity.net\/home\/wp-json\/wp\/v2\/product\/4980","targetHints":{"allow":["GET"]}}],"collection":[{"href":"https:\/\/personalcity.net\/home\/wp-json\/wp\/v2\/product"}],"about":[{"href":"https:\/\/personalcity.net\/home\/wp-json\/wp\/v2\/types\/product"}],"replies":[{"embeddable":true,"href":"https:\/\/personalcity.net\/home\/wp-json\/wp\/v2\/comments?post=4980"}],"wp:featuredmedia":[{"embeddable":true,"href":"https:\/\/personalcity.net\/home\/wp-json\/wp\/v2\/media\/4981"}],"wp:attachment":[{"href":"https:\/\/personalcity.net\/home\/wp-json\/wp\/v2\/media?parent=4980"}],"wp:term":[{"taxonomy":"product_cat","embeddable":true,"href":"https:\/\/personalcity.net\/home\/wp-json\/wp\/v2\/product_cat?post=4980"},{"taxonomy":"product_tag","embeddable":true,"href":"https:\/\/personalcity.net\/home\/wp-json\/wp\/v2\/product_tag?post=4980"}],"curies":[{"name":"wp","href":"https:\/\/api.w.org\/{rel}","templated":true}]}}