{"id":4982,"date":"2024-05-24T11:15:21","date_gmt":"2024-05-24T09:15:21","guid":{"rendered":"http:\/\/personalcity.net\/home\/produkt\/professionelles-stativ-kamerastativ-videostativ-dynasun-wt-6104-kugelkopf-ball-wt002-fuer-foto-video\/"},"modified":"2025-04-28T15:44:33","modified_gmt":"2025-04-28T13:44:33","slug":"professionelles-stativ-kamerastativ-videostativ-dynasun-wt-6104-kugelkopf-ball-wt002-fuer-foto-video","status":"publish","type":"product","link":"https:\/\/personalcity.net\/home\/produkt\/professionelles-stativ-kamerastativ-videostativ-dynasun-wt-6104-kugelkopf-ball-wt002-fuer-foto-video\/","title":{"rendered":"Professionelles Stativ Kamerastativ Videostativ DynaSun WT-6104 +Kugelkopf Ball WT002 f\u00fcr Foto Video"},"content":{"rendered":"<p>Professionelles Stativ Kamerastativ Videostativ DynaSun WT-6104 mit Kugelkopf Ball WT002 f\u00fcr Foto Video Mittelformatkameras Videokameras H\u00d6HE BIS 1495 mm Inkl. Schnellwechselplatte und Rei\u00dfverschlu\u00dfstofftasche F\u00fcr alle g\u00e4ngigen Camcorder und Kameras durch sein 1\/4&#8243; Standartgewinde nutzbar Beschreibung DynaSun WT6104 Serie Stative bieten genau das, was ein Fotograf auf Reisen bevorzugt: leicht, belastbar und ausreichende Arbeitsh\u00f6he. Es bietet Stabilit\u00e4t, geringes Packmass, hohe Belastbarkeit und eine hochwertige Verarbeitung. Ein Stabilisierungshaken an der Mittels\u00e4ule geh\u00f6rt ebenso zum DynaSun-Standard, wie die K\u00e4lteschutzgriffe und die Transporttasche. Die Gummif\u00fc\u00dfe lassen das Stativ sicher stehen. Das hochwertige Dreibeinstativ von DynaSun bietet trotz seiner kompakten Bauweise sicheren Halt f\u00fcr Ihre Kamera. Es ist in jeder Situation einfach zu handhaben und passt in jede Tasche. Der WT002H Kugelkopf ist sehr leichtg\u00e4ngig. Die Grundfl\u00e4che ist um 360\u00b0 drehbar, ideal f\u00fcr Panoramen. Die Beweglichkeit des Kopfes, l\u00e4sst sich stufenlos anpassen. Der Security Pin verhindert ein versehentliches Abrutschen der Schnellwechselplatte. Dieser hat jetzt eine integrierte Libelle und eine gr\u00f6\u00dfere Schnellwechseleinheit. DynaSun WT6104 Series sind die perfekten Begleiter auf jeder Reise. Sie sind klein, leicht und stabil. Lieferumfang * Professionell Stativ DynaSun WT-6104 * Kugelkopf DynaSun WT-002H * Schnellwechselplatte Dynasun WS-002Plate * Rei\u00dfverschlu\u00dfstofftasche<\/p>\n","protected":false},"excerpt":{"rendered":"<p>Professionelles Stativ Kamerastativ Videostativ DynaSun WT-6104 mit Kugelkopf Ball WT002 f\u00fcr Foto Video Mittelformatkameras Videokameras H\u00d6HE BIS 1495 mm Inkl. Schnellwechselplatte und Rei\u00dfverschlu\u00dfstofftasche F\u00fcr alle g\u00e4ngigen Camcorder und Kameras durch sein 1\/4&#8243; Standartgewinde nutzbar Beschreibung DynaSun WT6104 Serie Stative bieten genau das, was ein Fotograf auf Reisen bevorzugt: leicht, belastbar und ausreichende Arbeitsh\u00f6he. Es bietet&hellip; <br \/> <a class=\"read-more\" href=\"https:\/\/personalcity.net\/home\/produkt\/professionelles-stativ-kamerastativ-videostativ-dynasun-wt-6104-kugelkopf-ball-wt002-fuer-foto-video\/\">Weiterlesen<\/a><\/p>\n","protected":false},"featured_media":4983,"comment_status":"open","ping_status":"closed","template":"","meta":[],"product_cat":[218],"product_tag":[],"class_list":{"0":"post-4982","1":"product","2":"type-product","3":"status-publish","4":"has-post-thumbnail","6":"product_cat-elektronik","8":"first","9":"outofstock","10":"shipping-taxable","11":"purchasable","12":"product-type-simple"},"_links":{"self":[{"href":"https:\/\/personalcity.net\/home\/wp-json\/wp\/v2\/product\/4982","targetHints":{"allow":["GET"]}}],"collection":[{"href":"https:\/\/personalcity.net\/home\/wp-json\/wp\/v2\/product"}],"about":[{"href":"https:\/\/personalcity.net\/home\/wp-json\/wp\/v2\/types\/product"}],"replies":[{"embeddable":true,"href":"https:\/\/personalcity.net\/home\/wp-json\/wp\/v2\/comments?post=4982"}],"wp:featuredmedia":[{"embeddable":true,"href":"https:\/\/personalcity.net\/home\/wp-json\/wp\/v2\/media\/4983"}],"wp:attachment":[{"href":"https:\/\/personalcity.net\/home\/wp-json\/wp\/v2\/media?parent=4982"}],"wp:term":[{"taxonomy":"product_cat","embeddable":true,"href":"https:\/\/personalcity.net\/home\/wp-json\/wp\/v2\/product_cat?post=4982"},{"taxonomy":"product_tag","embeddable":true,"href":"https:\/\/personalcity.net\/home\/wp-json\/wp\/v2\/product_tag?post=4982"}],"curies":[{"name":"wp","href":"https:\/\/api.w.org\/{rel}","templated":true}]}}