{"id":4984,"date":"2024-05-24T11:15:21","date_gmt":"2024-05-24T09:15:21","guid":{"rendered":"http:\/\/personalcity.net\/home\/produkt\/kit-stativ-kamerastativ-videostativ-dynasun-wt6104-kugelkopf-stativwagen-wt600-auslegearm-wt628\/"},"modified":"2025-04-28T15:44:33","modified_gmt":"2025-04-28T13:44:33","slug":"kit-stativ-kamerastativ-videostativ-dynasun-wt6104-kugelkopf-stativwagen-wt600-auslegearm-wt628","status":"publish","type":"product","link":"https:\/\/personalcity.net\/home\/produkt\/kit-stativ-kamerastativ-videostativ-dynasun-wt6104-kugelkopf-stativwagen-wt600-auslegearm-wt628\/","title":{"rendered":"KIT Stativ Kamerastativ Videostativ DynaSun WT6104 +Kugelkopf +Stativwagen WT600 +Auslegearm WT628"},"content":{"rendered":"<p>Kit Professionelles Stativ Kamerastativ DynaSun WT-6104 mit Kugelkopf Ball WT002 Dolly Stativwagen WT600 und Auslegearm WT628 Mittelformatkameras Videokameras H\u00d6HE BIS 1495 mm Inkl. Schnellwechselplatte und Rei\u00dfverschlu\u00dfstofftasche F\u00fcr alle g\u00e4ngigen Camcorder und Kameras durch sein 1\/4&#8243; Standartgewinde nutzbar Beschreibung Pro Stativ WT6104 DynaSun WT6104 Serie Stative bieten genau das, was ein Fotograf auf Reisen bevorzugt: leicht, belastbar und ausreichende Arbeitsh\u00f6he. Es bietet Stabilit\u00e4t, geringes Packmass, hohe Belastbarkeit und eine hochwertige Verarbeitung. Ein Stabilisierungshaken an der Mittels\u00e4ule geh\u00f6rt ebenso zum DynaSun-Standard, wie die K\u00e4lteschutzgriffe und die Transporttasche. Die Gummif\u00fc\u00dfe lassen das Stativ sicher stehen. Der WT002H Kugelkopf ist sehr leichtg\u00e4ngig. Die Grundfl\u00e4che ist um 360\u00b0 drehbar, ideal f\u00fcr Panoramen. Stativwagen WT600 Gerade im Studio ist es oft nervig das Stativ jeder kleinen Modell\u00e4nderung anzupassen. Steht das Stativ allerdings auf einem Dolly, wird es einfach ein St\u00fcck weitergeschoben. Die Stativbeine werden auf dem Stativwagen fixiert. Auslegearm WT628 Dieser Profi- Auslegearm mit 4 Kamerabefestigungen wurde aus sehr leichten und robusten Materialien gefertigt und kann auf jedem handels\u00fcblichen Stativ montiert werden. Lieferumfang * Professionell Stativ DynaSun WT-6104 * Kugelkopf DynaSun WT-002H * Schnellwechselplatte Dynasun WS-002Plate * Rei\u00dfverschlu\u00dfstofftasche f\u00fcr Stativ * Stativwagen Dolly DynaSun WT600 * Rei\u00dfverschlu\u00dfstofftasche f\u00fcr Stativwagen * Auslegearm DynaSun WT628 * Rei\u00dfverschlu\u00dfstofftasche f\u00fcr Auslegearm<\/p>\n","protected":false},"excerpt":{"rendered":"<p>Kit Professionelles Stativ Kamerastativ DynaSun WT-6104 mit Kugelkopf Ball WT002 Dolly Stativwagen WT600 und Auslegearm WT628 Mittelformatkameras Videokameras H\u00d6HE BIS 1495 mm Inkl. Schnellwechselplatte und Rei\u00dfverschlu\u00dfstofftasche F\u00fcr alle g\u00e4ngigen Camcorder und Kameras durch sein 1\/4&#8243; Standartgewinde nutzbar Beschreibung Pro Stativ WT6104 DynaSun WT6104 Serie Stative bieten genau das, was ein Fotograf auf Reisen bevorzugt: leicht,&hellip; <br \/> <a class=\"read-more\" href=\"https:\/\/personalcity.net\/home\/produkt\/kit-stativ-kamerastativ-videostativ-dynasun-wt6104-kugelkopf-stativwagen-wt600-auslegearm-wt628\/\">Weiterlesen<\/a><\/p>\n","protected":false},"featured_media":4985,"comment_status":"open","ping_status":"closed","template":"","meta":[],"product_cat":[218],"product_tag":[],"class_list":{"0":"post-4984","1":"product","2":"type-product","3":"status-publish","4":"has-post-thumbnail","6":"product_cat-elektronik","8":"first","9":"outofstock","10":"shipping-taxable","11":"purchasable","12":"product-type-simple"},"_links":{"self":[{"href":"https:\/\/personalcity.net\/home\/wp-json\/wp\/v2\/product\/4984","targetHints":{"allow":["GET"]}}],"collection":[{"href":"https:\/\/personalcity.net\/home\/wp-json\/wp\/v2\/product"}],"about":[{"href":"https:\/\/personalcity.net\/home\/wp-json\/wp\/v2\/types\/product"}],"replies":[{"embeddable":true,"href":"https:\/\/personalcity.net\/home\/wp-json\/wp\/v2\/comments?post=4984"}],"wp:featuredmedia":[{"embeddable":true,"href":"https:\/\/personalcity.net\/home\/wp-json\/wp\/v2\/media\/4985"}],"wp:attachment":[{"href":"https:\/\/personalcity.net\/home\/wp-json\/wp\/v2\/media?parent=4984"}],"wp:term":[{"taxonomy":"product_cat","embeddable":true,"href":"https:\/\/personalcity.net\/home\/wp-json\/wp\/v2\/product_cat?post=4984"},{"taxonomy":"product_tag","embeddable":true,"href":"https:\/\/personalcity.net\/home\/wp-json\/wp\/v2\/product_tag?post=4984"}],"curies":[{"name":"wp","href":"https:\/\/api.w.org\/{rel}","templated":true}]}}