{"id":4988,"date":"2024-05-24T11:15:22","date_gmt":"2024-05-24T09:15:22","guid":{"rendered":"http:\/\/personalcity.net\/home\/produkt\/kit-stativ-kamerastativ-videostativ-dynasun-wt-666-185cm-3d-kopf-wt010-dolly-stativwagen-wt600\/"},"modified":"2025-04-28T15:44:33","modified_gmt":"2025-04-28T13:44:33","slug":"kit-stativ-kamerastativ-videostativ-dynasun-wt-666-185cm-3d-kopf-wt010-dolly-stativwagen-wt600","status":"publish","type":"product","link":"https:\/\/personalcity.net\/home\/produkt\/kit-stativ-kamerastativ-videostativ-dynasun-wt-666-185cm-3d-kopf-wt010-dolly-stativwagen-wt600\/","title":{"rendered":"KIT Stativ Kamerastativ Videostativ DynaSun WT-666 185cm +3D Kopf WT010 +Dolly Stativwagen WT600"},"content":{"rendered":"<p>185cm Professionelles Stativ Kamerastativ Videostativ DynaSun WT-666 mit 3D-Neiger WT010 und Stativwagen WT600 Mittelformatkameras Videokameras ENORME H\u00d6HE BIS 185 cm Inkl. Schnellwechselplatte und Rei\u00dfverschlu\u00dfstofftasche F\u00fcr alle g\u00e4ngigen Camcorder und Kameras durch sein 1\/4&#8243; Standartgewinde nutzbar Beschreibung Stativ WT666+WT010 Das Stativ DynaSun WT666 ist zum Klassiker geworden. Kaum ein anderes Stativ am Markt bietet so hohe Flexibilit\u00e4t gepaart mit anspruchsvollem Design. In Kombination mit dem WT010H 3-Wege-Kopf bieten wir hiermit eine robuste und zweckm\u00e4\u00dfige Kombination f\u00fcr die Fotografie, bei der Kontrolle \u00fcber die Kamerabewegung im Vordergrund steht. Mit dem WT666 kann der Kopf sowohl knapp \u00fcber dem Boden, als auch in luftiger H\u00f6he von ca. 1,85 m eingesetzt werden, so dass auch gr\u00f6\u00dferen Anwendern \u00fcber 1,75 m K\u00f6rpergr\u00f6\u00dfe ein bequemes Arbeiten m\u00f6glich ist. Dank der ergonomisch optimierten Schnellspanner und den neu designeten Bedienelementen des Kopfes sind schnelle und pr\u00e4zise Ausrichtung der Kamera kein Problem. Das Stativ verf\u00fcgt \u00fcber Schnellverschl\u00fcsse und Moosgummi-K\u00e4lteschutzgriffe. Stativwagen WT600 Gerade im Studio ist es oft nervig das Stativ jeder kleinen Modell\u00e4nderung anzupassen. Steht das Stativ allerdings auf einem Dolly, wird es einfach ein St\u00fcck weitergeschoben. Die Stativbeine werden auf dem Stativwagen fixiert. Ein unverzichtbarer Aluminium-Stativdolly f\u00fcr den professionellen Broadcasteinsatz mit einzeln feststellbaren, sehr ruhig und pr\u00e4zise laufenden Gummir\u00e4dern. Lieferumfang * Professionell Stativ DynaSun WT-666 * 3D Neiger DynaSun WT-010H * Schnellwechselplatte WS-010Plate * Rei\u00dfverschlu\u00dfstofftasche f\u00fcr Stativ * Stativwagen Dolly DynaSun WT600 * Rei\u00dfverschlu\u00dfstofftasche f\u00fcr Stativwagen<\/p>\n","protected":false},"excerpt":{"rendered":"<p>185cm Professionelles Stativ Kamerastativ Videostativ DynaSun WT-666 mit 3D-Neiger WT010 und Stativwagen WT600 Mittelformatkameras Videokameras ENORME H\u00d6HE BIS 185 cm Inkl. Schnellwechselplatte und Rei\u00dfverschlu\u00dfstofftasche F\u00fcr alle g\u00e4ngigen Camcorder und Kameras durch sein 1\/4&#8243; Standartgewinde nutzbar Beschreibung Stativ WT666+WT010 Das Stativ DynaSun WT666 ist zum Klassiker geworden. Kaum ein anderes Stativ am Markt bietet so hohe&hellip; <br \/> <a class=\"read-more\" href=\"https:\/\/personalcity.net\/home\/produkt\/kit-stativ-kamerastativ-videostativ-dynasun-wt-666-185cm-3d-kopf-wt010-dolly-stativwagen-wt600\/\">Weiterlesen<\/a><\/p>\n","protected":false},"featured_media":4989,"comment_status":"open","ping_status":"closed","template":"","meta":[],"product_cat":[218],"product_tag":[],"class_list":{"0":"post-4988","1":"product","2":"type-product","3":"status-publish","4":"has-post-thumbnail","6":"product_cat-elektronik","8":"first","9":"outofstock","10":"shipping-taxable","11":"purchasable","12":"product-type-simple"},"_links":{"self":[{"href":"https:\/\/personalcity.net\/home\/wp-json\/wp\/v2\/product\/4988","targetHints":{"allow":["GET"]}}],"collection":[{"href":"https:\/\/personalcity.net\/home\/wp-json\/wp\/v2\/product"}],"about":[{"href":"https:\/\/personalcity.net\/home\/wp-json\/wp\/v2\/types\/product"}],"replies":[{"embeddable":true,"href":"https:\/\/personalcity.net\/home\/wp-json\/wp\/v2\/comments?post=4988"}],"wp:featuredmedia":[{"embeddable":true,"href":"https:\/\/personalcity.net\/home\/wp-json\/wp\/v2\/media\/4989"}],"wp:attachment":[{"href":"https:\/\/personalcity.net\/home\/wp-json\/wp\/v2\/media?parent=4988"}],"wp:term":[{"taxonomy":"product_cat","embeddable":true,"href":"https:\/\/personalcity.net\/home\/wp-json\/wp\/v2\/product_cat?post=4988"},{"taxonomy":"product_tag","embeddable":true,"href":"https:\/\/personalcity.net\/home\/wp-json\/wp\/v2\/product_tag?post=4988"}],"curies":[{"name":"wp","href":"https:\/\/api.w.org\/{rel}","templated":true}]}}