{"id":4990,"date":"2024-05-24T11:15:24","date_gmt":"2024-05-24T09:15:24","guid":{"rendered":"http:\/\/personalcity.net\/home\/produkt\/dynasun-wt3016-stativ-kamerastativ-videostativ-mit-pistolengriff-kugelgriff-schnellwechselplatte-tasche\/"},"modified":"2025-04-28T15:44:33","modified_gmt":"2025-04-28T13:44:33","slug":"dynasun-wt3016-stativ-kamerastativ-videostativ-mit-pistolengriff-kugelgriff-schnellwechselplatte-tasche","status":"publish","type":"product","link":"https:\/\/personalcity.net\/home\/produkt\/dynasun-wt3016-stativ-kamerastativ-videostativ-mit-pistolengriff-kugelgriff-schnellwechselplatte-tasche\/","title":{"rendered":"DynaSun WT3016 Stativ Kamerastativ Videostativ mit Pistolengriff Kugelgriff Schnellwechselplatte Tasche"},"content":{"rendered":"<p>DynaSun WT3016 Stativ Kamerastativ Videostativ mit Pistolengriff Schnellwechselplatte Tasche F\u00fcr alle g\u00e4ngigen Camcorder und Kameras durch sein 1\/4&#8243; Standard Gewinde nutzbar Beschreibung Das DynaSun Stativ WT3016 steht die Kontrolle \u00fcber die Kamerabewegung im Vordergrund. Kaum ein anderes Stativ am Markt bietet so hohe Flexibilit\u00e4t, gepaart mit anspruchsvollem Design. In Kombination mit dem Pistolengriff bietet hiermit eine robuste und zweckm\u00e4\u00dfige Kombination f\u00fcr die Fotografie. Unser DynaSun Stativ WT3016 hat einen Griff in Form einer Pistole. Dadurch k\u00f6nnen Sie das Stativ superschnell greifen und pr\u00e4zise positionieren. Es wirkt fast wie ein Spielzeug, ganz einfach zu handhaben. Diese einh\u00e4ndigte Bedienung durch den Pistolengriff erleichtert Ihre Aufnahmearbeit. Durch Dr\u00fccken des Griffs l\u00e4sst sich der Stativkopf um 360 Grad horizontal drehen. Beim Loslassen des Griffs sitzt der Kopf wieder sicher fest. DynaSun legt bekanntlich f\u00fcr Sie Wert auf sichere und schnelle Handhabung. Eine Schnellwechselplatte bietet Ihnen die M\u00f6glichkeit, mehrere Kameras kurzfristig zu benutzen. Der Kopf hat einen 1\/4&#8243; Kameraanschluss sowie einen 3\/8&#8243; Stativanschluss. Die Gelenkkugel ist eloxiert. Sie l\u00e4sst sich enorm geschmeidig bewegen, ohne dass Sie sich M\u00fche geben m\u00fcssen. Zus\u00e4tzlich finden Sie an unserem Stativ WT3016 noch eine integrierte Wasserwaage vor. Das DynaSun Stativ WT3016 ist innovativ, modern, kompakt und ideal f\u00fcr Profi Fotos. Dieses Stativ muss unbedingt zu Ihrer Kameraausstattung geh\u00f6ren.<\/p>\n","protected":false},"excerpt":{"rendered":"<p>DynaSun WT3016 Stativ Kamerastativ Videostativ mit Pistolengriff Schnellwechselplatte Tasche F\u00fcr alle g\u00e4ngigen Camcorder und Kameras durch sein 1\/4&#8243; Standard Gewinde nutzbar Beschreibung Das DynaSun Stativ WT3016 steht die Kontrolle \u00fcber die Kamerabewegung im Vordergrund. Kaum ein anderes Stativ am Markt bietet so hohe Flexibilit\u00e4t, gepaart mit anspruchsvollem Design. In Kombination mit dem Pistolengriff bietet hiermit&hellip; <br \/> <a class=\"read-more\" href=\"https:\/\/personalcity.net\/home\/produkt\/dynasun-wt3016-stativ-kamerastativ-videostativ-mit-pistolengriff-kugelgriff-schnellwechselplatte-tasche\/\">Weiterlesen<\/a><\/p>\n","protected":false},"featured_media":4991,"comment_status":"open","ping_status":"closed","template":"","meta":[],"product_cat":[218],"product_tag":[],"class_list":{"0":"post-4990","1":"product","2":"type-product","3":"status-publish","4":"has-post-thumbnail","6":"product_cat-elektronik","8":"first","9":"outofstock","10":"shipping-taxable","11":"purchasable","12":"product-type-simple"},"_links":{"self":[{"href":"https:\/\/personalcity.net\/home\/wp-json\/wp\/v2\/product\/4990","targetHints":{"allow":["GET"]}}],"collection":[{"href":"https:\/\/personalcity.net\/home\/wp-json\/wp\/v2\/product"}],"about":[{"href":"https:\/\/personalcity.net\/home\/wp-json\/wp\/v2\/types\/product"}],"replies":[{"embeddable":true,"href":"https:\/\/personalcity.net\/home\/wp-json\/wp\/v2\/comments?post=4990"}],"wp:featuredmedia":[{"embeddable":true,"href":"https:\/\/personalcity.net\/home\/wp-json\/wp\/v2\/media\/4991"}],"wp:attachment":[{"href":"https:\/\/personalcity.net\/home\/wp-json\/wp\/v2\/media?parent=4990"}],"wp:term":[{"taxonomy":"product_cat","embeddable":true,"href":"https:\/\/personalcity.net\/home\/wp-json\/wp\/v2\/product_cat?post=4990"},{"taxonomy":"product_tag","embeddable":true,"href":"https:\/\/personalcity.net\/home\/wp-json\/wp\/v2\/product_tag?post=4990"}],"curies":[{"name":"wp","href":"https:\/\/api.w.org\/{rel}","templated":true}]}}