{"id":4994,"date":"2024-05-24T11:15:26","date_gmt":"2024-05-24T09:15:26","guid":{"rendered":"http:\/\/personalcity.net\/home\/produkt\/professionelles-videostativ-fluidneiger-dynasun-el9901-foto-video-stativ-mit-fluid-stativkopf-neiger-und-doppel-schwenkarm\/"},"modified":"2025-04-28T15:44:33","modified_gmt":"2025-04-28T13:44:33","slug":"professionelles-videostativ-fluidneiger-dynasun-el9901-foto-video-stativ-mit-fluid-stativkopf-neiger-und-doppel-schwenkarm","status":"publish","type":"product","link":"https:\/\/personalcity.net\/home\/produkt\/professionelles-videostativ-fluidneiger-dynasun-el9901-foto-video-stativ-mit-fluid-stativkopf-neiger-und-doppel-schwenkarm\/","title":{"rendered":"Professionelles Videostativ Fluidneiger DynaSun EL9901 Foto Video Stativ mit Fluid-Stativkopf Neiger und doppel schwenkarm"},"content":{"rendered":"<p>Professionelles Videostativ Fluidneiger DynaSun EL9901 mit Stativwagen Dolly WT600 Foto Video Stativ mit Fluid-Stativkopf Neiger und doppel schwenkarm Beschreibung Unser Profi Video Stativ DynaSun EL9901 ist ein Stativ mit allen m\u00f6glichen Details f\u00fcr die Eins\u00e4tze \u00fcberall. EL9901 l\u00e4sst keinen Wunsch des Photographers offen. DynaSun EL9901 Video Stativ ist robust und stabil dank seines starken Beinprofils. Es kann Kameras \/ Camcorders bis zu 8 Kg tragen. DynaSun EL9901 ist mit 3 stufigem Beinsystem und mit einem Schnellspannsystem ausgestattet. Unser Profi DynaSun EL9901 bietet Ihnen viele M\u00f6glichkeiten f\u00fcr tolle Photographie und Filmung mit seinem attraktiven Preis. EL9901 bietet fast alles, was die anderen Stative mit sich haben. Sie bekommen die Tasche, G\u00fcrtel, Schnellwechselplatte auf einen Schlag. Die Fluid Head erm\u00f6glicht Ihnen eine fl\u00fcssige Bewegung mit Ihrer Videokamera. Unsere Schnellwechselplatte ist verschiebbar und damit k\u00f6nnen Sie die Kamera sicher aufbauen. Zus\u00e4tzlich hat das verschiebbare System noch eine Funktion, dass Sie in jeder Situation die Kamera aufbauen k\u00f6nnen und das Stativ ohne jegliche Unterst\u00fctzung waagerecht steht. Zwei Schrauben von jeweils 3\/8&#8243; und 1\/4&#8243; erlauben Ihnen mit jeder Sorte von Kamera zu arbeiten. 2 Schwenkarme erleichtert Ihre Dreharbeit auch enorm. Unser Profi Video Stativ DynaSun EL9901 kommt mit allen Zubeh\u00f6ren wie Tragtasche, Kopf, 2 Schnellwechselplatten. Die Beine sind aus leichtem Alu, dennoch robust und stabil. Lieferumfang * DynaSun Video Stativ EL9901T * DynaSun Video Head EL9901H * Stativwagen Dolly DynaSun WT600 * 2x Schwenkarme * 2x Platten * Tragtasche De Luxe<\/p>\n","protected":false},"excerpt":{"rendered":"<p>Professionelles Videostativ Fluidneiger DynaSun EL9901 mit Stativwagen Dolly WT600 Foto Video Stativ mit Fluid-Stativkopf Neiger und doppel schwenkarm Beschreibung Unser Profi Video Stativ DynaSun EL9901 ist ein Stativ mit allen m\u00f6glichen Details f\u00fcr die Eins\u00e4tze \u00fcberall. EL9901 l\u00e4sst keinen Wunsch des Photographers offen. DynaSun EL9901 Video Stativ ist robust und stabil dank seines starken Beinprofils.&hellip; <br \/> <a class=\"read-more\" href=\"https:\/\/personalcity.net\/home\/produkt\/professionelles-videostativ-fluidneiger-dynasun-el9901-foto-video-stativ-mit-fluid-stativkopf-neiger-und-doppel-schwenkarm\/\">Weiterlesen<\/a><\/p>\n","protected":false},"featured_media":4995,"comment_status":"open","ping_status":"closed","template":"","meta":[],"product_cat":[218],"product_tag":[],"class_list":{"0":"post-4994","1":"product","2":"type-product","3":"status-publish","4":"has-post-thumbnail","6":"product_cat-elektronik","8":"first","9":"outofstock","10":"shipping-taxable","11":"purchasable","12":"product-type-simple"},"_links":{"self":[{"href":"https:\/\/personalcity.net\/home\/wp-json\/wp\/v2\/product\/4994","targetHints":{"allow":["GET"]}}],"collection":[{"href":"https:\/\/personalcity.net\/home\/wp-json\/wp\/v2\/product"}],"about":[{"href":"https:\/\/personalcity.net\/home\/wp-json\/wp\/v2\/types\/product"}],"replies":[{"embeddable":true,"href":"https:\/\/personalcity.net\/home\/wp-json\/wp\/v2\/comments?post=4994"}],"wp:featuredmedia":[{"embeddable":true,"href":"https:\/\/personalcity.net\/home\/wp-json\/wp\/v2\/media\/4995"}],"wp:attachment":[{"href":"https:\/\/personalcity.net\/home\/wp-json\/wp\/v2\/media?parent=4994"}],"wp:term":[{"taxonomy":"product_cat","embeddable":true,"href":"https:\/\/personalcity.net\/home\/wp-json\/wp\/v2\/product_cat?post=4994"},{"taxonomy":"product_tag","embeddable":true,"href":"https:\/\/personalcity.net\/home\/wp-json\/wp\/v2\/product_tag?post=4994"}],"curies":[{"name":"wp","href":"https:\/\/api.w.org\/{rel}","templated":true}]}}