{"id":4996,"date":"2024-05-24T11:15:28","date_gmt":"2024-05-24T09:15:28","guid":{"rendered":"http:\/\/personalcity.net\/home\/produkt\/dynasun-st650-professionelles-videostativ-fluidneiger-foto-video-stativ-mit-fluid-stativkopf-neiger-und-schwenkarm\/"},"modified":"2025-04-28T15:44:02","modified_gmt":"2025-04-28T13:44:02","slug":"dynasun-st650-professionelles-videostativ-fluidneiger-foto-video-stativ-mit-fluid-stativkopf-neiger-und-schwenkarm","status":"publish","type":"product","link":"https:\/\/personalcity.net\/home\/produkt\/dynasun-st650-professionelles-videostativ-fluidneiger-foto-video-stativ-mit-fluid-stativkopf-neiger-und-schwenkarm\/","title":{"rendered":"DynaSun ST650 Professionelles Videostativ Fluidneiger Foto Video Stativ mit Fluid-Stativkopf Neiger und schwenkarm"},"content":{"rendered":"<p>Professionelles Videostativ Fluidneiger DynaSun ST650 Foto Video Stativ mit Fluid-Stativkopf Neiger und Schwenkarm Beschreibung Unser Profi Video Stativ DynaSun ST650 ist ein Stativ mit viel Zubeh\u00f6r f\u00fcr universellen Einsatz. Das Kit hat Rei\u00dfverschlussstofftasche, Fluid-Kopf, Schnellwechselplatte. Das Stativ ST650 l\u00e4sst keine W\u00fcnsche des Fotografen offen. Es ist robust und stabil dank seiner starken Beine. Der Profi Video Stativ ST650 ist mit einer 3 stufigem Beinsystem und mit einem Schnellspannsystem ausgestattet. Es kann Kameras oder Camcorder bis zu 6 Kg tragen. Die Beine sind aus leichtem Alu, dennoch robust und stabil. Unser Profi Video Stativ DynaSun ST650 bietet Ihnen viele M\u00f6glichkeiten f\u00fcr tolle Fotografien und Filme und das f\u00fcr einen attraktiven Preis. Es bietet fast alles, was andere Stative nicht haben. Sie bekommen eine Tasche und eine Schnellwechselplatte mitgeliefert. Unsere Schnellwechselplatte ist verschiebbar. Zus\u00e4tzlich hat das System noch eine ausricht &#8211; Funktion, mit dem Sie \u00fcberall die Kamera aufbauen k\u00f6nnen und das Stativ steht ohne Unterst\u00fctzung waagerecht. Der Fluid-Kopf erm\u00f6glicht dem Stativ mit Videokamera eine fl\u00fcssige Bewegung.<\/p>\n","protected":false},"excerpt":{"rendered":"<p>Professionelles Videostativ Fluidneiger DynaSun ST650 Foto Video Stativ mit Fluid-Stativkopf Neiger und Schwenkarm Beschreibung Unser Profi Video Stativ DynaSun ST650 ist ein Stativ mit viel Zubeh\u00f6r f\u00fcr universellen Einsatz. Das Kit hat Rei\u00dfverschlussstofftasche, Fluid-Kopf, Schnellwechselplatte. Das Stativ ST650 l\u00e4sst keine W\u00fcnsche des Fotografen offen. Es ist robust und stabil dank seiner starken Beine. Der Profi&hellip; <br \/> <a class=\"read-more\" href=\"https:\/\/personalcity.net\/home\/produkt\/dynasun-st650-professionelles-videostativ-fluidneiger-foto-video-stativ-mit-fluid-stativkopf-neiger-und-schwenkarm\/\">Weiterlesen<\/a><\/p>\n","protected":false},"featured_media":4997,"comment_status":"open","ping_status":"closed","template":"","meta":[],"product_cat":[218],"product_tag":[],"class_list":{"0":"post-4996","1":"product","2":"type-product","3":"status-publish","4":"has-post-thumbnail","6":"product_cat-elektronik","8":"first","9":"outofstock","10":"shipping-taxable","11":"purchasable","12":"product-type-simple"},"_links":{"self":[{"href":"https:\/\/personalcity.net\/home\/wp-json\/wp\/v2\/product\/4996","targetHints":{"allow":["GET"]}}],"collection":[{"href":"https:\/\/personalcity.net\/home\/wp-json\/wp\/v2\/product"}],"about":[{"href":"https:\/\/personalcity.net\/home\/wp-json\/wp\/v2\/types\/product"}],"replies":[{"embeddable":true,"href":"https:\/\/personalcity.net\/home\/wp-json\/wp\/v2\/comments?post=4996"}],"wp:featuredmedia":[{"embeddable":true,"href":"https:\/\/personalcity.net\/home\/wp-json\/wp\/v2\/media\/4997"}],"wp:attachment":[{"href":"https:\/\/personalcity.net\/home\/wp-json\/wp\/v2\/media?parent=4996"}],"wp:term":[{"taxonomy":"product_cat","embeddable":true,"href":"https:\/\/personalcity.net\/home\/wp-json\/wp\/v2\/product_cat?post=4996"},{"taxonomy":"product_tag","embeddable":true,"href":"https:\/\/personalcity.net\/home\/wp-json\/wp\/v2\/product_tag?post=4996"}],"curies":[{"name":"wp","href":"https:\/\/api.w.org\/{rel}","templated":true}]}}