{"id":4998,"date":"2024-05-24T11:15:29","date_gmt":"2024-05-24T09:15:29","guid":{"rendered":"http:\/\/personalcity.net\/home\/produkt\/professionelles-dynasun-foto-video-stativ-wt3907-mit-abnehmbaren-einbeinstativ-integriert-194cm-videostativ-mit-3d-stativkopf-und-schnellwechselplatte\/"},"modified":"2025-04-28T15:44:02","modified_gmt":"2025-04-28T13:44:02","slug":"professionelles-dynasun-foto-video-stativ-wt3907-mit-abnehmbaren-einbeinstativ-integriert-194cm-videostativ-mit-3d-stativkopf-und-schnellwechselplatte","status":"publish","type":"product","link":"https:\/\/personalcity.net\/home\/produkt\/professionelles-dynasun-foto-video-stativ-wt3907-mit-abnehmbaren-einbeinstativ-integriert-194cm-videostativ-mit-3d-stativkopf-und-schnellwechselplatte\/","title":{"rendered":"Professionelles DynaSun Foto Video Stativ WT3907 mit abnehmbaren Einbeinstativ integriert 194cm Videostativ mit 3D Stativkopf und Schnellwechselplatte"},"content":{"rendered":"<p>DynaSun WT3907 194cm Video -serie &#8211; innovativ mit einem zus\u00e4tzlich abnehmbaren Einbeinstativ integriert. Kompakter und einfacher. Der 3D Stativkopf kann kippen, drehen und schwenken. Ihre Arbeit wird durch ein Schnellkupplungs-System erleichtert. Das DynaSun WT3907 194cm Video -serie l\u00e4sst keinen Wunsch von einem Profi- oder Hobbyphotograph offen. Die Qualit\u00e4t ist durch hochwertige Materialien gesichert. \u00dcberzeugen Sie sich selbst von unserm Produkt. Sie werden feststellen, dass die Stativbeine aus hochwertigem Aluminiumprofil sind. Die Mittelstrebung und die schwenkbaren Gummif\u00fc\u00dfe geben Ihnen eine sichere Haltung beim Fotoshooting. Ein- und Ausziehen der Beine sind dank unserem Clipsystem viel leichter geworden. Das integrierte Einbeinstativ ist das Highlight unserer DynaSun WT3907 194cm Video Serie. Es ist einfach zu bedienen und sollte unbedingt zu Ihrem Equipmentrepertoire geh\u00f6ren. Das Easylog-System erlaubt Ihnen die einfache Handhabung. Sie erhalten 2 Stative durch einen Kauf. Ist es nicht toll? Unser Lieferumfang beinhaltet das DynaSun WT3907 194cm, eine Allwetter-Stativtasche plus einem 3D-Wege-Kopf sowie das versprochene Einbeinstativ. Lieferumfang * Kamera -videostativ DynaSun WT3907 194cm * Einbeistativ DynaSun 3907Mon integriert * 3D-Wege-Kopf DynaSun 3907H * Schnellwechselplatte DynaSun 3907QP * Rei\u00dfverschlu\u00dfstofftasche DynaSun 3907Bag<\/p>\n","protected":false},"excerpt":{"rendered":"<p>DynaSun WT3907 194cm Video -serie &#8211; innovativ mit einem zus\u00e4tzlich abnehmbaren Einbeinstativ integriert. Kompakter und einfacher. Der 3D Stativkopf kann kippen, drehen und schwenken. Ihre Arbeit wird durch ein Schnellkupplungs-System erleichtert. Das DynaSun WT3907 194cm Video -serie l\u00e4sst keinen Wunsch von einem Profi- oder Hobbyphotograph offen. Die Qualit\u00e4t ist durch hochwertige Materialien gesichert. \u00dcberzeugen Sie&hellip; <br \/> <a class=\"read-more\" href=\"https:\/\/personalcity.net\/home\/produkt\/professionelles-dynasun-foto-video-stativ-wt3907-mit-abnehmbaren-einbeinstativ-integriert-194cm-videostativ-mit-3d-stativkopf-und-schnellwechselplatte\/\">Weiterlesen<\/a><\/p>\n","protected":false},"featured_media":4999,"comment_status":"open","ping_status":"closed","template":"","meta":[],"product_cat":[218],"product_tag":[],"class_list":{"0":"post-4998","1":"product","2":"type-product","3":"status-publish","4":"has-post-thumbnail","6":"product_cat-elektronik","8":"first","9":"outofstock","10":"shipping-taxable","11":"purchasable","12":"product-type-simple"},"_links":{"self":[{"href":"https:\/\/personalcity.net\/home\/wp-json\/wp\/v2\/product\/4998","targetHints":{"allow":["GET"]}}],"collection":[{"href":"https:\/\/personalcity.net\/home\/wp-json\/wp\/v2\/product"}],"about":[{"href":"https:\/\/personalcity.net\/home\/wp-json\/wp\/v2\/types\/product"}],"replies":[{"embeddable":true,"href":"https:\/\/personalcity.net\/home\/wp-json\/wp\/v2\/comments?post=4998"}],"wp:featuredmedia":[{"embeddable":true,"href":"https:\/\/personalcity.net\/home\/wp-json\/wp\/v2\/media\/4999"}],"wp:attachment":[{"href":"https:\/\/personalcity.net\/home\/wp-json\/wp\/v2\/media?parent=4998"}],"wp:term":[{"taxonomy":"product_cat","embeddable":true,"href":"https:\/\/personalcity.net\/home\/wp-json\/wp\/v2\/product_cat?post=4998"},{"taxonomy":"product_tag","embeddable":true,"href":"https:\/\/personalcity.net\/home\/wp-json\/wp\/v2\/product_tag?post=4998"}],"curies":[{"name":"wp","href":"https:\/\/api.w.org\/{rel}","templated":true}]}}