{"id":5000,"date":"2024-05-24T11:15:30","date_gmt":"2024-05-24T09:15:30","guid":{"rendered":"http:\/\/personalcity.net\/home\/produkt\/querstangenhalterung-fuer-hintergrundsystem-querstange-dynasun-2x-el9312-stangensystem\/"},"modified":"2025-04-28T15:44:02","modified_gmt":"2025-04-28T13:44:02","slug":"querstangenhalterung-fuer-hintergrundsystem-querstange-dynasun-2x-el9312-stangensystem","status":"publish","type":"product","link":"https:\/\/personalcity.net\/home\/produkt\/querstangenhalterung-fuer-hintergrundsystem-querstange-dynasun-2x-el9312-stangensystem\/","title":{"rendered":"Querstangenhalterung f\u00fcr Hintergrundsystem Querstange DynaSun 2x EL9312 Stangensystem"},"content":{"rendered":"<p>Querstangenhalterung f\u00fcr Hintergrundsystem Querstange DynaSun 2x EL9312 Stangensystem Beschreibung DynaSun EL 9312 k\u00f6nnen Sie beliebig nach Wunsch einsetzen, wenn Sie ein mehrfaches Hintergrundsystem aufbauen m\u00f6chten. Sie bauen unsere Halterung auf dem Stativ und befestigen Sie mit der vorhandenen Schraube des Standes die Querstange. Daraufhin k\u00f6nnen Sie die anderen 2 Querstangen separat mit unserer Halterung. DynaSun EL9312 nimmt nur paar Minuten in Anspruch. Sie schaffen den Auf- und Abbau allein, ohne fremde Hilfe. Super easy. Technische Daten * Leichte Handhabung f\u00fcr Papierrollen * Schneller Auf- und Abbau * Ma\u00dfe: 23 x 6cm Lieferumfang * 2x Support DynaSun EL9312<\/p>\n","protected":false},"excerpt":{"rendered":"<p>Querstangenhalterung f\u00fcr Hintergrundsystem Querstange DynaSun 2x EL9312 Stangensystem Beschreibung DynaSun EL 9312 k\u00f6nnen Sie beliebig nach Wunsch einsetzen, wenn Sie ein mehrfaches Hintergrundsystem aufbauen m\u00f6chten. Sie bauen unsere Halterung auf dem Stativ und befestigen Sie mit der vorhandenen Schraube des Standes die Querstange. Daraufhin k\u00f6nnen Sie die anderen 2 Querstangen separat mit unserer Halterung. DynaSun&hellip; <br \/> <a class=\"read-more\" href=\"https:\/\/personalcity.net\/home\/produkt\/querstangenhalterung-fuer-hintergrundsystem-querstange-dynasun-2x-el9312-stangensystem\/\">Weiterlesen<\/a><\/p>\n","protected":false},"featured_media":5001,"comment_status":"open","ping_status":"closed","template":"","meta":[],"product_cat":[218],"product_tag":[],"class_list":{"0":"post-5000","1":"product","2":"type-product","3":"status-publish","4":"has-post-thumbnail","6":"product_cat-elektronik","8":"first","9":"outofstock","10":"shipping-taxable","11":"purchasable","12":"product-type-simple"},"_links":{"self":[{"href":"https:\/\/personalcity.net\/home\/wp-json\/wp\/v2\/product\/5000","targetHints":{"allow":["GET"]}}],"collection":[{"href":"https:\/\/personalcity.net\/home\/wp-json\/wp\/v2\/product"}],"about":[{"href":"https:\/\/personalcity.net\/home\/wp-json\/wp\/v2\/types\/product"}],"replies":[{"embeddable":true,"href":"https:\/\/personalcity.net\/home\/wp-json\/wp\/v2\/comments?post=5000"}],"wp:featuredmedia":[{"embeddable":true,"href":"https:\/\/personalcity.net\/home\/wp-json\/wp\/v2\/media\/5001"}],"wp:attachment":[{"href":"https:\/\/personalcity.net\/home\/wp-json\/wp\/v2\/media?parent=5000"}],"wp:term":[{"taxonomy":"product_cat","embeddable":true,"href":"https:\/\/personalcity.net\/home\/wp-json\/wp\/v2\/product_cat?post=5000"},{"taxonomy":"product_tag","embeddable":true,"href":"https:\/\/personalcity.net\/home\/wp-json\/wp\/v2\/product_tag?post=5000"}],"curies":[{"name":"wp","href":"https:\/\/api.w.org\/{rel}","templated":true}]}}