{"id":5006,"date":"2024-05-24T11:15:32","date_gmt":"2024-05-24T09:15:32","guid":{"rendered":"http:\/\/personalcity.net\/home\/produkt\/dynasun-m11-99-doppelarm-mit-gelenken-aus-3-sektionen-um-lichter-flaggen-blendschirme-feldmonitore-und-kameras\/"},"modified":"2025-04-28T15:44:02","modified_gmt":"2025-04-28T13:44:02","slug":"dynasun-m11-99-doppelarm-mit-gelenken-aus-3-sektionen-um-lichter-flaggen-blendschirme-feldmonitore-und-kameras","status":"publish","type":"product","link":"https:\/\/personalcity.net\/home\/produkt\/dynasun-m11-99-doppelarm-mit-gelenken-aus-3-sektionen-um-lichter-flaggen-blendschirme-feldmonitore-und-kameras\/","title":{"rendered":"DynaSun M11-99 Doppelarm mit Gelenken aus 3 Sektionen, um Lichter, Flaggen, Blendschirme, Feldmonitore und Kameras"},"content":{"rendered":"<p>DynaSun M11-99 Doppelarm mit Gelenken aus 3 Sektionen, um Lichter, Flaggen, Blendschirme, Feldmonitore und Kameras zu halten; f\u00fcr Studio, Foto, Video und Fotografie Beschreibung Der DynaSun M11-99 Doppelarm mit 3 Sektionen ist ein essentieller Teil der Greifausr\u00fcstung. Er h\u00e4lt mit der eingebauten Kameraklammer bei 80 cm L\u00e4nge bis zu 4 kg. Das M11-99 bietet exzellente Leistung, Robustheit, Leichtigkeit und Vielseitigkeit. Selbst mehr Ladung ist m\u00f6glich, wenn der Arm entsprechend auf einer der unendlich vielen Winkelpositionen ausgerichtet ist. Nutzen Sie ihn, um Lichter, Flaggen, Blendschirme, Feldmonitore und Kameras zu positionieren. Der Doppelarm verhindert, dass Ihr Ger\u00e4t unabh\u00e4ngig von Winkel und Drehmoment ins Rotieren ger\u00e4t. Dadurch kann das Doppelte der linearen St\u00e4rke getragen werden, um ungewolltes Verschieben zu verhindern. Jedes Gelenk erlaubt eine 360-Grad-\u00c4nderung des Winkels sowie die befestigte Sektion so nah oder soweit wie m\u00f6glich entlang der L\u00e4nge jedes Armabschnitts zu verschieben. Die Gelenke verf\u00fcgen \u00fcber unser revolution\u00e4res Halbdrehsystem. Sie m\u00fcssen nur den gro\u00dfen, einfach zu drehenden Knopf um eine halbe Drehung drehen, um den Arm vollst\u00e4ndig in seiner Position zu sichern. Die neue Knopfbefestigung erh\u00f6ht die St\u00e4rke und Vielfalt mit einem Zapfen, der sowohl einen hexagonalen Teil als auch eine universelle Adaptersektion kombiniert. Dies gibt Ihnen eine Antirotationsfixierung f\u00fcr das Klammersystem und passt zu einer gro\u00dfen Bandbreite von St\u00e4ndern, Klemmen und Zubeh\u00f6r.<\/p>\n","protected":false},"excerpt":{"rendered":"<p>DynaSun M11-99 Doppelarm mit Gelenken aus 3 Sektionen, um Lichter, Flaggen, Blendschirme, Feldmonitore und Kameras zu halten; f\u00fcr Studio, Foto, Video und Fotografie Beschreibung Der DynaSun M11-99 Doppelarm mit 3 Sektionen ist ein essentieller Teil der Greifausr\u00fcstung. Er h\u00e4lt mit der eingebauten Kameraklammer bei 80 cm L\u00e4nge bis zu 4 kg. Das M11-99 bietet exzellente&hellip; <br \/> <a class=\"read-more\" href=\"https:\/\/personalcity.net\/home\/produkt\/dynasun-m11-99-doppelarm-mit-gelenken-aus-3-sektionen-um-lichter-flaggen-blendschirme-feldmonitore-und-kameras\/\">Weiterlesen<\/a><\/p>\n","protected":false},"featured_media":5007,"comment_status":"open","ping_status":"closed","template":"","meta":[],"product_cat":[218],"product_tag":[],"class_list":{"0":"post-5006","1":"product","2":"type-product","3":"status-publish","4":"has-post-thumbnail","6":"product_cat-elektronik","8":"first","9":"outofstock","10":"shipping-taxable","11":"purchasable","12":"product-type-simple"},"_links":{"self":[{"href":"https:\/\/personalcity.net\/home\/wp-json\/wp\/v2\/product\/5006","targetHints":{"allow":["GET"]}}],"collection":[{"href":"https:\/\/personalcity.net\/home\/wp-json\/wp\/v2\/product"}],"about":[{"href":"https:\/\/personalcity.net\/home\/wp-json\/wp\/v2\/types\/product"}],"replies":[{"embeddable":true,"href":"https:\/\/personalcity.net\/home\/wp-json\/wp\/v2\/comments?post=5006"}],"wp:featuredmedia":[{"embeddable":true,"href":"https:\/\/personalcity.net\/home\/wp-json\/wp\/v2\/media\/5007"}],"wp:attachment":[{"href":"https:\/\/personalcity.net\/home\/wp-json\/wp\/v2\/media?parent=5006"}],"wp:term":[{"taxonomy":"product_cat","embeddable":true,"href":"https:\/\/personalcity.net\/home\/wp-json\/wp\/v2\/product_cat?post=5006"},{"taxonomy":"product_tag","embeddable":true,"href":"https:\/\/personalcity.net\/home\/wp-json\/wp\/v2\/product_tag?post=5006"}],"curies":[{"name":"wp","href":"https:\/\/api.w.org\/{rel}","templated":true}]}}