{"id":5010,"date":"2024-05-24T11:15:34","date_gmt":"2024-05-24T09:15:34","guid":{"rendered":"http:\/\/personalcity.net\/home\/produkt\/set-profi-lampenstativ-dynasun-2x-w807-300m-leuchtenstativ-stativ-mit-spigot-federsystem-und-tasche\/"},"modified":"2025-04-28T15:44:02","modified_gmt":"2025-04-28T13:44:02","slug":"set-profi-lampenstativ-dynasun-2x-w807-300m-leuchtenstativ-stativ-mit-spigot-federsystem-und-tasche","status":"publish","type":"product","link":"https:\/\/personalcity.net\/home\/produkt\/set-profi-lampenstativ-dynasun-2x-w807-300m-leuchtenstativ-stativ-mit-spigot-federsystem-und-tasche\/","title":{"rendered":"Set Profi Lampenstativ DynaSun 2x W807 3,00m Leuchtenstativ Stativ mit Spigot Federsystem und Tasche"},"content":{"rendered":"<p>Kit 2x Lampenstativ DynaSun 2x W807 3,00m Leuchtenstativ Profi Qualit\u00e4t Feder Stativ mit Rei\u00dfverschlu\u00dfstofftasche f\u00fcr Blitze\/Lampen mit Standard Spigot und Federsystem\u00a0 Beschreibung Das sehr stabile Lampenstativ von DynaSun W807 Pro Studio ist f\u00fcr mittelgro\u00dfe und gr\u00f6\u00dfere Blitze und Studio leuchten geeignet. Diese sehr stabilen Lampenstative f\u00fcr den professionellen Fotografen eignen sich auch hervorragend f\u00fcr Studioblitze, Tageslichtlampen, Reflektoren oder andere Ger\u00e4te mit einem Eigengewicht von bis zu 6kg. Das sehr gut verarbeitete Stativ ist mit 2,0 kg portabel und flexibel einsetzbar. Federd\u00e4mpfung sorgt f\u00fcr Sicherheit Ihrer Ger\u00e4te. Mit dem Standard-Spigot Anschluss 5\/8&#8243; ist das DynaSun W807 f\u00fcr alle \u00fcblichen Studio leuchten und Studioblitze geeignet. Technische Daten * Max. H\u00f6he: 300 cm * Min. H\u00f6he: 1100mm * Gewicht: 2,0 kg * Material: Aluminium * Farbe: schwarz * Segmente: 3 * Rohrdurchmesser: 34,5 mm, 31 mm, 25 mm * Anschluss (5\/8&#8243; Spigot, 1\/4&#8243; Gewinde) * Belastbarkeit bis 6 kg * Schnellspannhebel * Vielseitig und Kompakt * Sto\u00dfd\u00e4mpfer in jeder Sektion * Robust, stabil und leicht Lieferumfang * 2 x Lampenstativ DynaSun W807 * 2 x Rei\u00dfverschlu\u00dfstofftasche<\/p>\n","protected":false},"excerpt":{"rendered":"<p>Kit 2x Lampenstativ DynaSun 2x W807 3,00m Leuchtenstativ Profi Qualit\u00e4t Feder Stativ mit Rei\u00dfverschlu\u00dfstofftasche f\u00fcr Blitze\/Lampen mit Standard Spigot und Federsystem\u00a0 Beschreibung Das sehr stabile Lampenstativ von DynaSun W807 Pro Studio ist f\u00fcr mittelgro\u00dfe und gr\u00f6\u00dfere Blitze und Studio leuchten geeignet. Diese sehr stabilen Lampenstative f\u00fcr den professionellen Fotografen eignen sich auch hervorragend f\u00fcr Studioblitze,&hellip; <br \/> <a class=\"read-more\" href=\"https:\/\/personalcity.net\/home\/produkt\/set-profi-lampenstativ-dynasun-2x-w807-300m-leuchtenstativ-stativ-mit-spigot-federsystem-und-tasche\/\">Weiterlesen<\/a><\/p>\n","protected":false},"featured_media":5011,"comment_status":"open","ping_status":"closed","template":"","meta":[],"product_cat":[218],"product_tag":[],"class_list":{"0":"post-5010","1":"product","2":"type-product","3":"status-publish","4":"has-post-thumbnail","6":"product_cat-elektronik","8":"first","9":"outofstock","10":"shipping-taxable","11":"purchasable","12":"product-type-simple"},"_links":{"self":[{"href":"https:\/\/personalcity.net\/home\/wp-json\/wp\/v2\/product\/5010","targetHints":{"allow":["GET"]}}],"collection":[{"href":"https:\/\/personalcity.net\/home\/wp-json\/wp\/v2\/product"}],"about":[{"href":"https:\/\/personalcity.net\/home\/wp-json\/wp\/v2\/types\/product"}],"replies":[{"embeddable":true,"href":"https:\/\/personalcity.net\/home\/wp-json\/wp\/v2\/comments?post=5010"}],"wp:featuredmedia":[{"embeddable":true,"href":"https:\/\/personalcity.net\/home\/wp-json\/wp\/v2\/media\/5011"}],"wp:attachment":[{"href":"https:\/\/personalcity.net\/home\/wp-json\/wp\/v2\/media?parent=5010"}],"wp:term":[{"taxonomy":"product_cat","embeddable":true,"href":"https:\/\/personalcity.net\/home\/wp-json\/wp\/v2\/product_cat?post=5010"},{"taxonomy":"product_tag","embeddable":true,"href":"https:\/\/personalcity.net\/home\/wp-json\/wp\/v2\/product_tag?post=5010"}],"curies":[{"name":"wp","href":"https:\/\/api.w.org\/{rel}","templated":true}]}}