{"id":5012,"date":"2024-05-24T11:15:34","date_gmt":"2024-05-24T09:15:34","guid":{"rendered":"http:\/\/personalcity.net\/home\/produkt\/profi-set-lampenstativ-dynasun-w807-300m-leuchtenstativ-federsystem-stativ-mit-3-stativrollen-sa22a\/"},"modified":"2025-04-28T15:44:02","modified_gmt":"2025-04-28T13:44:02","slug":"profi-set-lampenstativ-dynasun-w807-300m-leuchtenstativ-federsystem-stativ-mit-3-stativrollen-sa22a","status":"publish","type":"product","link":"https:\/\/personalcity.net\/home\/produkt\/profi-set-lampenstativ-dynasun-w807-300m-leuchtenstativ-federsystem-stativ-mit-3-stativrollen-sa22a\/","title":{"rendered":"Profi Set Lampenstativ DynaSun W807 3,00m Leuchtenstativ Federsystem Stativ mit 3 Stativrollen SA22A"},"content":{"rendered":"<p>Lampenstativ DynaSun W807 3,00m Leuchtenstativ Profi Qualit\u00e4t Feder Stativ mit Stativrollen-Set 3x SA22A Lampenstativrollen mit Brems f\u00fcr Blitze\/Lampen mit Standard Spigot und Federsystem +Tasche Beschreibung Stativ W807 Das sehr stabile Lampenstativ von DynaSun W807 Pro Studio ist f\u00fcr mittelgro\u00dfe und gr\u00f6\u00dfere Blitze und Studio leuchten geeignet. Diese sehr stabilen Lampenstative f\u00fcr den professionellen Fotografen eignen sich auch hervorragend f\u00fcr Studioblitze, Tageslichtlampen, Reflektoren oder andere Ger\u00e4te mit einem Eigengewicht von bis zu 6kg. Das sehr gut verarbeitete Stativ ist mit 2,0 kg portabel und flexibel einsetzbar. Federd\u00e4mpfung sorgt f\u00fcr Sicherheit Ihrer Ger\u00e4te. Mit dem Standard-Spigot Anschluss 5\/8&#8243; ist das DynaSun W807 f\u00fcr alle \u00fcblichen Studio leuchten und Studioblitze geeignet. Stativrollen Set 3x SA22A Die Stativrollen Set DynaSun 3x SA22A verhelfen Ihnen zu mehr Mobilit\u00e4t und somit Zeitgewinn im Studio. Sie erleichtern Ihnen Ihre Arbeit bei der Ausrichtung und schnellen Positionierung Ihrer Studioblitzger\u00e4te. Die integrierte Feststellbremse an jeder einzelnen Rolle sorgt f\u00fcr einen sicheren Stand. F\u00fcr Stative mit einem Beindurchmesser von 18-22 mm z. B. DynaSun W957, W807, FS502, FS901 Lieferumfang * Lampenstativ DynaSun W807 * Rei\u00dfverschlu\u00dfstofftasche * Stativrollen-Set DynaSun 3x SA22A<\/p>\n","protected":false},"excerpt":{"rendered":"<p>Lampenstativ DynaSun W807 3,00m Leuchtenstativ Profi Qualit\u00e4t Feder Stativ mit Stativrollen-Set 3x SA22A Lampenstativrollen mit Brems f\u00fcr Blitze\/Lampen mit Standard Spigot und Federsystem +Tasche Beschreibung Stativ W807 Das sehr stabile Lampenstativ von DynaSun W807 Pro Studio ist f\u00fcr mittelgro\u00dfe und gr\u00f6\u00dfere Blitze und Studio leuchten geeignet. Diese sehr stabilen Lampenstative f\u00fcr den professionellen Fotografen eignen&hellip; <br \/> <a class=\"read-more\" href=\"https:\/\/personalcity.net\/home\/produkt\/profi-set-lampenstativ-dynasun-w807-300m-leuchtenstativ-federsystem-stativ-mit-3-stativrollen-sa22a\/\">Weiterlesen<\/a><\/p>\n","protected":false},"featured_media":5013,"comment_status":"open","ping_status":"closed","template":"","meta":[],"product_cat":[218],"product_tag":[],"class_list":{"0":"post-5012","1":"product","2":"type-product","3":"status-publish","4":"has-post-thumbnail","6":"product_cat-elektronik","8":"first","9":"outofstock","10":"shipping-taxable","11":"purchasable","12":"product-type-simple"},"_links":{"self":[{"href":"https:\/\/personalcity.net\/home\/wp-json\/wp\/v2\/product\/5012","targetHints":{"allow":["GET"]}}],"collection":[{"href":"https:\/\/personalcity.net\/home\/wp-json\/wp\/v2\/product"}],"about":[{"href":"https:\/\/personalcity.net\/home\/wp-json\/wp\/v2\/types\/product"}],"replies":[{"embeddable":true,"href":"https:\/\/personalcity.net\/home\/wp-json\/wp\/v2\/comments?post=5012"}],"wp:featuredmedia":[{"embeddable":true,"href":"https:\/\/personalcity.net\/home\/wp-json\/wp\/v2\/media\/5013"}],"wp:attachment":[{"href":"https:\/\/personalcity.net\/home\/wp-json\/wp\/v2\/media?parent=5012"}],"wp:term":[{"taxonomy":"product_cat","embeddable":true,"href":"https:\/\/personalcity.net\/home\/wp-json\/wp\/v2\/product_cat?post=5012"},{"taxonomy":"product_tag","embeddable":true,"href":"https:\/\/personalcity.net\/home\/wp-json\/wp\/v2\/product_tag?post=5012"}],"curies":[{"name":"wp","href":"https:\/\/api.w.org\/{rel}","templated":true}]}}