{"id":5014,"date":"2024-05-24T11:15:34","date_gmt":"2024-05-24T09:15:34","guid":{"rendered":"http:\/\/personalcity.net\/home\/produkt\/profi-lampenstativ-dynasun-w957-256cm-leuchtenstativ-stativ-mit-spigot-federsystem-und-tasche\/"},"modified":"2025-04-28T15:44:02","modified_gmt":"2025-04-28T13:44:02","slug":"profi-lampenstativ-dynasun-w957-256cm-leuchtenstativ-stativ-mit-spigot-federsystem-und-tasche","status":"publish","type":"product","link":"https:\/\/personalcity.net\/home\/produkt\/profi-lampenstativ-dynasun-w957-256cm-leuchtenstativ-stativ-mit-spigot-federsystem-und-tasche\/","title":{"rendered":"Profi Lampenstativ DynaSun W957 256cm Leuchtenstativ Stativ mit Spigot Federsystem und Tasche"},"content":{"rendered":"<p>Lampenstativ DynaSun W957 2,56m Leuchtenstativ Profi Qualit\u00e4t Feder Stativ mit Rei\u00dfverschlu\u00dfstofftasche f\u00fcr Blitze\/Lampen mit Standard Spigot und Federsystem Beschreibung Das sehr stabile Lampenstativ von DynaSun W957 Pro Studio ist f\u00fcr mittelgro\u00dfe und gr\u00f6\u00dfere Blitze und Studio leuchten geeignet. Diese sehr stabilen Lampenstative f\u00fcr den professionellen Fotografen eignen sich auch hervorragend f\u00fcr Studioblitze, Tageslichtlampen, Reflektoren oder andere Ger\u00e4te mit einem Eigengewicht von bis zu 6kg. Das sehr gut verarbeitete Stativ ist, mit weniger als 2,0kg, portabel und flexibel einsetzbar. Federd\u00e4mpfung sorgt f\u00fcr Sicherheit Ihrer Ger\u00e4te. Mit dem Standard-Spigot Anschluss 5\/8&#8243; ist das DynaSun W957 f\u00fcr alle \u00fcblichen Studio leuchten und Studioblitze geeignet. Technische Daten * Max. H\u00f6he: 256cm * Min. H\u00f6he: 95cm * Gewicht: 1850g * Material: Aluminium * Farbe: schwarz * Segmente: 3 * Rohrdurchmesser: 34,5 mm, 31 mm, 25 mm * Anschluss (5\/8&#8243; Spigot, 1\/4&#8243; Gewinde) * Belastbarkeit bis 6 kg * Schnellspannhebel * Vielseitig und Kompakt * Sto\u00dfd\u00e4mpfer in jeder Sektion * Robust, stabil und leicht Lieferumfang * Lampenstativ DynaSun W957 * Rei\u00dfverschlu\u00dfstofftasche<\/p>\n","protected":false},"excerpt":{"rendered":"<p>Lampenstativ DynaSun W957 2,56m Leuchtenstativ Profi Qualit\u00e4t Feder Stativ mit Rei\u00dfverschlu\u00dfstofftasche f\u00fcr Blitze\/Lampen mit Standard Spigot und Federsystem Beschreibung Das sehr stabile Lampenstativ von DynaSun W957 Pro Studio ist f\u00fcr mittelgro\u00dfe und gr\u00f6\u00dfere Blitze und Studio leuchten geeignet. Diese sehr stabilen Lampenstative f\u00fcr den professionellen Fotografen eignen sich auch hervorragend f\u00fcr Studioblitze, Tageslichtlampen, Reflektoren oder&hellip; <br \/> <a class=\"read-more\" href=\"https:\/\/personalcity.net\/home\/produkt\/profi-lampenstativ-dynasun-w957-256cm-leuchtenstativ-stativ-mit-spigot-federsystem-und-tasche\/\">Weiterlesen<\/a><\/p>\n","protected":false},"featured_media":5015,"comment_status":"open","ping_status":"closed","template":"","meta":[],"product_cat":[218],"product_tag":[],"class_list":{"0":"post-5014","1":"product","2":"type-product","3":"status-publish","4":"has-post-thumbnail","6":"product_cat-elektronik","8":"first","9":"outofstock","10":"shipping-taxable","11":"purchasable","12":"product-type-simple"},"_links":{"self":[{"href":"https:\/\/personalcity.net\/home\/wp-json\/wp\/v2\/product\/5014","targetHints":{"allow":["GET"]}}],"collection":[{"href":"https:\/\/personalcity.net\/home\/wp-json\/wp\/v2\/product"}],"about":[{"href":"https:\/\/personalcity.net\/home\/wp-json\/wp\/v2\/types\/product"}],"replies":[{"embeddable":true,"href":"https:\/\/personalcity.net\/home\/wp-json\/wp\/v2\/comments?post=5014"}],"wp:featuredmedia":[{"embeddable":true,"href":"https:\/\/personalcity.net\/home\/wp-json\/wp\/v2\/media\/5015"}],"wp:attachment":[{"href":"https:\/\/personalcity.net\/home\/wp-json\/wp\/v2\/media?parent=5014"}],"wp:term":[{"taxonomy":"product_cat","embeddable":true,"href":"https:\/\/personalcity.net\/home\/wp-json\/wp\/v2\/product_cat?post=5014"},{"taxonomy":"product_tag","embeddable":true,"href":"https:\/\/personalcity.net\/home\/wp-json\/wp\/v2\/product_tag?post=5014"}],"curies":[{"name":"wp","href":"https:\/\/api.w.org\/{rel}","templated":true}]}}