{"id":5020,"date":"2024-05-24T11:15:36","date_gmt":"2024-05-24T09:15:36","guid":{"rendered":"http:\/\/personalcity.net\/home\/produkt\/stativ-fuer-lampen-galgenstativ-boom-mit-gegengewicht-dynasun-fs502-220cm-7kg\/"},"modified":"2025-04-28T15:44:02","modified_gmt":"2025-04-28T13:44:02","slug":"stativ-fuer-lampen-galgenstativ-boom-mit-gegengewicht-dynasun-fs502-220cm-7kg","status":"publish","type":"product","link":"https:\/\/personalcity.net\/home\/produkt\/stativ-fuer-lampen-galgenstativ-boom-mit-gegengewicht-dynasun-fs502-220cm-7kg\/","title":{"rendered":"Stativ f\u00fcr Lampen Galgenstativ Boom mit Gegengewicht DynaSun FS502 220cm 7Kg"},"content":{"rendered":"<p>Stativ f\u00fcr Lampen Galgenstativ Boom mit Gegengewicht DynaSun FS502 220cm 7Kg Kit mit Lampenstativ, Boomarm, Klemme, Sandtasche Beschreibung DynaSun FS502 Boom Stand ist die ideale L\u00f6sung, um Studioger\u00e4te relativ frei zu positionieren. Multifunktional-Lampenstativ, entweder als normales Stativ nutzbar, oder durch herausklappbaren Auslegearm und mitgelieferten Sandsack als Galgenstativ. Der Boomarm hat auf einer Seite einen Spigotanchluss. Am anderen Ende befindet sich ein Ausgleichsgewicht. Die Befestigung an den mitgelieferten Stativ erfolgt \u00fcber die mitgeliefertes Universalklemme. DynaSun FS502 Boom Stand ist auch komplett der Sandtasche f\u00fcr den Gegengewicht. Technische Daten * Sehr robustes Galgenstativ * Belastbar bis 7kg bei niedrigstem Auszug * L\u00e4nge der Auslegers bis 220cm * H\u00f6he Max: 1750 mm * L\u00e4nge Boomarm: 2200 mm * H\u00f6he min: 1200mm * Max. Rohrdurchmesser: 34,5mm * Durch Schnellspannhebel verstellbar * Hohe Standfestigkeit * Mit 5\/8&#8243; Spigotanschluss 1\/4&#8243; Gewinde * Gewicht: ca. 3,5Kg * Material: Aluminium * Farbe: schwarz Lieferumfang * DynaSun FS502 Galgenstativ * Boomarm * Universalklemme * Sandtasche<\/p>\n","protected":false},"excerpt":{"rendered":"<p>Stativ f\u00fcr Lampen Galgenstativ Boom mit Gegengewicht DynaSun FS502 220cm 7Kg Kit mit Lampenstativ, Boomarm, Klemme, Sandtasche Beschreibung DynaSun FS502 Boom Stand ist die ideale L\u00f6sung, um Studioger\u00e4te relativ frei zu positionieren. Multifunktional-Lampenstativ, entweder als normales Stativ nutzbar, oder durch herausklappbaren Auslegearm und mitgelieferten Sandsack als Galgenstativ. Der Boomarm hat auf einer Seite einen Spigotanchluss.&hellip; <br \/> <a class=\"read-more\" href=\"https:\/\/personalcity.net\/home\/produkt\/stativ-fuer-lampen-galgenstativ-boom-mit-gegengewicht-dynasun-fs502-220cm-7kg\/\">Weiterlesen<\/a><\/p>\n","protected":false},"featured_media":5021,"comment_status":"open","ping_status":"closed","template":"","meta":[],"product_cat":[218],"product_tag":[],"class_list":{"0":"post-5020","1":"product","2":"type-product","3":"status-publish","4":"has-post-thumbnail","6":"product_cat-elektronik","8":"first","9":"outofstock","10":"shipping-taxable","11":"purchasable","12":"product-type-simple"},"_links":{"self":[{"href":"https:\/\/personalcity.net\/home\/wp-json\/wp\/v2\/product\/5020","targetHints":{"allow":["GET"]}}],"collection":[{"href":"https:\/\/personalcity.net\/home\/wp-json\/wp\/v2\/product"}],"about":[{"href":"https:\/\/personalcity.net\/home\/wp-json\/wp\/v2\/types\/product"}],"replies":[{"embeddable":true,"href":"https:\/\/personalcity.net\/home\/wp-json\/wp\/v2\/comments?post=5020"}],"wp:featuredmedia":[{"embeddable":true,"href":"https:\/\/personalcity.net\/home\/wp-json\/wp\/v2\/media\/5021"}],"wp:attachment":[{"href":"https:\/\/personalcity.net\/home\/wp-json\/wp\/v2\/media?parent=5020"}],"wp:term":[{"taxonomy":"product_cat","embeddable":true,"href":"https:\/\/personalcity.net\/home\/wp-json\/wp\/v2\/product_cat?post=5020"},{"taxonomy":"product_tag","embeddable":true,"href":"https:\/\/personalcity.net\/home\/wp-json\/wp\/v2\/product_tag?post=5020"}],"curies":[{"name":"wp","href":"https:\/\/api.w.org\/{rel}","templated":true}]}}