{"id":5022,"date":"2024-05-24T11:15:37","date_gmt":"2024-05-24T09:15:37","guid":{"rendered":"http:\/\/personalcity.net\/home\/produkt\/stativ-fuer-lampen-galgenstativ-boom-mit-gegengewicht-dynasun-fs502-220cm-7kg-u-3-stativrollen-sa22a\/"},"modified":"2025-04-28T15:44:02","modified_gmt":"2025-04-28T13:44:02","slug":"stativ-fuer-lampen-galgenstativ-boom-mit-gegengewicht-dynasun-fs502-220cm-7kg-u-3-stativrollen-sa22a","status":"publish","type":"product","link":"https:\/\/personalcity.net\/home\/produkt\/stativ-fuer-lampen-galgenstativ-boom-mit-gegengewicht-dynasun-fs502-220cm-7kg-u-3-stativrollen-sa22a\/","title":{"rendered":"Stativ f\u00fcr Lampen Galgenstativ Boom mit Gegengewicht DynaSun FS502 220cm 7Kg u. 3 Stativrollen SA22A"},"content":{"rendered":"<p>Stativ f\u00fcr Lampen Galgenstativ Boom mit Gegengewicht DynaSun FS502 220cm 7Kg mit Stativrollen-Set 3x SA22A mit Bremse Kit mit Lampenstativ, Boomarm, Klemme, Sandtasche Beschreibung Galgenstativ FS502 DynaSun FS502 Boom Stand ist die ideale L\u00f6sung, um Studioger\u00e4te relativ frei zu positionieren. Multifunktional-Lampenstativ, entweder als normales Stativ nutzbar, oder durch herausklappbaren Auslegearm und mitgelieferten Sandsack als Galgenstativ. Der Boomarm hat auf einer Seite einen Spigotanchluss. Am anderen Ende befindet sich ein Ausgleichsgewicht. Die Befestigung an den mitgelieferten Stativ erfolgt \u00fcber die mitgeliefertes Universalklemme. DynaSun FS502 Boom Stand ist auch komplett der Sandtasche f\u00fcr den Gegengewicht. Stativrollen Set 3x SA22A Die Stativrollen Set DynaSun 3x SA22A verhelfen Ihnen zu mehr Mobilit\u00e4t und somit Zeitgewinn im Studio. Sie erleichtern Ihnen Ihre Arbeit bei der Ausrichtung und schnellen Positionierung Ihrer Studioblitzger\u00e4te. Die integrierte Feststellbremse an jeder einzelnen Rolle sorgt f\u00fcr einen sicheren Stand. F\u00fcr Stative mit einem Beindurchmesser von 18-22 mm z. B. DynaSun W957, W807, FS502, FS901 Lieferumfang * DynaSun FS502 Galgenstativ * Boomarm * Universalklemme * Sandtasche * Stativrollen-Set DynaSun 3x SA22A<\/p>\n","protected":false},"excerpt":{"rendered":"<p>Stativ f\u00fcr Lampen Galgenstativ Boom mit Gegengewicht DynaSun FS502 220cm 7Kg mit Stativrollen-Set 3x SA22A mit Bremse Kit mit Lampenstativ, Boomarm, Klemme, Sandtasche Beschreibung Galgenstativ FS502 DynaSun FS502 Boom Stand ist die ideale L\u00f6sung, um Studioger\u00e4te relativ frei zu positionieren. Multifunktional-Lampenstativ, entweder als normales Stativ nutzbar, oder durch herausklappbaren Auslegearm und mitgelieferten Sandsack als Galgenstativ.&hellip; <br \/> <a class=\"read-more\" href=\"https:\/\/personalcity.net\/home\/produkt\/stativ-fuer-lampen-galgenstativ-boom-mit-gegengewicht-dynasun-fs502-220cm-7kg-u-3-stativrollen-sa22a\/\">Weiterlesen<\/a><\/p>\n","protected":false},"featured_media":5023,"comment_status":"open","ping_status":"closed","template":"","meta":[],"product_cat":[218],"product_tag":[],"class_list":{"0":"post-5022","1":"product","2":"type-product","3":"status-publish","4":"has-post-thumbnail","6":"product_cat-elektronik","8":"first","9":"outofstock","10":"shipping-taxable","11":"purchasable","12":"product-type-simple"},"_links":{"self":[{"href":"https:\/\/personalcity.net\/home\/wp-json\/wp\/v2\/product\/5022","targetHints":{"allow":["GET"]}}],"collection":[{"href":"https:\/\/personalcity.net\/home\/wp-json\/wp\/v2\/product"}],"about":[{"href":"https:\/\/personalcity.net\/home\/wp-json\/wp\/v2\/types\/product"}],"replies":[{"embeddable":true,"href":"https:\/\/personalcity.net\/home\/wp-json\/wp\/v2\/comments?post=5022"}],"wp:featuredmedia":[{"embeddable":true,"href":"https:\/\/personalcity.net\/home\/wp-json\/wp\/v2\/media\/5023"}],"wp:attachment":[{"href":"https:\/\/personalcity.net\/home\/wp-json\/wp\/v2\/media?parent=5022"}],"wp:term":[{"taxonomy":"product_cat","embeddable":true,"href":"https:\/\/personalcity.net\/home\/wp-json\/wp\/v2\/product_cat?post=5022"},{"taxonomy":"product_tag","embeddable":true,"href":"https:\/\/personalcity.net\/home\/wp-json\/wp\/v2\/product_tag?post=5022"}],"curies":[{"name":"wp","href":"https:\/\/api.w.org\/{rel}","templated":true}]}}