{"id":5024,"date":"2024-05-24T11:15:37","date_gmt":"2024-05-24T09:15:37","guid":{"rendered":"http:\/\/personalcity.net\/home\/produkt\/hintergrundsystem-dynasun-st283-4mt-xxl-basic-hintergrund-system-aluminium-mit-reissverschlussstofftasche\/"},"modified":"2025-04-28T15:44:02","modified_gmt":"2025-04-28T13:44:02","slug":"hintergrundsystem-dynasun-st283-4mt-xxl-basic-hintergrund-system-aluminium-mit-reissverschlussstofftasche","status":"publish","type":"product","link":"https:\/\/personalcity.net\/home\/produkt\/hintergrundsystem-dynasun-st283-4mt-xxl-basic-hintergrund-system-aluminium-mit-reissverschlussstofftasche\/","title":{"rendered":"Hintergrundsystem DynaSun ST283 4mt XXL Basic Hintergrund System Aluminium mit Rei\u00dfverschlu\u00dfstofftasche"},"content":{"rendered":"<p>Hintergrundsystem DynaSun ST283 Basic Hintergrund System Aluminium mit Rei\u00dfverschlu\u00dfstofftasche STAND ST283 Basic: L\u00e4nge 4,00mt mit Tragtasche Beschreibung Unser DynaSun ST283 ist ein Hintergrundstativ f\u00fcr Papier- oder Stoffhintergrund mit einer praktischen Tragtasche. Die H\u00f6he des Stativ l\u00e4sst sich einfach und pr\u00e4zise einstellen. Dieses Hintergrundsystem besteht aus 2 Stativen, die bis ca. 2,20m H\u00f6he ausgezogen werden k\u00f6nnen und am Kopf der Stative kann man die Querstange f\u00fcr den Hintergrund einsetzten. Durch Teleskopstangen l\u00e4sst sich die Systembreite ganz einfach einstellen. Somit hat man ein variables Hintergrundhaltesystem mit einem Innenma\u00df von 2,00m bis 4,00m Technische Daten * Maximale L\u00e4nge der Querstange: 400 cm * Minimale H\u00f6he: 85 cm * Maximale H\u00f6he: 220 cm * Max. Rohrdurchmesser: 23mm * F\u00fcr Papier- oder Stoffhintergrund geeignet Lieferumfang * 2x Stative DynaSun ST283 Stand Basic * Querstange DynaSun ST283 * Rei\u00dfverschlu\u00dfstofftasche<\/p>\n","protected":false},"excerpt":{"rendered":"<p>Hintergrundsystem DynaSun ST283 Basic Hintergrund System Aluminium mit Rei\u00dfverschlu\u00dfstofftasche STAND ST283 Basic: L\u00e4nge 4,00mt mit Tragtasche Beschreibung Unser DynaSun ST283 ist ein Hintergrundstativ f\u00fcr Papier- oder Stoffhintergrund mit einer praktischen Tragtasche. Die H\u00f6he des Stativ l\u00e4sst sich einfach und pr\u00e4zise einstellen. Dieses Hintergrundsystem besteht aus 2 Stativen, die bis ca. 2,20m H\u00f6he ausgezogen werden k\u00f6nnen&hellip; <br \/> <a class=\"read-more\" href=\"https:\/\/personalcity.net\/home\/produkt\/hintergrundsystem-dynasun-st283-4mt-xxl-basic-hintergrund-system-aluminium-mit-reissverschlussstofftasche\/\">Weiterlesen<\/a><\/p>\n","protected":false},"featured_media":5025,"comment_status":"open","ping_status":"closed","template":"","meta":[],"product_cat":[218],"product_tag":[],"class_list":{"0":"post-5024","1":"product","2":"type-product","3":"status-publish","4":"has-post-thumbnail","6":"product_cat-elektronik","8":"first","9":"outofstock","10":"shipping-taxable","11":"purchasable","12":"product-type-simple"},"_links":{"self":[{"href":"https:\/\/personalcity.net\/home\/wp-json\/wp\/v2\/product\/5024","targetHints":{"allow":["GET"]}}],"collection":[{"href":"https:\/\/personalcity.net\/home\/wp-json\/wp\/v2\/product"}],"about":[{"href":"https:\/\/personalcity.net\/home\/wp-json\/wp\/v2\/types\/product"}],"replies":[{"embeddable":true,"href":"https:\/\/personalcity.net\/home\/wp-json\/wp\/v2\/comments?post=5024"}],"wp:featuredmedia":[{"embeddable":true,"href":"https:\/\/personalcity.net\/home\/wp-json\/wp\/v2\/media\/5025"}],"wp:attachment":[{"href":"https:\/\/personalcity.net\/home\/wp-json\/wp\/v2\/media?parent=5024"}],"wp:term":[{"taxonomy":"product_cat","embeddable":true,"href":"https:\/\/personalcity.net\/home\/wp-json\/wp\/v2\/product_cat?post=5024"},{"taxonomy":"product_tag","embeddable":true,"href":"https:\/\/personalcity.net\/home\/wp-json\/wp\/v2\/product_tag?post=5024"}],"curies":[{"name":"wp","href":"https:\/\/api.w.org\/{rel}","templated":true}]}}